{"id":3143,"date":"2022-01-02T07:43:17","date_gmt":"2022-01-02T07:43:17","guid":{"rendered":"https:\/\/matikali.com\/?page_id=3143"},"modified":"2023-05-27T22:27:44","modified_gmt":"2023-05-28T04:27:44","slug":"lapo","status":"publish","type":"page","link":"https:\/\/matikali.com\/es\/lapo\/","title":{"rendered":"LAPO"},"content":{"rendered":"<style>.elementor-3143 .elementor-element.elementor-element-7350fb3 > .elementor-container{max-width:1211px;}.elementor-3143 .elementor-element.elementor-element-7350fb3 > .elementor-container > .elementor-column > .elementor-widget-wrap{align-content:center;align-items:center;}.elementor-3143 .elementor-element.elementor-element-7350fb3{padding:50px 0px 50px 0px;}.elementor-3143 .elementor-element.elementor-element-8baa4b0 > .elementor-element-populated{padding:0px 50px 0px 030px;}.elementor-widget-image .widget-image-caption{color:var( --e-global-color-text );font-family:var( --e-global-typography-text-font-family ), Sans-serif;font-size:var( --e-global-typography-text-font-size );font-weight:var( --e-global-typography-text-font-weight );text-transform:var( --e-global-typography-text-text-transform );font-style:var( --e-global-typography-text-font-style );text-decoration:var( --e-global-typography-text-text-decoration );line-height:var( --e-global-typography-text-line-height );}.elementor-widget-text-editor{font-family:var( --e-global-typography-text-font-family ), Sans-serif;font-size:var( --e-global-typography-text-font-size );font-weight:var( --e-global-typography-text-font-weight );text-transform:var( --e-global-typography-text-text-transform );font-style:var( --e-global-typography-text-font-style );text-decoration:var( --e-global-typography-text-text-decoration );line-height:var( --e-global-typography-text-line-height );color:var( --e-global-color-text );}.elementor-widget-text-editor.elementor-drop-cap-view-stacked .elementor-drop-cap{background-color:var( --e-global-color-primary );}.elementor-widget-text-editor.elementor-drop-cap-view-framed .elementor-drop-cap, .elementor-widget-text-editor.elementor-drop-cap-view-default .elementor-drop-cap{color:var( --e-global-color-primary );border-color:var( --e-global-color-primary );}.elementor-3143 .elementor-element.elementor-element-96a0793{font-family:\"Sora\", Sans-serif;font-size:36px;font-weight:400;text-transform:none;font-style:normal;text-decoration:none;line-height:1.5em;letter-spacing:-1px;color:#060606;}.elementor-3143 .elementor-element.elementor-element-a783c37{font-family:\"Fahkwang\", Sans-serif;font-size:21px;font-weight:400;line-height:1.7em;color:#000000;}.elementor-3143 .elementor-element.elementor-element-a783c37 > .elementor-widget-container{padding:30px 0px 30px 0px;}.elementor-widget-icon-list .elementor-icon-list-item:not(:last-child):after{border-color:var( --e-global-color-text );}.elementor-widget-icon-list .elementor-icon-list-icon i{color:var( --e-global-color-primary );}.elementor-widget-icon-list .elementor-icon-list-icon svg{fill:var( --e-global-color-primary );}.elementor-widget-icon-list .elementor-icon-list-item > .elementor-icon-list-text, .elementor-widget-icon-list .elementor-icon-list-item > a{font-family:var( --e-global-typography-text-font-family ), Sans-serif;font-size:var( --e-global-typography-text-font-size );font-weight:var( --e-global-typography-text-font-weight );text-transform:var( --e-global-typography-text-text-transform );font-style:var( --e-global-typography-text-font-style );text-decoration:var( --e-global-typography-text-text-decoration );line-height:var( --e-global-typography-text-line-height );}.elementor-widget-icon-list .elementor-icon-list-text{color:var( --e-global-color-secondary );}.elementor-3143 .elementor-element.elementor-element-a5c6592 .elementor-icon-list-icon i{color:#C08647;transition:color 0.3s;}.elementor-3143 .elementor-element.elementor-element-a5c6592 .elementor-icon-list-icon svg{fill:#C08647;transition:fill 0.3s;}.elementor-3143 .elementor-element.elementor-element-a5c6592{--e-icon-list-icon-size:26px;--icon-vertical-offset:0px;}.elementor-3143 .elementor-element.elementor-element-a5c6592 .elementor-icon-list-icon{padding-inline-end:6px;}.elementor-3143 .elementor-element.elementor-element-a5c6592 .elementor-icon-list-item > .elementor-icon-list-text, .elementor-3143 .elementor-element.elementor-element-a5c6592 .elementor-icon-list-item > a{font-family:\"Fahkwang\", Sans-serif;font-size:22px;font-weight:400;line-height:3.1em;}.elementor-3143 .elementor-element.elementor-element-a5c6592 .elementor-icon-list-text{color:#050505;transition:color 0.3s;}.elementor-3143 .elementor-element.elementor-element-023656b > .elementor-container > .elementor-column > .elementor-widget-wrap{align-content:center;align-items:center;}.elementor-3143 .elementor-element.elementor-element-023656b{padding:0px 0px 0px 0px;}.elementor-bc-flex-widget .elementor-3143 .elementor-element.elementor-element-608054e.elementor-column .elementor-widget-wrap{align-items:center;}.elementor-3143 .elementor-element.elementor-element-608054e.elementor-column.elementor-element[data-element_type=\"column\"] > .elementor-widget-wrap.elementor-element-populated{align-content:center;align-items:center;}.elementor-3143 .elementor-element.elementor-element-608054e > .elementor-widget-wrap > .elementor-widget:not(.elementor-widget__width-auto):not(.elementor-widget__width-initial):not(:last-child):not(.elementor-absolute){margin-block-end:0px;}.elementor-3143 .elementor-element.elementor-element-50f24d5 img{width:100%;}.elementor-bc-flex-widget .elementor-3143 .elementor-element.elementor-element-8c1c5aa.elementor-column .elementor-widget-wrap{align-items:center;}.elementor-3143 .elementor-element.elementor-element-8c1c5aa.elementor-column.elementor-element[data-element_type=\"column\"] > .elementor-widget-wrap.elementor-element-populated{align-content:center;align-items:center;}.elementor-3143 .elementor-element.elementor-element-8c1c5aa > .elementor-widget-wrap > .elementor-widget:not(.elementor-widget__width-auto):not(.elementor-widget__width-initial):not(:last-child):not(.elementor-absolute){margin-block-end:0px;}.elementor-3143 .elementor-element.elementor-element-c1382a4 img{width:100%;}.elementor-3143 .elementor-element.elementor-element-b3ebf9c{padding:30px 0px 30px 0px;}.elementor-widget-button .elementor-button{font-family:var( --e-global-typography-accent-font-family ), Sans-serif;font-size:var( --e-global-typography-accent-font-size );font-weight:var( --e-global-typography-accent-font-weight );text-transform:var( --e-global-typography-accent-text-transform );font-style:var( --e-global-typography-accent-font-style );text-decoration:var( --e-global-typography-accent-text-decoration );line-height:var( --e-global-typography-accent-line-height );background-color:var( --e-global-color-accent );}.elementor-3143 .elementor-element.elementor-element-1639b03 .elementor-button{font-family:\"Sora\", Sans-serif;font-size:36px;font-weight:500;letter-spacing:-0.1px;fill:#000000;color:#000000;background-color:#61CE7000;}@media(max-width:1024px) and (min-width:768px){.elementor-3143 .elementor-element.elementor-element-8baa4b0{width:100%;}.elementor-3143 .elementor-element.elementor-element-8c23149{width:100%;}}@media(max-width:1366px){.elementor-3143 .elementor-element.elementor-element-7350fb3{padding:40px 0px 40px 0px;}.elementor-widget-image .widget-image-caption{font-size:var( --e-global-typography-text-font-size );line-height:var( --e-global-typography-text-line-height );}.elementor-3143 .elementor-element.elementor-element-8c23149 > .elementor-element-populated{padding:0px 50px 0px 0px;}.elementor-widget-text-editor{font-size:var( --e-global-typography-text-font-size );line-height:var( --e-global-typography-text-line-height );}.elementor-widget-icon-list .elementor-icon-list-item > .elementor-icon-list-text, .elementor-widget-icon-list .elementor-icon-list-item > a{font-size:var( --e-global-typography-text-font-size );line-height:var( --e-global-typography-text-line-height );}.elementor-widget-button .elementor-button{font-size:var( --e-global-typography-accent-font-size );line-height:var( --e-global-typography-accent-line-height );}}@media(max-width:1024px){.elementor-3143 .elementor-element.elementor-element-7350fb3{padding:0% 10% 0% 10%;}.elementor-3143 .elementor-element.elementor-element-8baa4b0 > .elementor-element-populated{padding:0px 0px 0px 0px;}.elementor-widget-image .widget-image-caption{font-size:var( --e-global-typography-text-font-size );line-height:var( --e-global-typography-text-line-height );}.elementor-3143 .elementor-element.elementor-element-b36e053 img{width:100%;}.elementor-widget-text-editor{font-size:var( --e-global-typography-text-font-size );line-height:var( --e-global-typography-text-line-height );}.elementor-3143 .elementor-element.elementor-element-96a0793{font-size:42px;line-height:1.2em;letter-spacing:0px;}.elementor-widget-icon-list .elementor-icon-list-item > .elementor-icon-list-text, .elementor-widget-icon-list .elementor-icon-list-item > a{font-size:var( --e-global-typography-text-font-size );line-height:var( --e-global-typography-text-line-height );}.elementor-widget-button .elementor-button{font-size:var( --e-global-typography-accent-font-size );line-height:var( --e-global-typography-accent-line-height );}}@media(max-width:767px){.elementor-3143 .elementor-element.elementor-element-7350fb3{padding:0px 0px 0px 0px;}.elementor-3143 .elementor-element.elementor-element-8baa4b0 > .elementor-element-populated{padding:0px 0px 0px 0px;}.elementor-widget-image .widget-image-caption{font-size:var( --e-global-typography-text-font-size );line-height:var( --e-global-typography-text-line-height );}.elementor-3143 .elementor-element.elementor-element-8c23149 > .elementor-element-populated{padding:0px 35px 0px 35px;}.elementor-widget-text-editor{font-size:var( --e-global-typography-text-font-size );line-height:var( --e-global-typography-text-line-height );}.elementor-3143 .elementor-element.elementor-element-96a0793{font-size:36px;line-height:1.5em;letter-spacing:0px;}.elementor-3143 .elementor-element.elementor-element-96a0793 > .elementor-widget-container{padding:27px 0px 0px 0px;}.elementor-3143 .elementor-element.elementor-element-a783c37{line-height:1.5em;}.elementor-3143 .elementor-element.elementor-element-a783c37 > .elementor-widget-container{padding:30px 0px 30px 0px;}.elementor-widget-icon-list .elementor-icon-list-item > .elementor-icon-list-text, .elementor-widget-icon-list .elementor-icon-list-item > a{font-size:var( --e-global-typography-text-font-size );line-height:var( --e-global-typography-text-line-height );}.elementor-3143 .elementor-element.elementor-element-a5c6592 .elementor-icon-list-item > .elementor-icon-list-text, .elementor-3143 .elementor-element.elementor-element-a5c6592 .elementor-icon-list-item > a{line-height:1.5em;}.elementor-3143 .elementor-element.elementor-element-a5c6592 > .elementor-widget-container{padding:0px 0px 50px 0px;}.elementor-3143 .elementor-element.elementor-element-023656b{padding:0px 0px 0px 0px;}.elementor-3143 .elementor-element.elementor-element-b3ebf9c{padding:0px 0px 10px 0px;}.elementor-widget-button .elementor-button{font-size:var( --e-global-typography-accent-font-size );line-height:var( --e-global-typography-accent-line-height );}}<\/style>\t\t<div data-elementor-type=\"wp-page\" data-elementor-id=\"3143\" class=\"elementor elementor-3143\" data-elementor-settings=\"{&quot;ha_cmc_init_switcher&quot;:&quot;no&quot;}\" data-elementor-post-type=\"page\">\n\t\t\t\t\t\t<section class=\"elementor-section elementor-top-section elementor-element elementor-element-7350fb3 elementor-section-content-middle elementor-reverse-tablet elementor-reverse-mobile elementor-section-boxed elementor-section-height-default elementor-section-height-default\" data-id=\"7350fb3\" data-element_type=\"section\" data-e-type=\"section\" data-settings=\"{&quot;_ha_eqh_enable&quot;:false}\">\n\t\t\t\t\t\t<div class=\"elementor-container elementor-column-gap-no\">\n\t\t\t\t\t<div class=\"elementor-column elementor-col-50 elementor-top-column elementor-element elementor-element-8baa4b0\" data-id=\"8baa4b0\" data-element_type=\"column\" data-e-type=\"column\">\n\t\t\t<div class=\"elementor-widget-wrap elementor-element-populated\">\n\t\t\t\t\t\t<div class=\"elementor-element elementor-element-b36e053 elementor-widget elementor-widget-image\" data-id=\"b36e053\" data-element_type=\"widget\" data-e-type=\"widget\" data-widget_type=\"image.default\">\n\t\t\t\t<div class=\"elementor-widget-container\">\n\t\t\t\t\t\t\t\t\t\t\t\t\t\t\t<img fetchpriority=\"high\" decoding=\"async\" width=\"600\" height=\"497\" src=\"https:\/\/matikali.com\/wp-content\/uploads\/2021\/12\/lapo-01-1.jpg\" class=\"attachment-large size-large wp-image-2415\" alt=\"Servicios de BRANDING y dise\u00f1o de empaque para LAPO por Matikali Estudio Creativo\" srcset=\"https:\/\/matikali.com\/wp-content\/uploads\/2021\/12\/lapo-01-1.jpg 600w, https:\/\/matikali.com\/wp-content\/uploads\/2021\/12\/lapo-01-1-300x249.jpg 300w\" sizes=\"(max-width: 600px) 100vw, 600px\" \/>\t\t\t\t\t\t\t\t\t\t\t\t\t\t\t<\/div>\n\t\t\t\t<\/div>\n\t\t\t\t\t<\/div>\n\t\t<\/div>\n\t\t\t\t<div class=\"elementor-column elementor-col-50 elementor-top-column elementor-element elementor-element-8c23149\" data-id=\"8c23149\" data-element_type=\"column\" data-e-type=\"column\">\n\t\t\t<div class=\"elementor-widget-wrap elementor-element-populated\">\n\t\t\t\t\t\t<div class=\"elementor-element elementor-element-96a0793 elementor-invisible elementor-widget elementor-widget-text-editor\" data-id=\"96a0793\" data-element_type=\"widget\" data-e-type=\"widget\" data-settings=\"{&quot;_animation&quot;:&quot;zoomIn&quot;}\" data-widget_type=\"text-editor.default\">\n\t\t\t\t<div class=\"elementor-widget-container\">\n\t\t\t\t\t\t\t\t\t<p>LAPO<\/p>\t\t\t\t\t\t\t\t<\/div>\n\t\t\t\t<\/div>\n\t\t\t\t<div class=\"elementor-element elementor-element-a783c37 elementor-invisible elementor-widget elementor-widget-text-editor\" data-id=\"a783c37\" data-element_type=\"widget\" data-e-type=\"widget\" data-settings=\"{&quot;_animation&quot;:&quot;slideInUp&quot;}\" data-widget_type=\"text-editor.default\">\n\t\t\t\t<div class=\"elementor-widget-container\">\n\t\t\t\t\t\t\t\t\t<p>LAPO es una marca ecuatoriana de moda sostenible\u00a0<br \/><br \/>Quisimos representar a la naturaleza en la paleta de color, ya que es la meter\u00eda prima de esta marca.<br \/><br \/>La flor representa a los pigmentos, puesto que casi todas las prendas son te\u00f1idas con florecitas y claro otros recursos naturales.<\/p>\t\t\t\t\t\t\t\t<\/div>\n\t\t\t\t<\/div>\n\t\t\t\t<div class=\"elementor-element elementor-element-a5c6592 elementor-icon-list--layout-traditional elementor-list-item-link-full_width elementor-widget elementor-widget-icon-list\" data-id=\"a5c6592\" data-element_type=\"widget\" data-e-type=\"widget\" data-widget_type=\"icon-list.default\">\n\t\t\t\t<div class=\"elementor-widget-container\">\n\t\t\t\t\t\t\t<ul class=\"elementor-icon-list-items\">\n\t\t\t\t\t\t\t<li class=\"elementor-icon-list-item\">\n\t\t\t\t\t\t\t\t\t\t\t<span class=\"elementor-icon-list-icon\">\n\t\t\t\t\t\t\t<i aria-hidden=\"true\" class=\"fas fa-clock\"><\/i>\t\t\t\t\t\t<\/span>\n\t\t\t\t\t\t\t\t\t\t<span class=\"elementor-icon-list-text\">Noviembre 2021<\/span>\n\t\t\t\t\t\t\t\t\t<\/li>\n\t\t\t\t\t\t<\/ul>\n\t\t\t\t\t\t<\/div>\n\t\t\t\t<\/div>\n\t\t\t\t\t<\/div>\n\t\t<\/div>\n\t\t\t\t\t<\/div>\n\t\t<\/section>\n\t\t\t\t<section class=\"elementor-section elementor-top-section elementor-element elementor-element-023656b elementor-section-content-middle elementor-section-full_width elementor-section-height-default elementor-section-height-default\" data-id=\"023656b\" data-element_type=\"section\" data-e-type=\"section\">\n\t\t\t\t\t\t<div class=\"elementor-container elementor-column-gap-no\">\n\t\t\t\t\t<div class=\"elementor-column elementor-col-100 elementor-top-column elementor-element elementor-element-259f381\" data-id=\"259f381\" data-element_type=\"column\" data-e-type=\"column\">\n\t\t\t<div class=\"elementor-widget-wrap elementor-element-populated\">\n\t\t\t\t\t\t<div class=\"elementor-element elementor-element-6e0abb8 elementor-widget elementor-widget-image\" data-id=\"6e0abb8\" data-element_type=\"widget\" data-e-type=\"widget\" data-widget_type=\"image.default\">\n\t\t\t\t<div class=\"elementor-widget-container\">\n\t\t\t\t\t\t\t\t\t\t\t\t\t\t\t<img decoding=\"async\" width=\"2504\" height=\"1228\" data-src=\"https:\/\/matikali.com\/wp-content\/uploads\/2022\/01\/Lapo-variantes-logo.jpg\" class=\"attachment-full size-full wp-image-3148 lazyload\" alt=\"Branding, patron de dise\u00f1o para la marca ecuatoriana LAPO\" data-srcset=\"https:\/\/matikali.com\/wp-content\/uploads\/2022\/01\/Lapo-variantes-logo.jpg 2504w, https:\/\/matikali.com\/wp-content\/uploads\/2022\/01\/Lapo-variantes-logo-1000x490.jpg 1000w, https:\/\/matikali.com\/wp-content\/uploads\/2022\/01\/Lapo-variantes-logo-300x147.jpg 300w, https:\/\/matikali.com\/wp-content\/uploads\/2022\/01\/Lapo-variantes-logo-1024x502.jpg 1024w, https:\/\/matikali.com\/wp-content\/uploads\/2022\/01\/Lapo-variantes-logo-768x377.jpg 768w, https:\/\/matikali.com\/wp-content\/uploads\/2022\/01\/Lapo-variantes-logo-1536x753.jpg 1536w, https:\/\/matikali.com\/wp-content\/uploads\/2022\/01\/Lapo-variantes-logo-2048x1004.jpg 2048w\" data-sizes=\"(max-width: 2504px) 100vw, 2504px\" src=\"data:image\/svg+xml;base64,PHN2ZyB3aWR0aD0iMSIgaGVpZ2h0PSIxIiB4bWxucz0iaHR0cDovL3d3dy53My5vcmcvMjAwMC9zdmciPjwvc3ZnPg==\" style=\"--smush-placeholder-width: 2504px; --smush-placeholder-aspect-ratio: 2504\/1228;\" \/>\t\t\t\t\t\t\t\t\t\t\t\t\t\t\t<\/div>\n\t\t\t\t<\/div>\n\t\t\t\t\t<\/div>\n\t\t<\/div>\n\t\t\t\t\t<\/div>\n\t\t<\/section>\n\t\t\t\t<section class=\"elementor-section elementor-top-section elementor-element elementor-element-3ad11d8 elementor-section-full_width elementor-section-height-default elementor-section-height-default\" data-id=\"3ad11d8\" data-element_type=\"section\" data-e-type=\"section\" data-settings=\"{&quot;_ha_eqh_enable&quot;:false}\">\n\t\t\t\t\t\t<div class=\"elementor-container elementor-column-gap-no\">\n\t\t\t\t\t<div class=\"elementor-column elementor-col-50 elementor-top-column elementor-element elementor-element-608054e\" data-id=\"608054e\" data-element_type=\"column\" data-e-type=\"column\">\n\t\t\t<div class=\"elementor-widget-wrap elementor-element-populated\">\n\t\t\t\t\t\t<div class=\"elementor-element elementor-element-50f24d5 elementor-widget elementor-widget-image\" data-id=\"50f24d5\" data-element_type=\"widget\" data-e-type=\"widget\" data-widget_type=\"image.default\">\n\t\t\t\t<div class=\"elementor-widget-container\">\n\t\t\t\t\t\t\t\t\t\t\t\t\t\t\t<img decoding=\"async\" width=\"700\" height=\"700\" data-src=\"https:\/\/matikali.com\/wp-content\/uploads\/2022\/01\/tags-lapo-ropa.jpg\" class=\"attachment-large size-large wp-image-3150 lazyload\" alt=\"Branding, dise\u00f1o de etiquetas para productos de la marca ecuatoriana LAPO\" data-srcset=\"https:\/\/matikali.com\/wp-content\/uploads\/2022\/01\/tags-lapo-ropa.jpg 700w, https:\/\/matikali.com\/wp-content\/uploads\/2022\/01\/tags-lapo-ropa-100x100.jpg 100w, https:\/\/matikali.com\/wp-content\/uploads\/2022\/01\/tags-lapo-ropa-300x300.jpg 300w, https:\/\/matikali.com\/wp-content\/uploads\/2022\/01\/tags-lapo-ropa-150x150.jpg 150w, https:\/\/matikali.com\/wp-content\/uploads\/2022\/01\/tags-lapo-ropa-500x500.jpg 500w\" data-sizes=\"(max-width: 700px) 100vw, 700px\" src=\"data:image\/svg+xml;base64,PHN2ZyB3aWR0aD0iMSIgaGVpZ2h0PSIxIiB4bWxucz0iaHR0cDovL3d3dy53My5vcmcvMjAwMC9zdmciPjwvc3ZnPg==\" style=\"--smush-placeholder-width: 700px; --smush-placeholder-aspect-ratio: 700\/700;\" \/>\t\t\t\t\t\t\t\t\t\t\t\t\t\t\t<\/div>\n\t\t\t\t<\/div>\n\t\t\t\t\t<\/div>\n\t\t<\/div>\n\t\t\t\t<div class=\"elementor-column elementor-col-50 elementor-top-column elementor-element elementor-element-8c1c5aa\" data-id=\"8c1c5aa\" data-element_type=\"column\" data-e-type=\"column\">\n\t\t\t<div class=\"elementor-widget-wrap elementor-element-populated\">\n\t\t\t\t\t\t<div class=\"elementor-element elementor-element-c1382a4 elementor-widget elementor-widget-image\" data-id=\"c1382a4\" data-element_type=\"widget\" data-e-type=\"widget\" data-widget_type=\"image.default\">\n\t\t\t\t<div class=\"elementor-widget-container\">\n\t\t\t\t\t\t\t\t\t\t\t\t\t\t\t<img decoding=\"async\" width=\"700\" height=\"700\" data-src=\"https:\/\/matikali.com\/wp-content\/uploads\/2022\/01\/tote-bag-lapo-branding.jpg\" class=\"attachment-large size-large wp-image-3151 lazyload\" alt=\"Branding, patterns para la marca ecuatoriana LAPO\" data-srcset=\"https:\/\/matikali.com\/wp-content\/uploads\/2022\/01\/tote-bag-lapo-branding.jpg 700w, https:\/\/matikali.com\/wp-content\/uploads\/2022\/01\/tote-bag-lapo-branding-100x100.jpg 100w, https:\/\/matikali.com\/wp-content\/uploads\/2022\/01\/tote-bag-lapo-branding-300x300.jpg 300w, https:\/\/matikali.com\/wp-content\/uploads\/2022\/01\/tote-bag-lapo-branding-150x150.jpg 150w, https:\/\/matikali.com\/wp-content\/uploads\/2022\/01\/tote-bag-lapo-branding-500x500.jpg 500w\" data-sizes=\"(max-width: 700px) 100vw, 700px\" src=\"data:image\/svg+xml;base64,PHN2ZyB3aWR0aD0iMSIgaGVpZ2h0PSIxIiB4bWxucz0iaHR0cDovL3d3dy53My5vcmcvMjAwMC9zdmciPjwvc3ZnPg==\" style=\"--smush-placeholder-width: 700px; --smush-placeholder-aspect-ratio: 700\/700;\" \/>\t\t\t\t\t\t\t\t\t\t\t\t\t\t\t<\/div>\n\t\t\t\t<\/div>\n\t\t\t\t\t<\/div>\n\t\t<\/div>\n\t\t\t\t\t<\/div>\n\t\t<\/section>\n\t\t\t\t<section class=\"elementor-section elementor-top-section elementor-element elementor-element-b3ebf9c elementor-section-boxed elementor-section-height-default elementor-section-height-default\" data-id=\"b3ebf9c\" data-element_type=\"section\" data-e-type=\"section\" data-settings=\"{&quot;_ha_eqh_enable&quot;:false}\">\n\t\t\t\t\t\t<div class=\"elementor-container elementor-column-gap-default\">\n\t\t\t\t\t<div class=\"elementor-column elementor-col-100 elementor-top-column elementor-element elementor-element-baee6cb\" data-id=\"baee6cb\" data-element_type=\"column\" data-e-type=\"column\">\n\t\t\t<div class=\"elementor-widget-wrap elementor-element-populated\">\n\t\t\t\t\t\t<div class=\"elementor-element elementor-element-1639b03 elementor-align-center elementor-invisible elementor-widget elementor-widget-button\" data-id=\"1639b03\" data-element_type=\"widget\" data-e-type=\"widget\" data-settings=\"{&quot;_animation&quot;:&quot;slideInRight&quot;}\" data-widget_type=\"button.default\">\n\t\t\t\t<div class=\"elementor-widget-container\">\n\t\t\t\t\t\t\t\t\t<div class=\"elementor-button-wrapper\">\n\t\t\t\t\t<a class=\"elementor-button elementor-button-link elementor-size-sm\" href=\"https:\/\/matikali.com\/portafolio-branding\/\">\n\t\t\t\t\t\t<span class=\"elementor-button-content-wrapper\">\n\t\t\t\t\t\t\t\t\t<span class=\"elementor-button-text\">Ver m\u00e1s proyectos\u27f6<\/span>\n\t\t\t\t\t<\/span>\n\t\t\t\t\t<\/a>\n\t\t\t\t<\/div>\n\t\t\t\t\t\t\t\t<\/div>\n\t\t\t\t<\/div>\n\t\t\t\t\t<\/div>\n\t\t<\/div>\n\t\t\t\t\t<\/div>\n\t\t<\/section>\n\t\t\t\t<\/div>\n\t\t","protected":false},"excerpt":{"rendered":"<p>LAPO LAPO es una marca ecuatoriana de moda sostenible\u00a0 Quisimos representar a la naturaleza en la paleta de color, ya que es la meter\u00eda prima de esta marca. La flor representa a los pigmentos, puesto que casi todas las prendas son te\u00f1idas con florecitas y claro otros recursos naturales. Noviembre 2021 Ver m\u00e1s proyectos\u27f6<\/p>","protected":false},"author":1,"featured_media":2836,"parent":0,"menu_order":0,"comment_status":"closed","ping_status":"closed","template":"elementor_header_footer","meta":{"footnotes":""},"class_list":["post-3143","page","type-page","status-publish","has-post-thumbnail","hentry"],"blocksy_meta":{"styles_descriptor":{"styles":{"desktop":"","tablet":"","mobile":""},"google_fonts":[],"version":6}},"_links":{"self":[{"href":"https:\/\/matikali.com\/es\/wp-json\/wp\/v2\/pages\/3143","targetHints":{"allow":["GET"]}}],"collection":[{"href":"https:\/\/matikali.com\/es\/wp-json\/wp\/v2\/pages"}],"about":[{"href":"https:\/\/matikali.com\/es\/wp-json\/wp\/v2\/types\/page"}],"author":[{"embeddable":true,"href":"https:\/\/matikali.com\/es\/wp-json\/wp\/v2\/users\/1"}],"replies":[{"embeddable":true,"href":"https:\/\/matikali.com\/es\/wp-json\/wp\/v2\/comments?post=3143"}],"version-history":[{"count":3,"href":"https:\/\/matikali.com\/es\/wp-json\/wp\/v2\/pages\/3143\/revisions"}],"predecessor-version":[{"id":8229,"href":"https:\/\/matikali.com\/es\/wp-json\/wp\/v2\/pages\/3143\/revisions\/8229"}],"wp:featuredmedia":[{"embeddable":true,"href":"https:\/\/matikali.com\/es\/wp-json\/wp\/v2\/media\/2836"}],"wp:attachment":[{"href":"https:\/\/matikali.com\/es\/wp-json\/wp\/v2\/media?parent=3143"}],"curies":[{"name":"wp","href":"https:\/\/api.w.org\/{rel}","templated":true}]}}