{"id":3191,"date":"2022-01-02T08:24:06","date_gmt":"2022-01-02T08:24:06","guid":{"rendered":"https:\/\/matikali.com\/?page_id=3191"},"modified":"2023-05-27T22:51:24","modified_gmt":"2023-05-28T04:51:24","slug":"triana-box","status":"publish","type":"page","link":"https:\/\/matikali.com\/es\/triana-box\/","title":{"rendered":"Triana Box"},"content":{"rendered":"<style>.elementor-3191 .elementor-element.elementor-element-023656b > .elementor-container > .elementor-column > .elementor-widget-wrap{align-content:center;align-items:center;}.elementor-3191 .elementor-element.elementor-element-023656b{padding:0px 0px 0px 0px;}.elementor-widget-image .widget-image-caption{color:var( --e-global-color-text );font-family:var( --e-global-typography-text-font-family ), Sans-serif;font-size:var( --e-global-typography-text-font-size );font-weight:var( --e-global-typography-text-font-weight );text-transform:var( --e-global-typography-text-text-transform );font-style:var( --e-global-typography-text-font-style );text-decoration:var( --e-global-typography-text-text-decoration );line-height:var( --e-global-typography-text-line-height );}.elementor-3191 .elementor-element.elementor-element-59a518d > .elementor-element-populated{padding:30px 0px 30px 0px;}.elementor-widget-text-editor{font-family:var( --e-global-typography-text-font-family ), Sans-serif;font-size:var( --e-global-typography-text-font-size );font-weight:var( --e-global-typography-text-font-weight );text-transform:var( --e-global-typography-text-text-transform );font-style:var( --e-global-typography-text-font-style );text-decoration:var( --e-global-typography-text-text-decoration );line-height:var( --e-global-typography-text-line-height );color:var( --e-global-color-text );}.elementor-widget-text-editor.elementor-drop-cap-view-stacked .elementor-drop-cap{background-color:var( --e-global-color-primary );}.elementor-widget-text-editor.elementor-drop-cap-view-framed .elementor-drop-cap, .elementor-widget-text-editor.elementor-drop-cap-view-default .elementor-drop-cap{color:var( --e-global-color-primary );border-color:var( --e-global-color-primary );}.elementor-3191 .elementor-element.elementor-element-23fdcd0{font-family:\"Sora\", Sans-serif;font-size:36px;font-weight:400;text-transform:none;font-style:normal;text-decoration:none;line-height:1.5em;letter-spacing:-1px;color:#060606;}.elementor-3191 .elementor-element.elementor-element-23fdcd0 > .elementor-widget-container{padding:0px 40px 0px 40px;}.elementor-3191 .elementor-element.elementor-element-a783c37{text-align:start;font-family:\"Fahkwang\", Sans-serif;font-size:21px;font-weight:400;line-height:1.7em;color:#000000;}.elementor-3191 .elementor-element.elementor-element-a783c37 > .elementor-widget-container{padding:0px 40px 20px 40px;}.elementor-widget-icon-list .elementor-icon-list-item:not(:last-child):after{border-color:var( --e-global-color-text );}.elementor-widget-icon-list .elementor-icon-list-icon i{color:var( --e-global-color-primary );}.elementor-widget-icon-list .elementor-icon-list-icon svg{fill:var( --e-global-color-primary );}.elementor-widget-icon-list .elementor-icon-list-item > .elementor-icon-list-text, .elementor-widget-icon-list .elementor-icon-list-item > a{font-family:var( --e-global-typography-text-font-family ), Sans-serif;font-size:var( --e-global-typography-text-font-size );font-weight:var( --e-global-typography-text-font-weight );text-transform:var( --e-global-typography-text-text-transform );font-style:var( --e-global-typography-text-font-style );text-decoration:var( --e-global-typography-text-text-decoration );line-height:var( --e-global-typography-text-line-height );}.elementor-widget-icon-list .elementor-icon-list-text{color:var( --e-global-color-secondary );}.elementor-3191 .elementor-element.elementor-element-a5c6592 .elementor-icon-list-icon i{color:#C08647;transition:color 0.3s;}.elementor-3191 .elementor-element.elementor-element-a5c6592 .elementor-icon-list-icon svg{fill:#C08647;transition:fill 0.3s;}.elementor-3191 .elementor-element.elementor-element-a5c6592{--e-icon-list-icon-size:26px;--icon-vertical-offset:0px;}.elementor-3191 .elementor-element.elementor-element-a5c6592 .elementor-icon-list-icon{padding-inline-end:6px;}.elementor-3191 .elementor-element.elementor-element-a5c6592 .elementor-icon-list-item > .elementor-icon-list-text, .elementor-3191 .elementor-element.elementor-element-a5c6592 .elementor-icon-list-item > a{font-family:\"Fahkwang\", Sans-serif;font-size:22px;font-weight:400;line-height:3.1em;}.elementor-3191 .elementor-element.elementor-element-a5c6592 .elementor-icon-list-text{color:#050505;transition:color 0.3s;}.elementor-3191 .elementor-element.elementor-element-a5c6592 > .elementor-widget-container{padding:0px 40px 0px 40px;}.elementor-bc-flex-widget .elementor-3191 .elementor-element.elementor-element-608054e.elementor-column .elementor-widget-wrap{align-items:center;}.elementor-3191 .elementor-element.elementor-element-608054e.elementor-column.elementor-element[data-element_type=\"column\"] > .elementor-widget-wrap.elementor-element-populated{align-content:center;align-items:center;}.elementor-3191 .elementor-element.elementor-element-50f24d5 img{width:100%;}.elementor-3191 .elementor-element.elementor-element-9df4c99{padding:30px 0px 30px 0px;}.elementor-widget-button .elementor-button{font-family:var( --e-global-typography-accent-font-family ), Sans-serif;font-size:var( --e-global-typography-accent-font-size );font-weight:var( --e-global-typography-accent-font-weight );text-transform:var( --e-global-typography-accent-text-transform );font-style:var( --e-global-typography-accent-font-style );text-decoration:var( --e-global-typography-accent-text-decoration );line-height:var( --e-global-typography-accent-line-height );background-color:var( --e-global-color-accent );}.elementor-3191 .elementor-element.elementor-element-3cba1df .elementor-button{font-family:\"Sora\", Sans-serif;font-size:36px;font-weight:500;letter-spacing:-0.1px;fill:#000000;color:#000000;background-color:#61CE7000;}@media(max-width:1366px){.elementor-widget-image .widget-image-caption{font-size:var( --e-global-typography-text-font-size );line-height:var( --e-global-typography-text-line-height );}.elementor-3191 .elementor-element.elementor-element-59a518d > .elementor-element-populated{padding:40px 0px 40px 0px;}.elementor-widget-text-editor{font-size:var( --e-global-typography-text-font-size );line-height:var( --e-global-typography-text-line-height );}.elementor-widget-icon-list .elementor-icon-list-item > .elementor-icon-list-text, .elementor-widget-icon-list .elementor-icon-list-item > a{font-size:var( --e-global-typography-text-font-size );line-height:var( --e-global-typography-text-line-height );}.elementor-widget-button .elementor-button{font-size:var( --e-global-typography-accent-font-size );line-height:var( --e-global-typography-accent-line-height );}}@media(max-width:1024px){.elementor-widget-image .widget-image-caption{font-size:var( --e-global-typography-text-font-size );line-height:var( --e-global-typography-text-line-height );}.elementor-widget-text-editor{font-size:var( --e-global-typography-text-font-size );line-height:var( --e-global-typography-text-line-height );}.elementor-3191 .elementor-element.elementor-element-23fdcd0{font-size:42px;line-height:1.2em;letter-spacing:0px;}.elementor-widget-icon-list .elementor-icon-list-item > .elementor-icon-list-text, .elementor-widget-icon-list .elementor-icon-list-item > a{font-size:var( --e-global-typography-text-font-size );line-height:var( --e-global-typography-text-line-height );}.elementor-widget-button .elementor-button{font-size:var( --e-global-typography-accent-font-size );line-height:var( --e-global-typography-accent-line-height );}}@media(max-width:767px){.elementor-3191 .elementor-element.elementor-element-023656b{padding:0px 0px 0px 0px;}.elementor-widget-image .widget-image-caption{font-size:var( --e-global-typography-text-font-size );line-height:var( --e-global-typography-text-line-height );}.elementor-3191 .elementor-element.elementor-element-59a518d > .elementor-element-populated{padding:0px 30px 0px 30px;}.elementor-widget-text-editor{font-size:var( --e-global-typography-text-font-size );line-height:var( --e-global-typography-text-line-height );}.elementor-3191 .elementor-element.elementor-element-23fdcd0{font-size:36px;line-height:1.5em;letter-spacing:0px;}.elementor-3191 .elementor-element.elementor-element-23fdcd0 > .elementor-widget-container{padding:27px 0px 0px 0px;}.elementor-3191 .elementor-element.elementor-element-a783c37{line-height:1.5em;}.elementor-3191 .elementor-element.elementor-element-a783c37 > .elementor-widget-container{padding:20px 0px 30px 0px;}.elementor-widget-icon-list .elementor-icon-list-item > .elementor-icon-list-text, .elementor-widget-icon-list .elementor-icon-list-item > a{font-size:var( --e-global-typography-text-font-size );line-height:var( --e-global-typography-text-line-height );}.elementor-3191 .elementor-element.elementor-element-a5c6592 .elementor-icon-list-item > .elementor-icon-list-text, .elementor-3191 .elementor-element.elementor-element-a5c6592 .elementor-icon-list-item > a{line-height:1.5em;}.elementor-3191 .elementor-element.elementor-element-a5c6592 > .elementor-widget-container{padding:0px 0px 40px 0px;}.elementor-3191 .elementor-element.elementor-element-9df4c99{padding:0px 0px 10px 0px;}.elementor-widget-button .elementor-button{font-size:var( --e-global-typography-accent-font-size );line-height:var( --e-global-typography-accent-line-height );}}<\/style>\t\t<div data-elementor-type=\"wp-page\" data-elementor-id=\"3191\" class=\"elementor elementor-3191\" data-elementor-settings=\"{&quot;ha_cmc_init_switcher&quot;:&quot;no&quot;}\" data-elementor-post-type=\"page\">\n\t\t\t\t\t\t<section class=\"elementor-section elementor-top-section elementor-element elementor-element-023656b elementor-section-content-middle elementor-section-full_width elementor-section-height-default elementor-section-height-default\" data-id=\"023656b\" data-element_type=\"section\" data-e-type=\"section\">\n\t\t\t\t\t\t<div class=\"elementor-container elementor-column-gap-no\">\n\t\t\t\t\t<div class=\"elementor-column elementor-col-50 elementor-top-column elementor-element elementor-element-259f381\" data-id=\"259f381\" data-element_type=\"column\" data-e-type=\"column\">\n\t\t\t<div class=\"elementor-widget-wrap elementor-element-populated\">\n\t\t\t\t\t\t<div class=\"elementor-element elementor-element-6e0abb8 elementor-widget elementor-widget-image\" data-id=\"6e0abb8\" data-element_type=\"widget\" data-e-type=\"widget\" data-widget_type=\"image.default\">\n\t\t\t\t<div class=\"elementor-widget-container\">\n\t\t\t\t\t\t\t\t\t\t\t\t\t\t\t<img fetchpriority=\"high\" decoding=\"async\" width=\"1024\" height=\"768\" src=\"https:\/\/matikali.com\/wp-content\/uploads\/2022\/01\/triana-mock.jpg\" class=\"attachment-full size-full wp-image-2850\" alt=\"Branding-LOGO para la marca TRIANA BOX\" srcset=\"https:\/\/matikali.com\/wp-content\/uploads\/2022\/01\/triana-mock.jpg 1024w, https:\/\/matikali.com\/wp-content\/uploads\/2022\/01\/triana-mock-1000x750.jpg 1000w, https:\/\/matikali.com\/wp-content\/uploads\/2022\/01\/triana-mock-300x225.jpg 300w, https:\/\/matikali.com\/wp-content\/uploads\/2022\/01\/triana-mock-768x576.jpg 768w\" sizes=\"(max-width: 1024px) 100vw, 1024px\" \/>\t\t\t\t\t\t\t\t\t\t\t\t\t\t\t<\/div>\n\t\t\t\t<\/div>\n\t\t\t\t\t<\/div>\n\t\t<\/div>\n\t\t\t\t<div class=\"elementor-column elementor-col-50 elementor-top-column elementor-element elementor-element-59a518d\" data-id=\"59a518d\" data-element_type=\"column\" data-e-type=\"column\">\n\t\t\t<div class=\"elementor-widget-wrap elementor-element-populated\">\n\t\t\t\t\t\t<div class=\"elementor-element elementor-element-23fdcd0 elementor-invisible elementor-widget elementor-widget-text-editor\" data-id=\"23fdcd0\" data-element_type=\"widget\" data-e-type=\"widget\" data-settings=\"{&quot;_animation&quot;:&quot;zoomIn&quot;}\" data-widget_type=\"text-editor.default\">\n\t\t\t\t<div class=\"elementor-widget-container\">\n\t\t\t\t\t\t\t\t\t<p>TRIANA BOX<\/p>\t\t\t\t\t\t\t\t<\/div>\n\t\t\t\t<\/div>\n\t\t\t\t<div class=\"elementor-element elementor-element-a783c37 elementor-invisible elementor-widget elementor-widget-text-editor\" data-id=\"a783c37\" data-element_type=\"widget\" data-e-type=\"widget\" data-settings=\"{&quot;_animation&quot;:&quot;slideInUp&quot;}\" data-widget_type=\"text-editor.default\">\n\t\t\t\t<div class=\"elementor-widget-container\">\n\t\t\t\t\t\t\t\t\t<p>Una marca de cajas de madera de lujo personalizadas para regalos.<\/p><p>El p\u00e1jaro es un ave de p\u00e9ndulo el cual es muy cotizado, ya que es muy especial poder llegar a ver uno, as\u00ed como es muy especial tener una caja de Triana box.<\/p>\t\t\t\t\t\t\t\t<\/div>\n\t\t\t\t<\/div>\n\t\t\t\t<div class=\"elementor-element elementor-element-a5c6592 elementor-align-start elementor-icon-list--layout-traditional elementor-list-item-link-full_width elementor-widget elementor-widget-icon-list\" data-id=\"a5c6592\" data-element_type=\"widget\" data-e-type=\"widget\" data-widget_type=\"icon-list.default\">\n\t\t\t\t<div class=\"elementor-widget-container\">\n\t\t\t\t\t\t\t<ul class=\"elementor-icon-list-items\">\n\t\t\t\t\t\t\t<li class=\"elementor-icon-list-item\">\n\t\t\t\t\t\t\t\t\t\t\t<span class=\"elementor-icon-list-icon\">\n\t\t\t\t\t\t\t<i aria-hidden=\"true\" class=\"fas fa-clock\"><\/i>\t\t\t\t\t\t<\/span>\n\t\t\t\t\t\t\t\t\t\t<span class=\"elementor-icon-list-text\">Octubre 2021<\/span>\n\t\t\t\t\t\t\t\t\t<\/li>\n\t\t\t\t\t\t<\/ul>\n\t\t\t\t\t\t<\/div>\n\t\t\t\t<\/div>\n\t\t\t\t\t<\/div>\n\t\t<\/div>\n\t\t\t\t\t<\/div>\n\t\t<\/section>\n\t\t\t\t<section class=\"elementor-section elementor-top-section elementor-element elementor-element-3ad11d8 elementor-section-full_width elementor-section-height-default elementor-section-height-default\" data-id=\"3ad11d8\" data-element_type=\"section\" data-e-type=\"section\" data-settings=\"{&quot;_ha_eqh_enable&quot;:false}\">\n\t\t\t\t\t\t<div class=\"elementor-container elementor-column-gap-no\">\n\t\t\t\t\t<div class=\"elementor-column elementor-col-100 elementor-top-column elementor-element elementor-element-608054e\" data-id=\"608054e\" data-element_type=\"column\" data-e-type=\"column\">\n\t\t\t<div class=\"elementor-widget-wrap elementor-element-populated\">\n\t\t\t\t\t\t<div class=\"elementor-element elementor-element-50f24d5 elementor-widget elementor-widget-image\" data-id=\"50f24d5\" data-element_type=\"widget\" data-e-type=\"widget\" data-widget_type=\"image.default\">\n\t\t\t\t<div class=\"elementor-widget-container\">\n\t\t\t\t\t\t\t\t\t\t\t\t\t\t\t<img decoding=\"async\" width=\"1024\" height=\"448\" data-src=\"https:\/\/matikali.com\/wp-content\/uploads\/2022\/01\/trianabox-branding-1024x448.jpg\" class=\"attachment-large size-large wp-image-3197 lazyload\" alt=\"Branding y logo para la marca mexicana TRIANA BOX\" data-srcset=\"https:\/\/matikali.com\/wp-content\/uploads\/2022\/01\/trianabox-branding-1024x448.jpg 1024w, https:\/\/matikali.com\/wp-content\/uploads\/2022\/01\/trianabox-branding-1000x438.jpg 1000w, https:\/\/matikali.com\/wp-content\/uploads\/2022\/01\/trianabox-branding-300x131.jpg 300w, https:\/\/matikali.com\/wp-content\/uploads\/2022\/01\/trianabox-branding-768x336.jpg 768w, https:\/\/matikali.com\/wp-content\/uploads\/2022\/01\/trianabox-branding-1536x672.jpg 1536w, https:\/\/matikali.com\/wp-content\/uploads\/2022\/01\/trianabox-branding.jpg 1640w\" data-sizes=\"(max-width: 1024px) 100vw, 1024px\" src=\"data:image\/svg+xml;base64,PHN2ZyB3aWR0aD0iMSIgaGVpZ2h0PSIxIiB4bWxucz0iaHR0cDovL3d3dy53My5vcmcvMjAwMC9zdmciPjwvc3ZnPg==\" style=\"--smush-placeholder-width: 1024px; --smush-placeholder-aspect-ratio: 1024\/448;\" \/>\t\t\t\t\t\t\t\t\t\t\t\t\t\t\t<\/div>\n\t\t\t\t<\/div>\n\t\t\t\t\t<\/div>\n\t\t<\/div>\n\t\t\t\t\t<\/div>\n\t\t<\/section>\n\t\t\t\t<section class=\"elementor-section elementor-top-section elementor-element elementor-element-9df4c99 elementor-section-boxed elementor-section-height-default elementor-section-height-default\" data-id=\"9df4c99\" data-element_type=\"section\" data-e-type=\"section\" data-settings=\"{&quot;_ha_eqh_enable&quot;:false}\">\n\t\t\t\t\t\t<div class=\"elementor-container elementor-column-gap-default\">\n\t\t\t\t\t<div class=\"elementor-column elementor-col-100 elementor-top-column elementor-element elementor-element-59d3988\" data-id=\"59d3988\" data-element_type=\"column\" data-e-type=\"column\">\n\t\t\t<div class=\"elementor-widget-wrap elementor-element-populated\">\n\t\t\t\t\t\t<div class=\"elementor-element elementor-element-3cba1df elementor-align-center elementor-invisible elementor-widget elementor-widget-button\" data-id=\"3cba1df\" data-element_type=\"widget\" data-e-type=\"widget\" data-settings=\"{&quot;_animation&quot;:&quot;slideInRight&quot;}\" data-widget_type=\"button.default\">\n\t\t\t\t<div class=\"elementor-widget-container\">\n\t\t\t\t\t\t\t\t\t<div class=\"elementor-button-wrapper\">\n\t\t\t\t\t<a class=\"elementor-button elementor-button-link elementor-size-sm\" href=\"https:\/\/matikali.com\/portafolio-branding\/\">\n\t\t\t\t\t\t<span class=\"elementor-button-content-wrapper\">\n\t\t\t\t\t\t\t\t\t<span class=\"elementor-button-text\">Ver m\u00e1s proyectos\u27f6<\/span>\n\t\t\t\t\t<\/span>\n\t\t\t\t\t<\/a>\n\t\t\t\t<\/div>\n\t\t\t\t\t\t\t\t<\/div>\n\t\t\t\t<\/div>\n\t\t\t\t\t<\/div>\n\t\t<\/div>\n\t\t\t\t\t<\/div>\n\t\t<\/section>\n\t\t\t\t<\/div>\n\t\t","protected":false},"excerpt":{"rendered":"<p>TRIANA BOX Una marca de cajas de madera de lujo personalizadas para regalos. El p\u00e1jaro es un ave de p\u00e9ndulo el cual es muy cotizado, ya que es muy especial poder llegar a ver uno, as\u00ed como es muy especial tener una caja de Triana box. Octubre 2021 Ver m\u00e1s proyectos\u27f6<\/p>","protected":false},"author":1,"featured_media":2850,"parent":0,"menu_order":0,"comment_status":"closed","ping_status":"closed","template":"elementor_header_footer","meta":{"footnotes":""},"class_list":["post-3191","page","type-page","status-publish","has-post-thumbnail","hentry"],"blocksy_meta":{"styles_descriptor":{"styles":{"desktop":"","tablet":"","mobile":""},"google_fonts":[],"version":6}},"_links":{"self":[{"href":"https:\/\/matikali.com\/es\/wp-json\/wp\/v2\/pages\/3191","targetHints":{"allow":["GET"]}}],"collection":[{"href":"https:\/\/matikali.com\/es\/wp-json\/wp\/v2\/pages"}],"about":[{"href":"https:\/\/matikali.com\/es\/wp-json\/wp\/v2\/types\/page"}],"author":[{"embeddable":true,"href":"https:\/\/matikali.com\/es\/wp-json\/wp\/v2\/users\/1"}],"replies":[{"embeddable":true,"href":"https:\/\/matikali.com\/es\/wp-json\/wp\/v2\/comments?post=3191"}],"version-history":[{"count":6,"href":"https:\/\/matikali.com\/es\/wp-json\/wp\/v2\/pages\/3191\/revisions"}],"predecessor-version":[{"id":8266,"href":"https:\/\/matikali.com\/es\/wp-json\/wp\/v2\/pages\/3191\/revisions\/8266"}],"wp:featuredmedia":[{"embeddable":true,"href":"https:\/\/matikali.com\/es\/wp-json\/wp\/v2\/media\/2850"}],"wp:attachment":[{"href":"https:\/\/matikali.com\/es\/wp-json\/wp\/v2\/media?parent=3191"}],"curies":[{"name":"wp","href":"https:\/\/api.w.org\/{rel}","templated":true}]}}