{"id":3322,"date":"2022-01-03T06:44:23","date_gmt":"2022-01-03T06:44:23","guid":{"rendered":"https:\/\/matikali.com\/?page_id=3322"},"modified":"2023-05-29T20:23:20","modified_gmt":"2023-05-30T02:23:20","slug":"papalotl-cosmetica","status":"publish","type":"page","link":"https:\/\/matikali.com\/es\/papalotl-cosmetica\/","title":{"rendered":"Papalotl cosm\u00e9tica"},"content":{"rendered":"<style>.elementor-3322 .elementor-element.elementor-element-7350fb3 > .elementor-container > .elementor-column > .elementor-widget-wrap{align-content:center;align-items:center;}.elementor-3322 .elementor-element.elementor-element-7350fb3{padding:20px 80px 30px 80px;}.elementor-3322 .elementor-element.elementor-element-8baa4b0 > .elementor-element-populated{padding:0px 0px 0px 0px;}.elementor-widget-image .widget-image-caption{color:var( --e-global-color-text );font-family:var( --e-global-typography-text-font-family ), Sans-serif;font-size:var( --e-global-typography-text-font-size );font-weight:var( --e-global-typography-text-font-weight );text-transform:var( --e-global-typography-text-text-transform );font-style:var( --e-global-typography-text-font-style );text-decoration:var( --e-global-typography-text-text-decoration );line-height:var( --e-global-typography-text-line-height );}.elementor-3322 .elementor-element.elementor-element-df3a36f > .elementor-element-populated{padding:0% 5% 0% 5%;}.elementor-widget-text-editor{font-family:var( --e-global-typography-text-font-family ), Sans-serif;font-size:var( --e-global-typography-text-font-size );font-weight:var( --e-global-typography-text-font-weight );text-transform:var( --e-global-typography-text-text-transform );font-style:var( --e-global-typography-text-font-style );text-decoration:var( --e-global-typography-text-text-decoration );line-height:var( --e-global-typography-text-line-height );color:var( --e-global-color-text );}.elementor-widget-text-editor.elementor-drop-cap-view-stacked .elementor-drop-cap{background-color:var( --e-global-color-primary );}.elementor-widget-text-editor.elementor-drop-cap-view-framed .elementor-drop-cap, .elementor-widget-text-editor.elementor-drop-cap-view-default .elementor-drop-cap{color:var( --e-global-color-primary );border-color:var( --e-global-color-primary );}.elementor-3322 .elementor-element.elementor-element-dd1da09{font-family:\"Sora\", Sans-serif;font-size:36px;font-weight:400;text-transform:uppercase;font-style:normal;text-decoration:none;line-height:1em;letter-spacing:-1px;color:#060606;}.elementor-3322 .elementor-element.elementor-element-f3b277e{font-family:\"Fahkwang\", Sans-serif;font-size:21px;font-weight:400;line-height:1.7em;color:#000000;}.elementor-3322 .elementor-element.elementor-element-f3b277e > .elementor-widget-container{padding:30px 30px 30px 0px;}.elementor-widget-icon-list .elementor-icon-list-item:not(:last-child):after{border-color:var( --e-global-color-text );}.elementor-widget-icon-list .elementor-icon-list-icon i{color:var( --e-global-color-primary );}.elementor-widget-icon-list .elementor-icon-list-icon svg{fill:var( --e-global-color-primary );}.elementor-widget-icon-list .elementor-icon-list-item > .elementor-icon-list-text, .elementor-widget-icon-list .elementor-icon-list-item > a{font-family:var( --e-global-typography-text-font-family ), Sans-serif;font-size:var( --e-global-typography-text-font-size );font-weight:var( --e-global-typography-text-font-weight );text-transform:var( --e-global-typography-text-text-transform );font-style:var( --e-global-typography-text-font-style );text-decoration:var( --e-global-typography-text-text-decoration );line-height:var( --e-global-typography-text-line-height );}.elementor-widget-icon-list .elementor-icon-list-text{color:var( --e-global-color-secondary );}.elementor-3322 .elementor-element.elementor-element-4e66ecc .elementor-icon-list-icon i{color:#C08647;transition:color 0.3s;}.elementor-3322 .elementor-element.elementor-element-4e66ecc .elementor-icon-list-icon svg{fill:#C08647;transition:fill 0.3s;}.elementor-3322 .elementor-element.elementor-element-4e66ecc{--e-icon-list-icon-size:26px;--icon-vertical-offset:0px;}.elementor-3322 .elementor-element.elementor-element-4e66ecc .elementor-icon-list-icon{padding-inline-end:6px;}.elementor-3322 .elementor-element.elementor-element-4e66ecc .elementor-icon-list-item > .elementor-icon-list-text, .elementor-3322 .elementor-element.elementor-element-4e66ecc .elementor-icon-list-item > a{font-family:\"Fahkwang\", Sans-serif;font-size:18px;font-weight:400;line-height:2.6em;}.elementor-3322 .elementor-element.elementor-element-4e66ecc .elementor-icon-list-text{color:#050505;transition:color 0.3s;}.elementor-3322 .elementor-element.elementor-element-023656b > .elementor-container > .elementor-column > .elementor-widget-wrap{align-content:center;align-items:center;}.elementor-3322 .elementor-element.elementor-element-023656b{transition:background 0.3s, border 0.3s, border-radius 0.3s, box-shadow 0.3s;padding:20px 0px 30px 0px;}.elementor-3322 .elementor-element.elementor-element-023656b > .elementor-background-overlay{transition:background 0.3s, border-radius 0.3s, opacity 0.3s;}.elementor-3322 .elementor-element.elementor-element-6e0abb8 img{width:40%;border-style:solid;border-width:1px 1px 1px 1px;}.elementor-3322 .elementor-element.elementor-element-4e530c9{margin-top:0px;margin-bottom:0px;padding:0px 0px 0px 0px;}.elementor-widget-button .elementor-button{font-family:var( --e-global-typography-accent-font-family ), Sans-serif;font-size:var( --e-global-typography-accent-font-size );font-weight:var( --e-global-typography-accent-font-weight );text-transform:var( --e-global-typography-accent-text-transform );font-style:var( --e-global-typography-accent-font-style );text-decoration:var( --e-global-typography-accent-text-decoration );line-height:var( --e-global-typography-accent-line-height );background-color:var( --e-global-color-accent );}.elementor-3322 .elementor-element.elementor-element-5f8c7cc .elementor-button-content-wrapper{flex-direction:row-reverse;}.elementor-3322 .elementor-element.elementor-element-5f8c7cc .elementor-button .elementor-button-content-wrapper{gap:25px;}.elementor-3322 .elementor-element.elementor-element-5f8c7cc .elementor-button{font-family:\"Sora\", Sans-serif;font-size:36px;font-weight:500;letter-spacing:-0.1px;fill:#000000;color:#000000;background-color:#61CE7000;}.elementor-3322 .elementor-element.elementor-element-5f8c7cc > .elementor-widget-container{padding:30px 0px 30px 0px;}@media(max-width:1366px){.elementor-widget-image .widget-image-caption{font-size:var( --e-global-typography-text-font-size );line-height:var( --e-global-typography-text-line-height );}.elementor-widget-text-editor{font-size:var( --e-global-typography-text-font-size );line-height:var( --e-global-typography-text-line-height );}.elementor-widget-icon-list .elementor-icon-list-item > .elementor-icon-list-text, .elementor-widget-icon-list .elementor-icon-list-item > a{font-size:var( --e-global-typography-text-font-size );line-height:var( --e-global-typography-text-line-height );}.elementor-widget-button .elementor-button{font-size:var( --e-global-typography-accent-font-size );line-height:var( --e-global-typography-accent-line-height );}}@media(max-width:1024px){.elementor-widget-image .widget-image-caption{font-size:var( --e-global-typography-text-font-size );line-height:var( --e-global-typography-text-line-height );}.elementor-widget-text-editor{font-size:var( --e-global-typography-text-font-size );line-height:var( --e-global-typography-text-line-height );}.elementor-3322 .elementor-element.elementor-element-dd1da09{font-size:42px;line-height:1.2em;letter-spacing:0px;}.elementor-widget-icon-list .elementor-icon-list-item > .elementor-icon-list-text, .elementor-widget-icon-list .elementor-icon-list-item > a{font-size:var( --e-global-typography-text-font-size );line-height:var( --e-global-typography-text-line-height );}.elementor-widget-button .elementor-button{font-size:var( --e-global-typography-accent-font-size );line-height:var( --e-global-typography-accent-line-height );}}@media(max-width:767px){.elementor-3322 .elementor-element.elementor-element-7350fb3{padding:0px 30px 0px 25px;}.elementor-3322 .elementor-element.elementor-element-8baa4b0 > .elementor-element-populated{padding:0px 0px 0px 0px;}.elementor-widget-image .widget-image-caption{font-size:var( --e-global-typography-text-font-size );line-height:var( --e-global-typography-text-line-height );}.elementor-3322 .elementor-element.elementor-element-9223d7c > .elementor-widget-container{padding:0px 0px 0px 0px;}.elementor-3322 .elementor-element.elementor-element-df3a36f > .elementor-element-populated{padding:0px 0px 0px 0px;}.elementor-widget-text-editor{font-size:var( --e-global-typography-text-font-size );line-height:var( --e-global-typography-text-line-height );}.elementor-3322 .elementor-element.elementor-element-dd1da09{font-size:36px;line-height:1.5em;letter-spacing:0px;}.elementor-3322 .elementor-element.elementor-element-dd1da09 > .elementor-widget-container{padding:27px 0px 0px 0px;}.elementor-3322 .elementor-element.elementor-element-f3b277e{line-height:1.5em;}.elementor-widget-icon-list .elementor-icon-list-item > .elementor-icon-list-text, .elementor-widget-icon-list .elementor-icon-list-item > a{font-size:var( --e-global-typography-text-font-size );line-height:var( --e-global-typography-text-line-height );}.elementor-3322 .elementor-element.elementor-element-4e66ecc .elementor-icon-list-item > .elementor-icon-list-text, .elementor-3322 .elementor-element.elementor-element-4e66ecc .elementor-icon-list-item > a{line-height:1.5em;}.elementor-3322 .elementor-element.elementor-element-4e66ecc > .elementor-widget-container{padding:0px 0px 50px 0px;}.elementor-3322 .elementor-element.elementor-element-023656b{padding:0px 0px 20px 0px;}.elementor-3322 .elementor-element.elementor-element-6e0abb8 img{width:94%;}.elementor-3322 .elementor-element.elementor-element-4e530c9{margin-top:0px;margin-bottom:0px;}.elementor-widget-button .elementor-button{font-size:var( --e-global-typography-accent-font-size );line-height:var( --e-global-typography-accent-line-height );}}<\/style>\t\t<div data-elementor-type=\"wp-page\" data-elementor-id=\"3322\" class=\"elementor elementor-3322\" data-elementor-settings=\"{&quot;ha_cmc_init_switcher&quot;:&quot;no&quot;}\" data-elementor-post-type=\"page\">\n\t\t\t\t\t\t<section class=\"elementor-section elementor-top-section elementor-element elementor-element-7350fb3 elementor-section-content-middle elementor-section-full_width elementor-section-height-default elementor-section-height-default\" data-id=\"7350fb3\" data-element_type=\"section\" data-e-type=\"section\" data-settings=\"{&quot;_ha_eqh_enable&quot;:false}\">\n\t\t\t\t\t\t<div class=\"elementor-container elementor-column-gap-no\">\n\t\t\t\t\t<div class=\"elementor-column elementor-col-50 elementor-top-column elementor-element elementor-element-8baa4b0\" data-id=\"8baa4b0\" data-element_type=\"column\" data-e-type=\"column\">\n\t\t\t<div class=\"elementor-widget-wrap elementor-element-populated\">\n\t\t\t\t\t\t<div class=\"elementor-element elementor-element-9223d7c elementor-widget elementor-widget-image\" data-id=\"9223d7c\" data-element_type=\"widget\" data-e-type=\"widget\" data-widget_type=\"image.default\">\n\t\t\t\t<div class=\"elementor-widget-container\">\n\t\t\t\t\t\t\t\t\t\t\t\t\t\t\t<img fetchpriority=\"high\" decoding=\"async\" width=\"1024\" height=\"768\" src=\"https:\/\/matikali.com\/wp-content\/uploads\/2022\/01\/website-papalotl.jpg\" class=\"attachment-large size-large wp-image-2800\" alt=\"Dise\u00f1o web y Dise\u00f1o UX UI para papalotl cosm\u00e9tica bot\u00e1nica por Matikali Estudio Creativo\" srcset=\"https:\/\/matikali.com\/wp-content\/uploads\/2022\/01\/website-papalotl.jpg 1024w, https:\/\/matikali.com\/wp-content\/uploads\/2022\/01\/website-papalotl-1000x750.jpg 1000w, https:\/\/matikali.com\/wp-content\/uploads\/2022\/01\/website-papalotl-300x225.jpg 300w, https:\/\/matikali.com\/wp-content\/uploads\/2022\/01\/website-papalotl-768x576.jpg 768w\" sizes=\"(max-width: 1024px) 100vw, 1024px\" \/>\t\t\t\t\t\t\t\t\t\t\t\t\t\t\t<\/div>\n\t\t\t\t<\/div>\n\t\t\t\t\t<\/div>\n\t\t<\/div>\n\t\t\t\t<div class=\"elementor-column elementor-col-50 elementor-top-column elementor-element elementor-element-df3a36f\" data-id=\"df3a36f\" data-element_type=\"column\" data-e-type=\"column\">\n\t\t\t<div class=\"elementor-widget-wrap elementor-element-populated\">\n\t\t\t\t\t\t<div class=\"elementor-element elementor-element-dd1da09 elementor-invisible elementor-widget elementor-widget-text-editor\" data-id=\"dd1da09\" data-element_type=\"widget\" data-e-type=\"widget\" data-settings=\"{&quot;_animation&quot;:&quot;zoomIn&quot;}\" data-widget_type=\"text-editor.default\">\n\t\t\t\t<div class=\"elementor-widget-container\">\n\t\t\t\t\t\t\t\t\t<p>PAPALOTL COSM\u00c9TICA<\/p>\t\t\t\t\t\t\t\t<\/div>\n\t\t\t\t<\/div>\n\t\t\t\t<div class=\"elementor-element elementor-element-f3b277e elementor-invisible elementor-widget elementor-widget-text-editor\" data-id=\"f3b277e\" data-element_type=\"widget\" data-e-type=\"widget\" data-settings=\"{&quot;_animation&quot;:&quot;slideInUp&quot;}\" data-widget_type=\"text-editor.default\">\n\t\t\t\t<div class=\"elementor-widget-container\">\n\t\t\t\t\t\t\t\t\t<p>Es una marca de San Jos\u00e9 del Cabo, M\u00e9xico que de su propio huerto crea cosm\u00e9ticos y productos para la piel, 100% naturales.<\/p>\t\t\t\t\t\t\t\t<\/div>\n\t\t\t\t<\/div>\n\t\t\t\t<div class=\"elementor-element elementor-element-4e66ecc elementor-icon-list--layout-traditional elementor-list-item-link-full_width elementor-widget elementor-widget-icon-list\" data-id=\"4e66ecc\" data-element_type=\"widget\" data-e-type=\"widget\" data-widget_type=\"icon-list.default\">\n\t\t\t\t<div class=\"elementor-widget-container\">\n\t\t\t\t\t\t\t<ul class=\"elementor-icon-list-items\">\n\t\t\t\t\t\t\t<li class=\"elementor-icon-list-item\">\n\t\t\t\t\t\t\t\t\t\t\t<span class=\"elementor-icon-list-icon\">\n\t\t\t\t\t\t\t<i aria-hidden=\"true\" class=\"fas fa-clock\"><\/i>\t\t\t\t\t\t<\/span>\n\t\t\t\t\t\t\t\t\t\t<span class=\"elementor-icon-list-text\">Septiembre 2021<\/span>\n\t\t\t\t\t\t\t\t\t<\/li>\n\t\t\t\t\t\t<\/ul>\n\t\t\t\t\t\t<\/div>\n\t\t\t\t<\/div>\n\t\t\t\t\t<\/div>\n\t\t<\/div>\n\t\t\t\t\t<\/div>\n\t\t<\/section>\n\t\t\t\t<section class=\"elementor-section elementor-top-section elementor-element elementor-element-023656b elementor-section-full_width elementor-section-content-middle elementor-section-height-default elementor-section-height-default\" data-id=\"023656b\" data-element_type=\"section\" data-e-type=\"section\" data-settings=\"{&quot;background_background&quot;:&quot;classic&quot;}\">\n\t\t\t\t\t\t<div class=\"elementor-container elementor-column-gap-default\">\n\t\t\t\t\t<div class=\"elementor-column elementor-col-100 elementor-top-column elementor-element elementor-element-259f381\" data-id=\"259f381\" data-element_type=\"column\" data-e-type=\"column\">\n\t\t\t<div class=\"elementor-widget-wrap elementor-element-populated\">\n\t\t\t\t\t\t<div class=\"elementor-element elementor-element-6e0abb8 elementor-widget elementor-widget-image\" data-id=\"6e0abb8\" data-element_type=\"widget\" data-e-type=\"widget\" data-widget_type=\"image.default\">\n\t\t\t\t<div class=\"elementor-widget-container\">\n\t\t\t\t\t\t\t\t\t\t\t\t\t\t\t<img decoding=\"async\" width=\"691\" height=\"2560\" data-src=\"https:\/\/matikali.com\/wp-content\/uploads\/2022\/01\/papalotl-cosmetica-disen\u0303o-web-scaled.jpg\" class=\"attachment-full size-full wp-image-3353 lazyload\" alt=\"Dise\u00f1o Web y Dise\u00f1o UX UI para Papalotl cosm\u00e9tica natural\" data-srcset=\"https:\/\/matikali.com\/wp-content\/uploads\/2022\/01\/papalotl-cosmetica-disen\u0303o-web-scaled.jpg 691w, https:\/\/matikali.com\/wp-content\/uploads\/2022\/01\/papalotl-cosmetica-disen\u0303o-web-81x300.jpg 81w, https:\/\/matikali.com\/wp-content\/uploads\/2022\/01\/papalotl-cosmetica-disen\u0303o-web-276x1024.jpg 276w\" data-sizes=\"(max-width: 691px) 100vw, 691px\" src=\"data:image\/svg+xml;base64,PHN2ZyB3aWR0aD0iMSIgaGVpZ2h0PSIxIiB4bWxucz0iaHR0cDovL3d3dy53My5vcmcvMjAwMC9zdmciPjwvc3ZnPg==\" style=\"--smush-placeholder-width: 691px; --smush-placeholder-aspect-ratio: 691\/2560;\" \/>\t\t\t\t\t\t\t\t\t\t\t\t\t\t\t<\/div>\n\t\t\t\t<\/div>\n\t\t\t\t\t<\/div>\n\t\t<\/div>\n\t\t\t\t\t<\/div>\n\t\t<\/section>\n\t\t\t\t<section class=\"elementor-section elementor-top-section elementor-element elementor-element-4e530c9 elementor-section-full_width elementor-section-height-default elementor-section-height-default\" data-id=\"4e530c9\" data-element_type=\"section\" data-e-type=\"section\" data-settings=\"{&quot;_ha_eqh_enable&quot;:false}\">\n\t\t\t\t\t\t<div class=\"elementor-container elementor-column-gap-default\">\n\t\t\t\t\t<div class=\"elementor-column elementor-col-100 elementor-top-column elementor-element elementor-element-815f649\" data-id=\"815f649\" data-element_type=\"column\" data-e-type=\"column\">\n\t\t\t<div class=\"elementor-widget-wrap elementor-element-populated\">\n\t\t\t\t\t\t<div class=\"elementor-element elementor-element-141dde9 elementor-widget elementor-widget-image\" data-id=\"141dde9\" data-element_type=\"widget\" data-e-type=\"widget\" data-widget_type=\"image.default\">\n\t\t\t\t<div class=\"elementor-widget-container\">\n\t\t\t\t\t\t\t\t\t\t\t\t\t\t\t<img decoding=\"async\" width=\"1600\" height=\"1067\" data-src=\"https:\/\/matikali.com\/wp-content\/uploads\/2022\/01\/website-papalotl-cosmetica.jpg\" class=\"attachment-full size-full wp-image-3409 lazyload\" alt=\"Servicios de Dise\u00f1o Web y Dise\u00f1o UX UI para Papalotl cosm\u00e9tica natural\" data-srcset=\"https:\/\/matikali.com\/wp-content\/uploads\/2022\/01\/website-papalotl-cosmetica.jpg 1600w, https:\/\/matikali.com\/wp-content\/uploads\/2022\/01\/website-papalotl-cosmetica-1000x667.jpg 1000w, https:\/\/matikali.com\/wp-content\/uploads\/2022\/01\/website-papalotl-cosmetica-300x200.jpg 300w, https:\/\/matikali.com\/wp-content\/uploads\/2022\/01\/website-papalotl-cosmetica-1024x683.jpg 1024w, https:\/\/matikali.com\/wp-content\/uploads\/2022\/01\/website-papalotl-cosmetica-768x512.jpg 768w, https:\/\/matikali.com\/wp-content\/uploads\/2022\/01\/website-papalotl-cosmetica-1536x1024.jpg 1536w\" data-sizes=\"(max-width: 1600px) 100vw, 1600px\" src=\"data:image\/svg+xml;base64,PHN2ZyB3aWR0aD0iMSIgaGVpZ2h0PSIxIiB4bWxucz0iaHR0cDovL3d3dy53My5vcmcvMjAwMC9zdmciPjwvc3ZnPg==\" style=\"--smush-placeholder-width: 1600px; --smush-placeholder-aspect-ratio: 1600\/1067;\" \/>\t\t\t\t\t\t\t\t\t\t\t\t\t\t\t<\/div>\n\t\t\t\t<\/div>\n\t\t\t\t\t<\/div>\n\t\t<\/div>\n\t\t\t\t\t<\/div>\n\t\t<\/section>\n\t\t\t\t<section class=\"elementor-section elementor-top-section elementor-element elementor-element-9d2d7d2 elementor-section-boxed elementor-section-height-default elementor-section-height-default\" data-id=\"9d2d7d2\" data-element_type=\"section\" data-e-type=\"section\" data-settings=\"{&quot;_ha_eqh_enable&quot;:false}\">\n\t\t\t\t\t\t<div class=\"elementor-container elementor-column-gap-default\">\n\t\t\t\t\t<div class=\"elementor-column elementor-col-100 elementor-top-column elementor-element elementor-element-a1bf4a8\" data-id=\"a1bf4a8\" data-element_type=\"column\" data-e-type=\"column\">\n\t\t\t<div class=\"elementor-widget-wrap elementor-element-populated\">\n\t\t\t\t\t\t<div class=\"elementor-element elementor-element-5f8c7cc elementor-align-center elementor-invisible elementor-widget elementor-widget-button\" data-id=\"5f8c7cc\" data-element_type=\"widget\" data-e-type=\"widget\" data-settings=\"{&quot;_animation&quot;:&quot;slideInRight&quot;}\" data-widget_type=\"button.default\">\n\t\t\t\t<div class=\"elementor-widget-container\">\n\t\t\t\t\t\t\t\t\t<div class=\"elementor-button-wrapper\">\n\t\t\t\t\t<a class=\"elementor-button elementor-button-link elementor-size-sm\" href=\"https:\/\/matikali.com\/es\/portafolio-diseno-web\/\">\n\t\t\t\t\t\t<span class=\"elementor-button-content-wrapper\">\n\t\t\t\t\t\t<span class=\"elementor-button-icon\">\n\t\t\t\t<svg xmlns=\"http:\/\/www.w3.org\/2000\/svg\" id=\"af259cf5-7745-4534-b9fe-b5b181823a33\" data-name=\"Layer 1\" width=\"74\" height=\"74\" viewbox=\"0 0 74 74\"><polygon points=\"0 0 0 4 66.052 4 0.352 69.701 3.18 72.529 70 5.708 70 74 74 74 74 0 0 0\"><\/polygon><\/svg>\t\t\t<\/span>\n\t\t\t\t\t\t\t\t\t<span class=\"elementor-button-text\">IR  A PORTAFOLIO<\/span>\n\t\t\t\t\t<\/span>\n\t\t\t\t\t<\/a>\n\t\t\t\t<\/div>\n\t\t\t\t\t\t\t\t<\/div>\n\t\t\t\t<\/div>\n\t\t\t\t\t<\/div>\n\t\t<\/div>\n\t\t\t\t\t<\/div>\n\t\t<\/section>\n\t\t\t\t<\/div>","protected":false},"excerpt":{"rendered":"<p>PAPALOTL COSM\u00c9TICA Es una marca de San Jos\u00e9 del Cabo, M\u00e9xico que de su propio huerto crea cosm\u00e9ticos y productos para la piel, 100% naturales. Septiembre 2021 IR A PORTAFOLIO<\/p>","protected":false},"author":1,"featured_media":2800,"parent":0,"menu_order":0,"comment_status":"closed","ping_status":"closed","template":"elementor_header_footer","meta":{"footnotes":""},"class_list":["post-3322","page","type-page","status-publish","has-post-thumbnail","hentry"],"blocksy_meta":{"styles_descriptor":{"styles":{"desktop":"","tablet":"","mobile":""},"google_fonts":[],"version":6}},"_links":{"self":[{"href":"https:\/\/matikali.com\/es\/wp-json\/wp\/v2\/pages\/3322","targetHints":{"allow":["GET"]}}],"collection":[{"href":"https:\/\/matikali.com\/es\/wp-json\/wp\/v2\/pages"}],"about":[{"href":"https:\/\/matikali.com\/es\/wp-json\/wp\/v2\/types\/page"}],"author":[{"embeddable":true,"href":"https:\/\/matikali.com\/es\/wp-json\/wp\/v2\/users\/1"}],"replies":[{"embeddable":true,"href":"https:\/\/matikali.com\/es\/wp-json\/wp\/v2\/comments?post=3322"}],"version-history":[{"count":6,"href":"https:\/\/matikali.com\/es\/wp-json\/wp\/v2\/pages\/3322\/revisions"}],"predecessor-version":[{"id":8504,"href":"https:\/\/matikali.com\/es\/wp-json\/wp\/v2\/pages\/3322\/revisions\/8504"}],"wp:featuredmedia":[{"embeddable":true,"href":"https:\/\/matikali.com\/es\/wp-json\/wp\/v2\/media\/2800"}],"wp:attachment":[{"href":"https:\/\/matikali.com\/es\/wp-json\/wp\/v2\/media?parent=3322"}],"curies":[{"name":"wp","href":"https:\/\/api.w.org\/{rel}","templated":true}]}}