{"id":429,"date":"2021-06-29T03:43:54","date_gmt":"2021-06-29T03:43:54","guid":{"rendered":"https:\/\/matikali.com\/?page_id=429"},"modified":"2023-05-29T20:26:28","modified_gmt":"2023-05-30T02:26:28","slug":"cbd-ecommerce-design","status":"publish","type":"page","link":"https:\/\/matikali.com\/es\/cbd-ecommerce-design\/","title":{"rendered":"joinTHeCommunity CBD"},"content":{"rendered":"<style>.elementor-429 .elementor-element.elementor-element-7350fb3 > .elementor-container > .elementor-column > .elementor-widget-wrap{align-content:center;align-items:center;}.elementor-429 .elementor-element.elementor-element-7350fb3:not(.elementor-motion-effects-element-type-background), .elementor-429 .elementor-element.elementor-element-7350fb3 > .elementor-motion-effects-container > .elementor-motion-effects-layer{background-color:var( --e-global-color-accent );}.elementor-429 .elementor-element.elementor-element-7350fb3{transition:background 0.3s, border 0.3s, border-radius 0.3s, box-shadow 0.3s;padding:50px 0px 50px 0px;}.elementor-429 .elementor-element.elementor-element-7350fb3 > .elementor-background-overlay{transition:background 0.3s, border-radius 0.3s, opacity 0.3s;}.elementor-widget-image .widget-image-caption{color:var( --e-global-color-text );font-family:var( --e-global-typography-text-font-family ), Sans-serif;font-size:var( --e-global-typography-text-font-size );font-weight:var( --e-global-typography-text-font-weight );text-transform:var( --e-global-typography-text-text-transform );font-style:var( --e-global-typography-text-font-style );text-decoration:var( --e-global-typography-text-text-decoration );line-height:var( --e-global-typography-text-line-height );}.elementor-429 .elementor-element.elementor-element-abad0ac > .elementor-element-populated{padding:0px 40px 0px 40px;}.elementor-widget-text-editor{font-family:var( --e-global-typography-text-font-family ), Sans-serif;font-size:var( --e-global-typography-text-font-size );font-weight:var( --e-global-typography-text-font-weight );text-transform:var( --e-global-typography-text-text-transform );font-style:var( --e-global-typography-text-font-style );text-decoration:var( --e-global-typography-text-text-decoration );line-height:var( --e-global-typography-text-line-height );color:var( --e-global-color-text );}.elementor-widget-text-editor.elementor-drop-cap-view-stacked .elementor-drop-cap{background-color:var( --e-global-color-primary );}.elementor-widget-text-editor.elementor-drop-cap-view-framed .elementor-drop-cap, .elementor-widget-text-editor.elementor-drop-cap-view-default .elementor-drop-cap{color:var( --e-global-color-primary );border-color:var( --e-global-color-primary );}.elementor-429 .elementor-element.elementor-element-6ddfe4b{text-align:start;font-family:\"Sora\", Sans-serif;font-size:36px;font-weight:400;text-transform:uppercase;font-style:normal;text-decoration:none;line-height:1.5em;letter-spacing:-1px;color:var( --e-global-color-text );}.elementor-429 .elementor-element.elementor-element-678ebf4{font-family:\"Fahkwang\", Sans-serif;font-size:21px;font-weight:400;line-height:1.7em;color:var( --e-global-color-text );width:var( --container-widget-width, 67% );max-width:67%;--container-widget-width:67%;--container-widget-flex-grow:0;}.elementor-429 .elementor-element.elementor-element-678ebf4 > .elementor-widget-container{padding:20px 0px 20px 0px;}.elementor-widget-icon-list .elementor-icon-list-item:not(:last-child):after{border-color:var( --e-global-color-text );}.elementor-widget-icon-list .elementor-icon-list-icon i{color:var( --e-global-color-primary );}.elementor-widget-icon-list .elementor-icon-list-icon svg{fill:var( --e-global-color-primary );}.elementor-widget-icon-list .elementor-icon-list-item > .elementor-icon-list-text, .elementor-widget-icon-list .elementor-icon-list-item > a{font-family:var( --e-global-typography-text-font-family ), Sans-serif;font-size:var( --e-global-typography-text-font-size );font-weight:var( --e-global-typography-text-font-weight );text-transform:var( --e-global-typography-text-text-transform );font-style:var( --e-global-typography-text-font-style );text-decoration:var( --e-global-typography-text-text-decoration );line-height:var( --e-global-typography-text-line-height );}.elementor-widget-icon-list .elementor-icon-list-text{color:var( --e-global-color-secondary );}.elementor-429 .elementor-element.elementor-element-b1cff97 .elementor-icon-list-icon i{color:#C08647;transition:color 0.3s;}.elementor-429 .elementor-element.elementor-element-b1cff97 .elementor-icon-list-icon svg{fill:#C08647;transition:fill 0.3s;}.elementor-429 .elementor-element.elementor-element-b1cff97{--e-icon-list-icon-size:26px;--icon-vertical-offset:0px;}.elementor-429 .elementor-element.elementor-element-b1cff97 .elementor-icon-list-icon{padding-inline-end:6px;}.elementor-429 .elementor-element.elementor-element-b1cff97 .elementor-icon-list-item > .elementor-icon-list-text, .elementor-429 .elementor-element.elementor-element-b1cff97 .elementor-icon-list-item > a{font-family:\"Fahkwang\", Sans-serif;font-size:22px;font-weight:400;line-height:3.1em;}.elementor-429 .elementor-element.elementor-element-b1cff97 .elementor-icon-list-text{color:var( --e-global-color-secondary );transition:color 0.3s;}.elementor-429 .elementor-element.elementor-element-b1cff97 > .elementor-widget-container{padding:20px 0px 30px 0px;}.elementor-429 .elementor-element.elementor-element-08ad32a > .elementor-container{max-width:1001px;}.elementor-429 .elementor-element.elementor-element-08ad32a{padding:30px 0px 0px 0px;}.elementor-429 .elementor-element.elementor-element-783a335 .elementor-wrapper{--video-aspect-ratio:1.77777;}.elementor-429 .elementor-element.elementor-element-c7aedcd img{width:33%;}.elementor-429 .elementor-element.elementor-element-c7aedcd > .elementor-widget-container{padding:0px 0px 0px 0px;}.elementor-widget-button .elementor-button{font-family:var( --e-global-typography-accent-font-family ), Sans-serif;font-size:var( --e-global-typography-accent-font-size );font-weight:var( --e-global-typography-accent-font-weight );text-transform:var( --e-global-typography-accent-text-transform );font-style:var( --e-global-typography-accent-font-style );text-decoration:var( --e-global-typography-accent-text-decoration );line-height:var( --e-global-typography-accent-line-height );background-color:var( --e-global-color-accent );}.elementor-429 .elementor-element.elementor-element-9778ac0 .elementor-button-content-wrapper{flex-direction:row-reverse;}.elementor-429 .elementor-element.elementor-element-9778ac0 .elementor-button .elementor-button-content-wrapper{gap:25px;}.elementor-429 .elementor-element.elementor-element-9778ac0 .elementor-button{font-family:\"Sora\", Sans-serif;font-size:36px;font-weight:500;letter-spacing:-0.1px;fill:#000000;color:#000000;background-color:#61CE7000;}.elementor-429 .elementor-element.elementor-element-9778ac0 > .elementor-widget-container{padding:30px 0px 30px 0px;}@media(max-width:1366px){.elementor-widget-image .widget-image-caption{font-size:var( --e-global-typography-text-font-size );line-height:var( --e-global-typography-text-line-height );}.elementor-widget-text-editor{font-size:var( --e-global-typography-text-font-size );line-height:var( --e-global-typography-text-line-height );}.elementor-429 .elementor-element.elementor-element-678ebf4{--container-widget-width:89%;--container-widget-flex-grow:0;width:var( --container-widget-width, 89% );max-width:89%;}.elementor-widget-icon-list .elementor-icon-list-item > .elementor-icon-list-text, .elementor-widget-icon-list .elementor-icon-list-item > a{font-size:var( --e-global-typography-text-font-size );line-height:var( --e-global-typography-text-line-height );}.elementor-429 .elementor-element.elementor-element-c7aedcd img{width:50%;}.elementor-widget-button .elementor-button{font-size:var( --e-global-typography-accent-font-size );line-height:var( --e-global-typography-accent-line-height );}}@media(max-width:1024px){.elementor-widget-image .widget-image-caption{font-size:var( --e-global-typography-text-font-size );line-height:var( --e-global-typography-text-line-height );}.elementor-widget-text-editor{font-size:var( --e-global-typography-text-font-size );line-height:var( --e-global-typography-text-line-height );}.elementor-429 .elementor-element.elementor-element-6ddfe4b{font-size:42px;line-height:1.2em;letter-spacing:0px;}.elementor-widget-icon-list .elementor-icon-list-item > .elementor-icon-list-text, .elementor-widget-icon-list .elementor-icon-list-item > a{font-size:var( --e-global-typography-text-font-size );line-height:var( --e-global-typography-text-line-height );}.elementor-widget-button .elementor-button{font-size:var( --e-global-typography-accent-font-size );line-height:var( --e-global-typography-accent-line-height );}}@media(max-width:767px){.elementor-429 .elementor-element.elementor-element-7350fb3{padding:0px 30px 0px 25px;}.elementor-widget-image .widget-image-caption{font-size:var( --e-global-typography-text-font-size );line-height:var( --e-global-typography-text-line-height );}.elementor-429 .elementor-element.elementor-element-abad0ac > .elementor-element-populated{padding:0px 0px 0px 0px;}.elementor-widget-text-editor{font-size:var( --e-global-typography-text-font-size );line-height:var( --e-global-typography-text-line-height );}.elementor-429 .elementor-element.elementor-element-6ddfe4b{font-size:23px;line-height:1.5em;letter-spacing:0px;}.elementor-429 .elementor-element.elementor-element-6ddfe4b > .elementor-widget-container{padding:27px 0px 0px 0px;}.elementor-429 .elementor-element.elementor-element-678ebf4{line-height:1.5em;}.elementor-429 .elementor-element.elementor-element-678ebf4 > .elementor-widget-container{padding:30px 0px 30px 0px;}.elementor-widget-icon-list .elementor-icon-list-item > .elementor-icon-list-text, .elementor-widget-icon-list .elementor-icon-list-item > a{font-size:var( --e-global-typography-text-font-size );line-height:var( --e-global-typography-text-line-height );}.elementor-429 .elementor-element.elementor-element-b1cff97 .elementor-icon-list-item > .elementor-icon-list-text, .elementor-429 .elementor-element.elementor-element-b1cff97 .elementor-icon-list-item > a{line-height:1.5em;}.elementor-429 .elementor-element.elementor-element-b1cff97 > .elementor-widget-container{padding:0px 0px 30px 0px;}.elementor-429 .elementor-element.elementor-element-08ad32a{padding:020px 0px 0px 0px;}.elementor-429 .elementor-element.elementor-element-c7aedcd img{width:93%;}.elementor-429 .elementor-element.elementor-element-c7aedcd > .elementor-widget-container{padding:30px 0px 0px 0px;}.elementor-widget-button .elementor-button{font-size:var( --e-global-typography-accent-font-size );line-height:var( --e-global-typography-accent-line-height );}}<\/style>\t\t<div data-elementor-type=\"wp-page\" data-elementor-id=\"429\" class=\"elementor elementor-429\" data-elementor-settings=\"{&quot;ha_cmc_init_switcher&quot;:&quot;no&quot;}\" data-elementor-post-type=\"page\">\n\t\t\t\t\t\t<section class=\"elementor-section elementor-top-section elementor-element elementor-element-7350fb3 elementor-section-content-middle elementor-section-full_width elementor-section-height-default elementor-section-height-default\" data-id=\"7350fb3\" data-element_type=\"section\" data-e-type=\"section\" data-settings=\"{&quot;background_background&quot;:&quot;classic&quot;,&quot;_ha_eqh_enable&quot;:false}\">\n\t\t\t\t\t\t<div class=\"elementor-container elementor-column-gap-no\">\n\t\t\t\t\t<div class=\"elementor-column elementor-col-50 elementor-top-column elementor-element elementor-element-8baa4b0\" data-id=\"8baa4b0\" data-element_type=\"column\" data-e-type=\"column\">\n\t\t\t<div class=\"elementor-widget-wrap elementor-element-populated\">\n\t\t\t\t\t\t<div class=\"elementor-element elementor-element-b457ff6 elementor-invisible elementor-widget elementor-widget-image\" data-id=\"b457ff6\" data-element_type=\"widget\" data-e-type=\"widget\" data-settings=\"{&quot;_animation&quot;:&quot;fadeInUp&quot;}\" data-widget_type=\"image.default\">\n\t\t\t\t<div class=\"elementor-widget-container\">\n\t\t\t\t\t\t\t\t\t\t\t\t\t\t\t<img fetchpriority=\"high\" decoding=\"async\" width=\"1024\" height=\"683\" src=\"https:\/\/matikali.com\/wp-content\/uploads\/2023\/03\/CBD-ecommerce-web-diseno-web-por-matikali-1024x683.jpg\" class=\"attachment-large size-large wp-image-7823\" alt=\"\" srcset=\"https:\/\/matikali.com\/wp-content\/uploads\/2023\/03\/CBD-ecommerce-web-diseno-web-por-matikali-1024x683.jpg 1024w, https:\/\/matikali.com\/wp-content\/uploads\/2023\/03\/CBD-ecommerce-web-diseno-web-por-matikali-1000x667.jpg 1000w, https:\/\/matikali.com\/wp-content\/uploads\/2023\/03\/CBD-ecommerce-web-diseno-web-por-matikali-300x200.jpg 300w, https:\/\/matikali.com\/wp-content\/uploads\/2023\/03\/CBD-ecommerce-web-diseno-web-por-matikali-768x512.jpg 768w, https:\/\/matikali.com\/wp-content\/uploads\/2023\/03\/CBD-ecommerce-web-diseno-web-por-matikali-18x12.jpg 18w, https:\/\/matikali.com\/wp-content\/uploads\/2023\/03\/CBD-ecommerce-web-diseno-web-por-matikali.jpg 1200w\" sizes=\"(max-width: 1024px) 100vw, 1024px\" \/>\t\t\t\t\t\t\t\t\t\t\t\t\t\t\t<\/div>\n\t\t\t\t<\/div>\n\t\t\t\t\t<\/div>\n\t\t<\/div>\n\t\t\t\t<div class=\"elementor-column elementor-col-50 elementor-top-column elementor-element elementor-element-abad0ac\" data-id=\"abad0ac\" data-element_type=\"column\" data-e-type=\"column\">\n\t\t\t<div class=\"elementor-widget-wrap elementor-element-populated\">\n\t\t\t\t\t\t<div class=\"elementor-element elementor-element-6ddfe4b elementor-invisible elementor-widget elementor-widget-text-editor\" data-id=\"6ddfe4b\" data-element_type=\"widget\" data-e-type=\"widget\" data-settings=\"{&quot;_animation&quot;:&quot;zoomIn&quot;}\" data-widget_type=\"text-editor.default\">\n\t\t\t\t<div class=\"elementor-widget-container\">\n\t\t\t\t\t\t\t\t\t<p>joinTHeCommunity<\/p>\t\t\t\t\t\t\t\t<\/div>\n\t\t\t\t<\/div>\n\t\t\t\t<div class=\"elementor-element elementor-element-678ebf4 elementor-widget__width-initial elementor-widget elementor-widget-text-editor\" data-id=\"678ebf4\" data-element_type=\"widget\" data-e-type=\"widget\" data-widget_type=\"text-editor.default\">\n\t\t\t\t<div class=\"elementor-widget-container\">\n\t\t\t\t\t\t\t\t\t<p>Dise\u00f1o y desarrollo de e-commerce para una marca de CBD terap\u00e9utico de M\u00e9xico.<\/p>\t\t\t\t\t\t\t\t<\/div>\n\t\t\t\t<\/div>\n\t\t\t\t<div class=\"elementor-element elementor-element-b1cff97 elementor-icon-list--layout-traditional elementor-list-item-link-full_width elementor-widget elementor-widget-icon-list\" data-id=\"b1cff97\" data-element_type=\"widget\" data-e-type=\"widget\" data-widget_type=\"icon-list.default\">\n\t\t\t\t<div class=\"elementor-widget-container\">\n\t\t\t\t\t\t\t<ul class=\"elementor-icon-list-items\">\n\t\t\t\t\t\t\t<li class=\"elementor-icon-list-item\">\n\t\t\t\t\t\t\t\t\t\t\t<span class=\"elementor-icon-list-icon\">\n\t\t\t\t\t\t\t<i aria-hidden=\"true\" class=\"fas fa-clock\"><\/i>\t\t\t\t\t\t<\/span>\n\t\t\t\t\t\t\t\t\t\t<span class=\"elementor-icon-list-text\">Marzo 2023<\/span>\n\t\t\t\t\t\t\t\t\t<\/li>\n\t\t\t\t\t\t<\/ul>\n\t\t\t\t\t\t<\/div>\n\t\t\t\t<\/div>\n\t\t\t\t\t<\/div>\n\t\t<\/div>\n\t\t\t\t\t<\/div>\n\t\t<\/section>\n\t\t\t\t<section class=\"elementor-section elementor-top-section elementor-element elementor-element-08ad32a elementor-section-boxed elementor-section-height-default elementor-section-height-default\" data-id=\"08ad32a\" data-element_type=\"section\" data-e-type=\"section\" data-settings=\"{&quot;_ha_eqh_enable&quot;:false}\">\n\t\t\t\t\t\t<div class=\"elementor-container elementor-column-gap-default\">\n\t\t\t\t\t<div class=\"elementor-column elementor-col-100 elementor-top-column elementor-element elementor-element-90c25dc\" data-id=\"90c25dc\" data-element_type=\"column\" data-e-type=\"column\">\n\t\t\t<div class=\"elementor-widget-wrap elementor-element-populated\">\n\t\t\t\t\t\t<div class=\"elementor-element elementor-element-783a335 elementor-widget elementor-widget-video\" data-id=\"783a335\" data-element_type=\"widget\" data-e-type=\"widget\" data-settings=\"{&quot;autoplay&quot;:&quot;yes&quot;,&quot;play_on_mobile&quot;:&quot;yes&quot;,&quot;mute&quot;:&quot;yes&quot;,&quot;loop&quot;:&quot;yes&quot;,&quot;video_type&quot;:&quot;vimeo&quot;}\" data-widget_type=\"video.default\">\n\t\t\t\t<div class=\"elementor-widget-container\">\n\t\t\t\t\t\t\t<div class=\"elementor-wrapper elementor-open-inline\">\n\t\t\t<iframe class=\"elementor-video-iframe lazyload\" allowfullscreen allow=\"autoplay\" title=\"Reproductor de video vimeo\" data-src=\"https:\/\/player.vimeo.com\/video\/813725031?autoplay=1&amp;playsinline=1&amp;color&amp;autopause=0&amp;loop=1&amp;muted=1&amp;title=0&amp;portrait=0&amp;byline=0#t=\" src=\"data:image\/svg+xml;base64,PHN2ZyB3aWR0aD0iMSIgaGVpZ2h0PSIxIiB4bWxucz0iaHR0cDovL3d3dy53My5vcmcvMjAwMC9zdmciPjwvc3ZnPg==\" data-load-mode=\"1\"><\/iframe>\t\t<\/div>\n\t\t\t\t\t\t<\/div>\n\t\t\t\t<\/div>\n\t\t\t\t<div class=\"elementor-element elementor-element-c7aedcd elementor-hidden-desktop elementor-hidden-laptop elementor-hidden-tablet elementor-widget elementor-widget-image\" data-id=\"c7aedcd\" data-element_type=\"widget\" data-e-type=\"widget\" data-widget_type=\"image.default\">\n\t\t\t\t<div class=\"elementor-widget-container\">\n\t\t\t\t\t\t\t\t\t\t\t\t\t\t\t<img decoding=\"async\" width=\"408\" height=\"2560\" data-src=\"https:\/\/matikali.com\/wp-content\/uploads\/2023\/05\/diseno-web-de-ux-ui-para-ecommerce-de-suplementos-alimenticios-scaled.jpg\" class=\"attachment-full size-full wp-image-8461 lazyload\" alt=\"\" data-srcset=\"https:\/\/matikali.com\/wp-content\/uploads\/2023\/05\/diseno-web-de-ux-ui-para-ecommerce-de-suplementos-alimenticios-scaled.jpg 408w, https:\/\/matikali.com\/wp-content\/uploads\/2023\/05\/diseno-web-de-ux-ui-para-ecommerce-de-suplementos-alimenticios-48x300.jpg 48w, https:\/\/matikali.com\/wp-content\/uploads\/2023\/05\/diseno-web-de-ux-ui-para-ecommerce-de-suplementos-alimenticios-163x1024.jpg 163w, https:\/\/matikali.com\/wp-content\/uploads\/2023\/05\/diseno-web-de-ux-ui-para-ecommerce-de-suplementos-alimenticios-245x1536.jpg 245w\" data-sizes=\"(max-width: 408px) 100vw, 408px\" src=\"data:image\/svg+xml;base64,PHN2ZyB3aWR0aD0iMSIgaGVpZ2h0PSIxIiB4bWxucz0iaHR0cDovL3d3dy53My5vcmcvMjAwMC9zdmciPjwvc3ZnPg==\" style=\"--smush-placeholder-width: 408px; --smush-placeholder-aspect-ratio: 408\/2560;\" \/>\t\t\t\t\t\t\t\t\t\t\t\t\t\t\t<\/div>\n\t\t\t\t<\/div>\n\t\t\t\t\t<\/div>\n\t\t<\/div>\n\t\t\t\t\t<\/div>\n\t\t<\/section>\n\t\t\t\t<section class=\"elementor-section elementor-top-section elementor-element elementor-element-d2340ac elementor-section-boxed elementor-section-height-default elementor-section-height-default\" data-id=\"d2340ac\" data-element_type=\"section\" data-e-type=\"section\" data-settings=\"{&quot;_ha_eqh_enable&quot;:false}\">\n\t\t\t\t\t\t<div class=\"elementor-container elementor-column-gap-default\">\n\t\t\t\t\t<div class=\"elementor-column elementor-col-100 elementor-top-column elementor-element elementor-element-445f04d\" data-id=\"445f04d\" data-element_type=\"column\" data-e-type=\"column\">\n\t\t\t<div class=\"elementor-widget-wrap elementor-element-populated\">\n\t\t\t\t\t\t<div class=\"elementor-element elementor-element-9778ac0 elementor-align-center elementor-invisible elementor-widget elementor-widget-button\" data-id=\"9778ac0\" data-element_type=\"widget\" data-e-type=\"widget\" data-settings=\"{&quot;_animation&quot;:&quot;slideInRight&quot;}\" data-widget_type=\"button.default\">\n\t\t\t\t<div class=\"elementor-widget-container\">\n\t\t\t\t\t\t\t\t\t<div class=\"elementor-button-wrapper\">\n\t\t\t\t\t<a class=\"elementor-button elementor-button-link elementor-size-sm\" href=\"https:\/\/matikali.com\/es\/portafolio-diseno-web\/\">\n\t\t\t\t\t\t<span class=\"elementor-button-content-wrapper\">\n\t\t\t\t\t\t<span class=\"elementor-button-icon\">\n\t\t\t\t<svg xmlns=\"http:\/\/www.w3.org\/2000\/svg\" id=\"af259cf5-7745-4534-b9fe-b5b181823a33\" data-name=\"Layer 1\" width=\"74\" height=\"74\" viewbox=\"0 0 74 74\"><polygon points=\"0 0 0 4 66.052 4 0.352 69.701 3.18 72.529 70 5.708 70 74 74 74 74 0 0 0\"><\/polygon><\/svg>\t\t\t<\/span>\n\t\t\t\t\t\t\t\t\t<span class=\"elementor-button-text\">IR  A PORTAFOLIO<\/span>\n\t\t\t\t\t<\/span>\n\t\t\t\t\t<\/a>\n\t\t\t\t<\/div>\n\t\t\t\t\t\t\t\t<\/div>\n\t\t\t\t<\/div>\n\t\t\t\t\t<\/div>\n\t\t<\/div>\n\t\t\t\t\t<\/div>\n\t\t<\/section>\n\t\t\t\t<\/div>","protected":false},"excerpt":{"rendered":"<p>joinTHeCommunity Dise\u00f1o y desarrollo de e-commerce para una marca de CBD terap\u00e9utico de M\u00e9xico. Marzo 2023 IR A PORTAFOLIO<\/p>","protected":false},"author":1,"featured_media":0,"parent":0,"menu_order":0,"comment_status":"closed","ping_status":"closed","template":"elementor_header_footer","meta":{"footnotes":""},"class_list":["post-429","page","type-page","status-publish","hentry"],"blocksy_meta":{"styles_descriptor":{"styles":{"desktop":"","tablet":"","mobile":""},"google_fonts":[],"version":6}},"_links":{"self":[{"href":"https:\/\/matikali.com\/es\/wp-json\/wp\/v2\/pages\/429","targetHints":{"allow":["GET"]}}],"collection":[{"href":"https:\/\/matikali.com\/es\/wp-json\/wp\/v2\/pages"}],"about":[{"href":"https:\/\/matikali.com\/es\/wp-json\/wp\/v2\/types\/page"}],"author":[{"embeddable":true,"href":"https:\/\/matikali.com\/es\/wp-json\/wp\/v2\/users\/1"}],"replies":[{"embeddable":true,"href":"https:\/\/matikali.com\/es\/wp-json\/wp\/v2\/comments?post=429"}],"version-history":[{"count":13,"href":"https:\/\/matikali.com\/es\/wp-json\/wp\/v2\/pages\/429\/revisions"}],"predecessor-version":[{"id":8513,"href":"https:\/\/matikali.com\/es\/wp-json\/wp\/v2\/pages\/429\/revisions\/8513"}],"wp:attachment":[{"href":"https:\/\/matikali.com\/es\/wp-json\/wp\/v2\/media?parent=429"}],"curies":[{"name":"wp","href":"https:\/\/api.w.org\/{rel}","templated":true}]}}