{"id":4897,"date":"2022-08-02T00:45:56","date_gmt":"2022-08-02T00:45:56","guid":{"rendered":"https:\/\/matikali.com\/?page_id=4897"},"modified":"2023-05-28T01:00:34","modified_gmt":"2023-05-28T07:00:34","slug":"monserrat-soma","status":"publish","type":"page","link":"https:\/\/matikali.com\/es\/monserrat-soma\/","title":{"rendered":"Monserrat Soma"},"content":{"rendered":"<style>.elementor-4897 .elementor-element.elementor-element-86978c0 > .elementor-container{max-width:1325px;}.elementor-4897 .elementor-element.elementor-element-86978c0 > .elementor-container > .elementor-column > .elementor-widget-wrap{align-content:center;align-items:center;}.elementor-4897 .elementor-element.elementor-element-86978c0:not(.elementor-motion-effects-element-type-background), .elementor-4897 .elementor-element.elementor-element-86978c0 > .elementor-motion-effects-container > .elementor-motion-effects-layer{background-color:var( --e-global-color-primary );}.elementor-4897 .elementor-element.elementor-element-86978c0{transition:background 0.3s, border 0.3s, border-radius 0.3s, box-shadow 0.3s;padding:40px 0px 80px 0px;}.elementor-4897 .elementor-element.elementor-element-86978c0 > .elementor-background-overlay{transition:background 0.3s, border-radius 0.3s, opacity 0.3s;}.elementor-4897 .elementor-element.elementor-element-7a878d5 > .elementor-element-populated{padding:0px 50px 0px 030px;}.elementor-4897 .elementor-element.elementor-element-dc2fb04 > .elementor-widget-container{padding:0% 0% 0% 0%;}.elementor-bc-flex-widget .elementor-4897 .elementor-element.elementor-element-b79f2a2.elementor-column .elementor-widget-wrap{align-items:center;}.elementor-4897 .elementor-element.elementor-element-b79f2a2.elementor-column.elementor-element[data-element_type=\"column\"] > .elementor-widget-wrap.elementor-element-populated{align-content:center;align-items:center;}.elementor-4897 .elementor-element.elementor-element-b79f2a2.elementor-column > .elementor-widget-wrap{justify-content:center;}.elementor-widget-text-editor{font-family:var( --e-global-typography-text-font-family ), Sans-serif;font-size:var( --e-global-typography-text-font-size );font-weight:var( --e-global-typography-text-font-weight );text-transform:var( --e-global-typography-text-text-transform );font-style:var( --e-global-typography-text-font-style );text-decoration:var( --e-global-typography-text-text-decoration );line-height:var( --e-global-typography-text-line-height );color:var( --e-global-color-text );}.elementor-widget-text-editor.elementor-drop-cap-view-stacked .elementor-drop-cap{background-color:var( --e-global-color-primary );}.elementor-widget-text-editor.elementor-drop-cap-view-framed .elementor-drop-cap, .elementor-widget-text-editor.elementor-drop-cap-view-default .elementor-drop-cap{color:var( --e-global-color-primary );border-color:var( --e-global-color-primary );}.elementor-4897 .elementor-element.elementor-element-5ee6646{text-align:start;font-family:\"Sora\", Sans-serif;font-size:36px;font-weight:400;text-transform:uppercase;font-style:normal;text-decoration:none;line-height:1.5em;letter-spacing:-1px;color:#060606;}.elementor-4897 .elementor-element.elementor-element-767bc13{font-family:\"Fahkwang\", Sans-serif;font-size:21px;font-weight:400;line-height:1.7em;color:#000000;}.elementor-4897 .elementor-element.elementor-element-767bc13 > .elementor-widget-container{padding:30px 0px 30px 0px;}.elementor-widget-icon-list .elementor-icon-list-item:not(:last-child):after{border-color:var( --e-global-color-text );}.elementor-widget-icon-list .elementor-icon-list-icon i{color:var( --e-global-color-primary );}.elementor-widget-icon-list .elementor-icon-list-icon svg{fill:var( --e-global-color-primary );}.elementor-widget-icon-list .elementor-icon-list-item > .elementor-icon-list-text, .elementor-widget-icon-list .elementor-icon-list-item > a{font-family:var( --e-global-typography-text-font-family ), Sans-serif;font-size:var( --e-global-typography-text-font-size );font-weight:var( --e-global-typography-text-font-weight );text-transform:var( --e-global-typography-text-text-transform );font-style:var( --e-global-typography-text-font-style );text-decoration:var( --e-global-typography-text-text-decoration );line-height:var( --e-global-typography-text-line-height );}.elementor-widget-icon-list .elementor-icon-list-text{color:var( --e-global-color-secondary );}.elementor-4897 .elementor-element.elementor-element-553ff8f .elementor-icon-list-icon i{color:#C08647;transition:color 0.3s;}.elementor-4897 .elementor-element.elementor-element-553ff8f .elementor-icon-list-icon svg{fill:#C08647;transition:fill 0.3s;}.elementor-4897 .elementor-element.elementor-element-553ff8f{--e-icon-list-icon-size:26px;--icon-vertical-offset:0px;}.elementor-4897 .elementor-element.elementor-element-553ff8f .elementor-icon-list-icon{padding-inline-end:6px;}.elementor-4897 .elementor-element.elementor-element-553ff8f .elementor-icon-list-item > .elementor-icon-list-text, .elementor-4897 .elementor-element.elementor-element-553ff8f .elementor-icon-list-item > a{font-family:\"Fahkwang\", Sans-serif;font-size:22px;font-weight:400;line-height:2.5em;}.elementor-4897 .elementor-element.elementor-element-553ff8f .elementor-icon-list-text{color:#050505;transition:color 0.3s;}.elementor-4897 .elementor-element.elementor-element-5d58f94{margin-top:0px;margin-bottom:0px;padding:0px 0px 0px 0px;}.elementor-4897 .elementor-element.elementor-element-aeaf274 > .elementor-element-populated{margin:0px 0px 0px 0px;--e-column-margin-right:0px;--e-column-margin-left:0px;padding:0px 0px 0px 0px;}.elementor-widget-image .widget-image-caption{color:var( --e-global-color-text );font-family:var( --e-global-typography-text-font-family ), Sans-serif;font-size:var( --e-global-typography-text-font-size );font-weight:var( --e-global-typography-text-font-weight );text-transform:var( --e-global-typography-text-text-transform );font-style:var( --e-global-typography-text-font-style );text-decoration:var( --e-global-typography-text-text-decoration );line-height:var( --e-global-typography-text-line-height );}.elementor-4897 .elementor-element.elementor-element-6981d69 img{width:60%;}.elementor-4897 .elementor-element.elementor-element-6981d69 > .elementor-widget-container{padding:30px 0px 40px 0px;}.elementor-4897 .elementor-element.elementor-element-252da7a .elementor-wrapper{--video-aspect-ratio:1.77777;}.elementor-widget-button .elementor-button{font-family:var( --e-global-typography-accent-font-family ), Sans-serif;font-size:var( --e-global-typography-accent-font-size );font-weight:var( --e-global-typography-accent-font-weight );text-transform:var( --e-global-typography-accent-text-transform );font-style:var( --e-global-typography-accent-font-style );text-decoration:var( --e-global-typography-accent-text-decoration );line-height:var( --e-global-typography-accent-line-height );background-color:var( --e-global-color-accent );}.elementor-4897 .elementor-element.elementor-element-a1a92ef .elementor-button-content-wrapper{flex-direction:row-reverse;}.elementor-4897 .elementor-element.elementor-element-a1a92ef .elementor-button .elementor-button-content-wrapper{gap:25px;}.elementor-4897 .elementor-element.elementor-element-a1a92ef .elementor-button{font-family:\"Sora\", Sans-serif;font-size:36px;font-weight:500;letter-spacing:-0.1px;fill:#000000;color:#000000;background-color:#61CE7000;}.elementor-4897 .elementor-element.elementor-element-a1a92ef > .elementor-widget-container{padding:30px 0px 30px 0px;}@media(max-width:1366px){.elementor-widget-text-editor{font-size:var( --e-global-typography-text-font-size );line-height:var( --e-global-typography-text-line-height );}.elementor-widget-icon-list .elementor-icon-list-item > .elementor-icon-list-text, .elementor-widget-icon-list .elementor-icon-list-item > a{font-size:var( --e-global-typography-text-font-size );line-height:var( --e-global-typography-text-line-height );}.elementor-widget-image .widget-image-caption{font-size:var( --e-global-typography-text-font-size );line-height:var( --e-global-typography-text-line-height );}.elementor-widget-button .elementor-button{font-size:var( --e-global-typography-accent-font-size );line-height:var( --e-global-typography-accent-line-height );}}@media(min-width:768px){.elementor-4897 .elementor-element.elementor-element-7a878d5{width:61.472%;}.elementor-4897 .elementor-element.elementor-element-b79f2a2{width:38.528%;}}@media(max-width:1024px) and (min-width:768px){.elementor-4897 .elementor-element.elementor-element-7a878d5{width:100%;}.elementor-4897 .elementor-element.elementor-element-b79f2a2{width:100%;}}@media(max-width:1024px){.elementor-4897 .elementor-element.elementor-element-86978c0{padding:0% 5% 5% 5%;}.elementor-4897 .elementor-element.elementor-element-b79f2a2 > .elementor-element-populated{padding:10% 0% 10% 0%;}.elementor-widget-text-editor{font-size:var( --e-global-typography-text-font-size );line-height:var( --e-global-typography-text-line-height );}.elementor-4897 .elementor-element.elementor-element-5ee6646{font-size:42px;line-height:1.2em;letter-spacing:0px;}.elementor-widget-icon-list .elementor-icon-list-item > .elementor-icon-list-text, .elementor-widget-icon-list .elementor-icon-list-item > a{font-size:var( --e-global-typography-text-font-size );line-height:var( --e-global-typography-text-line-height );}.elementor-widget-image .widget-image-caption{font-size:var( --e-global-typography-text-font-size );line-height:var( --e-global-typography-text-line-height );}.elementor-widget-button .elementor-button{font-size:var( --e-global-typography-accent-font-size );line-height:var( --e-global-typography-accent-line-height );}}@media(max-width:767px){.elementor-4897 .elementor-element.elementor-element-86978c0{padding:0px 30px 30px 25px;}.elementor-4897 .elementor-element.elementor-element-7a878d5 > .elementor-element-populated{padding:0px 0px 0px 0px;}.elementor-4897 .elementor-element.elementor-element-b79f2a2 > .elementor-element-populated{padding:0% 0% 0% 0%;}.elementor-widget-text-editor{font-size:var( --e-global-typography-text-font-size );line-height:var( --e-global-typography-text-line-height );}.elementor-4897 .elementor-element.elementor-element-5ee6646{font-size:36px;line-height:1.5em;letter-spacing:0px;}.elementor-4897 .elementor-element.elementor-element-5ee6646 > .elementor-widget-container{padding:27px 0px 0px 0px;}.elementor-4897 .elementor-element.elementor-element-767bc13{line-height:1.5em;}.elementor-widget-icon-list .elementor-icon-list-item > .elementor-icon-list-text, .elementor-widget-icon-list .elementor-icon-list-item > a{font-size:var( --e-global-typography-text-font-size );line-height:var( --e-global-typography-text-line-height );}.elementor-4897 .elementor-element.elementor-element-553ff8f .elementor-icon-list-item > .elementor-icon-list-text, .elementor-4897 .elementor-element.elementor-element-553ff8f .elementor-icon-list-item > a{line-height:2.5em;}.elementor-4897 .elementor-element.elementor-element-553ff8f > .elementor-widget-container{padding:0px 0px 20px 0px;}.elementor-widget-image .widget-image-caption{font-size:var( --e-global-typography-text-font-size );line-height:var( --e-global-typography-text-line-height );}.elementor-4897 .elementor-element.elementor-element-6981d69 img{width:93%;}.elementor-4897 .elementor-element.elementor-element-252da7a > .elementor-widget-container{padding:20px 0px 30px 0px;}.elementor-widget-button .elementor-button{font-size:var( --e-global-typography-accent-font-size );line-height:var( --e-global-typography-accent-line-height );}.elementor-4897 .elementor-element.elementor-element-a1a92ef > .elementor-widget-container{padding:50px 0px 0px 0px;}}<\/style>\t\t<div data-elementor-type=\"wp-page\" data-elementor-id=\"4897\" class=\"elementor elementor-4897\" data-elementor-settings=\"{&quot;ha_cmc_init_switcher&quot;:&quot;no&quot;}\" data-elementor-post-type=\"page\">\n\t\t\t\t\t\t<section class=\"elementor-section elementor-top-section elementor-element elementor-element-86978c0 elementor-section-content-middle elementor-reverse-mobile elementor-reverse-tablet ct-section-stretched elementor-section-boxed elementor-section-height-default elementor-section-height-default\" data-id=\"86978c0\" data-element_type=\"section\" data-e-type=\"section\" data-settings=\"{&quot;background_background&quot;:&quot;classic&quot;,&quot;_ha_eqh_enable&quot;:false}\">\n\t\t\t\t\t\t<div class=\"elementor-container elementor-column-gap-no\">\n\t\t\t\t\t<div class=\"elementor-column elementor-col-50 elementor-top-column elementor-element elementor-element-7a878d5\" data-id=\"7a878d5\" data-element_type=\"column\" data-e-type=\"column\">\n\t\t\t<div class=\"elementor-widget-wrap elementor-element-populated\">\n\t\t\t\t\t\t<div class=\"elementor-element elementor-element-dc2fb04 elementor-hidden-tablet elementor-hidden-mobile elementor-widget elementor-widget-html\" data-id=\"dc2fb04\" data-element_type=\"widget\" data-e-type=\"widget\" data-widget_type=\"html.default\">\n\t\t\t\t<div class=\"elementor-widget-container\">\n\t\t\t\t\t<video style=\"border:solid black; border-radius:20px;\" onmouseover=\"this.play()\" onmouseout=\"this.pause();this.currentTime=0;\" poster=\"https:\/\/matikali.com\/wp-content\/uploads\/2022\/07\/Curso-Disen\u0303o-UX-UI-Aplicado-a-Disen\u0303o-WEB.jpg\">\n<source src=\"https:\/\/matikali.com\/wp-content\/uploads\/2022\/07\/CURSO-DE-DISEN\u0303O-WEB-EN-WORDPRESS-1.mp4\" type=\"video\/mp4\"><\/source>\n<\/video>\t\t\t\t<\/div>\n\t\t\t\t<\/div>\n\t\t\t\t\t<\/div>\n\t\t<\/div>\n\t\t\t\t<div class=\"elementor-column elementor-col-50 elementor-top-column elementor-element elementor-element-b79f2a2\" data-id=\"b79f2a2\" data-element_type=\"column\" data-e-type=\"column\">\n\t\t\t<div class=\"elementor-widget-wrap elementor-element-populated\">\n\t\t\t\t\t\t<div class=\"elementor-element elementor-element-5ee6646 elementor-invisible elementor-widget elementor-widget-text-editor\" data-id=\"5ee6646\" data-element_type=\"widget\" data-e-type=\"widget\" data-settings=\"{&quot;_animation&quot;:&quot;zoomIn&quot;}\" data-widget_type=\"text-editor.default\">\n\t\t\t\t<div class=\"elementor-widget-container\">\n\t\t\t\t\t\t\t\t\tMonserrat Soma\t\t\t\t\t\t\t\t<\/div>\n\t\t\t\t<\/div>\n\t\t\t\t<div class=\"elementor-element elementor-element-767bc13 elementor-invisible elementor-widget elementor-widget-text-editor\" data-id=\"767bc13\" data-element_type=\"widget\" data-e-type=\"widget\" data-settings=\"{&quot;_animation&quot;:&quot;slideInUp&quot;}\" data-widget_type=\"text-editor.default\">\n\t\t\t\t<div class=\"elementor-widget-container\">\n\t\t\t\t\t\t\t\t\t<p>Coach de wellnes que ofrece cursos y asesor\u00edas en l\u00ednea, mediante su website los clientes de Monserrat Soma pueden agendar fecha y hora para su asesor\u00eda, as\u00ed como hacer el pago en l\u00ednea, el calendario se conecta con el calendario de Google de Monse para que ella tenga presentes sus reuniones y se generan mails autom\u00e1ticos para recordar al cliente la llamada as\u00ed como ligas autom\u00e1ticas de zoom.<\/p>\t\t\t\t\t\t\t\t<\/div>\n\t\t\t\t<\/div>\n\t\t\t\t<div class=\"elementor-element elementor-element-553ff8f elementor-icon-list--layout-traditional elementor-list-item-link-full_width elementor-widget elementor-widget-icon-list\" data-id=\"553ff8f\" data-element_type=\"widget\" data-e-type=\"widget\" data-widget_type=\"icon-list.default\">\n\t\t\t\t<div class=\"elementor-widget-container\">\n\t\t\t\t\t\t\t<ul class=\"elementor-icon-list-items\">\n\t\t\t\t\t\t\t<li class=\"elementor-icon-list-item\">\n\t\t\t\t\t\t\t\t\t\t\t<span class=\"elementor-icon-list-icon\">\n\t\t\t\t\t\t\t<i aria-hidden=\"true\" class=\"fas fa-clock\"><\/i>\t\t\t\t\t\t<\/span>\n\t\t\t\t\t\t\t\t\t\t<span class=\"elementor-icon-list-text\">Julio 2022<\/span>\n\t\t\t\t\t\t\t\t\t<\/li>\n\t\t\t\t\t\t<\/ul>\n\t\t\t\t\t\t<\/div>\n\t\t\t\t<\/div>\n\t\t\t\t\t<\/div>\n\t\t<\/div>\n\t\t\t\t\t<\/div>\n\t\t<\/section>\n\t\t\t\t<section class=\"elementor-section elementor-top-section elementor-element elementor-element-5d58f94 elementor-section-full_width elementor-section-height-default elementor-section-height-default\" data-id=\"5d58f94\" data-element_type=\"section\" data-e-type=\"section\" data-settings=\"{&quot;_ha_eqh_enable&quot;:false}\">\n\t\t\t\t\t\t<div class=\"elementor-container elementor-column-gap-default\">\n\t\t\t\t\t<div class=\"elementor-column elementor-col-100 elementor-top-column elementor-element elementor-element-aeaf274\" data-id=\"aeaf274\" data-element_type=\"column\" data-e-type=\"column\">\n\t\t\t<div class=\"elementor-widget-wrap elementor-element-populated\">\n\t\t\t\t\t\t<div class=\"elementor-element elementor-element-6981d69 elementor-widget elementor-widget-image\" data-id=\"6981d69\" data-element_type=\"widget\" data-e-type=\"widget\" data-widget_type=\"image.default\">\n\t\t\t\t<div class=\"elementor-widget-container\">\n\t\t\t\t\t\t\t\t\t\t\t\t\t\t\t<img fetchpriority=\"high\" decoding=\"async\" width=\"645\" height=\"2560\" src=\"https:\/\/matikali.com\/wp-content\/uploads\/2023\/05\/web-design-de-ux-ui-para-health-coach-monserrat-soma-1-1-scaled.jpeg\" class=\"attachment-full size-full wp-image-8372\" alt=\"\" srcset=\"https:\/\/matikali.com\/wp-content\/uploads\/2023\/05\/web-design-de-ux-ui-para-health-coach-monserrat-soma-1-1-scaled.jpeg 645w, https:\/\/matikali.com\/wp-content\/uploads\/2023\/05\/web-design-de-ux-ui-para-health-coach-monserrat-soma-1-1-258x1024.jpeg 258w, https:\/\/matikali.com\/wp-content\/uploads\/2023\/05\/web-design-de-ux-ui-para-health-coach-monserrat-soma-1-1-387x1536.jpeg 387w, https:\/\/matikali.com\/wp-content\/uploads\/2023\/05\/web-design-de-ux-ui-para-health-coach-monserrat-soma-1-1-516x2048.jpeg 516w\" sizes=\"(max-width: 645px) 100vw, 645px\" \/>\t\t\t\t\t\t\t\t\t\t\t\t\t\t\t<\/div>\n\t\t\t\t<\/div>\n\t\t\t\t<div class=\"elementor-element elementor-element-252da7a elementor-invisible elementor-widget elementor-widget-video\" data-id=\"252da7a\" data-element_type=\"widget\" data-e-type=\"widget\" data-settings=\"{&quot;mute&quot;:&quot;yes&quot;,&quot;loop&quot;:&quot;yes&quot;,&quot;video_type&quot;:&quot;vimeo&quot;,&quot;show_image_overlay&quot;:&quot;yes&quot;,&quot;image_overlay&quot;:{&quot;url&quot;:&quot;https:\\\/\\\/matikali.com\\\/wp-content\\\/uploads\\\/2022\\\/08\\\/Disen\u0303o-web-en-wordpress-para-monserrat-soma-Laptop_Mockup.jpg&quot;,&quot;id&quot;:4937,&quot;size&quot;:&quot;&quot;,&quot;alt&quot;:&quot;&quot;,&quot;source&quot;:&quot;library&quot;},&quot;_animation&quot;:&quot;fadeInUp&quot;}\" data-widget_type=\"video.default\">\n\t\t\t\t<div class=\"elementor-widget-container\">\n\t\t\t\t\t\t\t<div class=\"elementor-wrapper elementor-open-inline\">\n\t\t\t<iframe class=\"elementor-video-iframe lazyload\" allowfullscreen allow=\"clipboard-write\" title=\"Reproductor de video vimeo\" data-src=\"https:\/\/player.vimeo.com\/video\/730187123?color=000000&amp;autopause=0&amp;loop=1&amp;muted=1&amp;title=0&amp;portrait=0&amp;byline=0#t=\" src=\"data:image\/svg+xml;base64,PHN2ZyB3aWR0aD0iMSIgaGVpZ2h0PSIxIiB4bWxucz0iaHR0cDovL3d3dy53My5vcmcvMjAwMC9zdmciPjwvc3ZnPg==\" data-load-mode=\"1\"><\/iframe>\t\t\t\t<div class=\"elementor-custom-embed-image-overlay lazyload\" style=\"background-image:inherit;\" data-bg-image=\"url(https:\/\/matikali.com\/wp-content\/uploads\/2022\/08\/Disen\u0303o-web-en-wordpress-para-monserrat-soma-Laptop_Mockup.jpg)\">\n\t\t\t\t\t\t\t\t\t\t\t\t\t\t\t\t<div class=\"elementor-custom-embed-play\" role=\"button\" aria-label=\"Reproducir video\" tabindex=\"0\">\n\t\t\t\t\t\t\t<i aria-hidden=\"true\" class=\"eicon-play\"><\/i>\t\t\t\t\t\t<\/div>\n\t\t\t\t\t\t\t\t\t<\/div>\n\t\t\t\t\t<\/div>\n\t\t\t\t\t\t<\/div>\n\t\t\t\t<\/div>\n\t\t\t\t<div class=\"elementor-element elementor-element-a1a92ef elementor-align-center elementor-invisible elementor-widget elementor-widget-button\" data-id=\"a1a92ef\" data-element_type=\"widget\" data-e-type=\"widget\" data-settings=\"{&quot;_animation&quot;:&quot;slideInRight&quot;}\" data-widget_type=\"button.default\">\n\t\t\t\t<div class=\"elementor-widget-container\">\n\t\t\t\t\t\t\t\t\t<div class=\"elementor-button-wrapper\">\n\t\t\t\t\t<a class=\"elementor-button elementor-button-link elementor-size-sm\" href=\"https:\/\/matikali.com\/portafolio-diseno-web\/\">\n\t\t\t\t\t\t<span class=\"elementor-button-content-wrapper\">\n\t\t\t\t\t\t<span class=\"elementor-button-icon\">\n\t\t\t\t<svg xmlns=\"http:\/\/www.w3.org\/2000\/svg\" id=\"af259cf5-7745-4534-b9fe-b5b181823a33\" data-name=\"Layer 1\" width=\"74\" height=\"74\" viewBox=\"0 0 74 74\"><polygon points=\"0 0 0 4 66.052 4 0.352 69.701 3.18 72.529 70 5.708 70 74 74 74 74 0 0 0\"><\/polygon><\/svg>\t\t\t<\/span>\n\t\t\t\t\t\t\t\t\t<span class=\"elementor-button-text\">IR  A PORTAFOLIO<\/span>\n\t\t\t\t\t<\/span>\n\t\t\t\t\t<\/a>\n\t\t\t\t<\/div>\n\t\t\t\t\t\t\t\t<\/div>\n\t\t\t\t<\/div>\n\t\t\t\t\t<\/div>\n\t\t<\/div>\n\t\t\t\t\t<\/div>\n\t\t<\/section>\n\t\t\t\t<\/div>\n\t\t","protected":false},"excerpt":{"rendered":"<p>Monserrat Soma Coach de wellnes que ofrece cursos y asesor\u00edas en l\u00ednea, mediante su website los clientes de Monserrat Soma pueden agendar fecha y hora para su asesor\u00eda, as\u00ed como hacer el pago en l\u00ednea, el calendario se conecta con el calendario de Google de Monse para que ella tenga presentes sus reuniones y se [&hellip;]<\/p>\n","protected":false},"author":1,"featured_media":4937,"parent":0,"menu_order":0,"comment_status":"closed","ping_status":"closed","template":"","meta":{"footnotes":""},"class_list":["post-4897","page","type-page","status-publish","has-post-thumbnail","hentry"],"blocksy_meta":{"styles_descriptor":{"styles":{"desktop":"","tablet":"","mobile":""},"google_fonts":[],"version":6}},"_links":{"self":[{"href":"https:\/\/matikali.com\/es\/wp-json\/wp\/v2\/pages\/4897","targetHints":{"allow":["GET"]}}],"collection":[{"href":"https:\/\/matikali.com\/es\/wp-json\/wp\/v2\/pages"}],"about":[{"href":"https:\/\/matikali.com\/es\/wp-json\/wp\/v2\/types\/page"}],"author":[{"embeddable":true,"href":"https:\/\/matikali.com\/es\/wp-json\/wp\/v2\/users\/1"}],"replies":[{"embeddable":true,"href":"https:\/\/matikali.com\/es\/wp-json\/wp\/v2\/comments?post=4897"}],"version-history":[{"count":15,"href":"https:\/\/matikali.com\/es\/wp-json\/wp\/v2\/pages\/4897\/revisions"}],"predecessor-version":[{"id":8378,"href":"https:\/\/matikali.com\/es\/wp-json\/wp\/v2\/pages\/4897\/revisions\/8378"}],"wp:featuredmedia":[{"embeddable":true,"href":"https:\/\/matikali.com\/es\/wp-json\/wp\/v2\/media\/4937"}],"wp:attachment":[{"href":"https:\/\/matikali.com\/es\/wp-json\/wp\/v2\/media?parent=4897"}],"curies":[{"name":"wp","href":"https:\/\/api.w.org\/{rel}","templated":true}]}}