{"id":497,"date":"2021-06-29T05:53:55","date_gmt":"2021-06-29T05:53:55","guid":{"rendered":"https:\/\/matikali.com\/?page_id=497"},"modified":"2023-05-28T02:19:42","modified_gmt":"2023-05-28T08:19:42","slug":"bare-beauty","status":"publish","type":"page","link":"https:\/\/matikali.com\/es\/bare-beauty\/","title":{"rendered":"Bare Beauty"},"content":{"rendered":"<style>.elementor-497 .elementor-element.elementor-element-7350fb3 > .elementor-container{max-width:682px;}.elementor-497 .elementor-element.elementor-element-7350fb3 > .elementor-container > .elementor-column > .elementor-widget-wrap{align-content:center;align-items:center;}.elementor-497 .elementor-element.elementor-element-7350fb3:not(.elementor-motion-effects-element-type-background), .elementor-497 .elementor-element.elementor-element-7350fb3 > .elementor-motion-effects-container > .elementor-motion-effects-layer{background-color:var( --e-global-color-primary );}.elementor-497 .elementor-element.elementor-element-7350fb3{transition:background 0.3s, border 0.3s, border-radius 0.3s, box-shadow 0.3s;padding:80px 0px 80px 0px;}.elementor-497 .elementor-element.elementor-element-7350fb3 > .elementor-background-overlay{transition:background 0.3s, border-radius 0.3s, opacity 0.3s;}.elementor-widget-text-editor{font-family:var( --e-global-typography-text-font-family ), Sans-serif;font-size:var( --e-global-typography-text-font-size );font-weight:var( --e-global-typography-text-font-weight );text-transform:var( --e-global-typography-text-text-transform );font-style:var( --e-global-typography-text-font-style );text-decoration:var( --e-global-typography-text-text-decoration );line-height:var( --e-global-typography-text-line-height );color:var( --e-global-color-text );}.elementor-widget-text-editor.elementor-drop-cap-view-stacked .elementor-drop-cap{background-color:var( --e-global-color-primary );}.elementor-widget-text-editor.elementor-drop-cap-view-framed .elementor-drop-cap, .elementor-widget-text-editor.elementor-drop-cap-view-default .elementor-drop-cap{color:var( --e-global-color-primary );border-color:var( --e-global-color-primary );}.elementor-497 .elementor-element.elementor-element-d4e6b85{font-family:\"Sora\", Sans-serif;font-size:50px;font-weight:400;text-transform:uppercase;font-style:normal;text-decoration:none;line-height:1.5em;letter-spacing:-1px;color:#060606;}.elementor-497 .elementor-element.elementor-element-f5e2078{font-family:\"Fahkwang\", Sans-serif;font-size:21px;font-weight:400;line-height:1.7em;color:#000000;}.elementor-497 .elementor-element.elementor-element-f5e2078 > .elementor-widget-container{padding:30px 0px 30px 0px;}.elementor-widget-icon-list .elementor-icon-list-item:not(:last-child):after{border-color:var( --e-global-color-text );}.elementor-widget-icon-list .elementor-icon-list-icon i{color:var( --e-global-color-primary );}.elementor-widget-icon-list .elementor-icon-list-icon svg{fill:var( --e-global-color-primary );}.elementor-widget-icon-list .elementor-icon-list-item > .elementor-icon-list-text, .elementor-widget-icon-list .elementor-icon-list-item > a{font-family:var( --e-global-typography-text-font-family ), Sans-serif;font-size:var( --e-global-typography-text-font-size );font-weight:var( --e-global-typography-text-font-weight );text-transform:var( --e-global-typography-text-text-transform );font-style:var( --e-global-typography-text-font-style );text-decoration:var( --e-global-typography-text-text-decoration );line-height:var( --e-global-typography-text-line-height );}.elementor-widget-icon-list .elementor-icon-list-text{color:var( --e-global-color-secondary );}.elementor-497 .elementor-element.elementor-element-17b3b6f .elementor-icon-list-icon i{color:#C08647;transition:color 0.3s;}.elementor-497 .elementor-element.elementor-element-17b3b6f .elementor-icon-list-icon svg{fill:#C08647;transition:fill 0.3s;}.elementor-497 .elementor-element.elementor-element-17b3b6f{--e-icon-list-icon-size:26px;--icon-vertical-offset:0px;}.elementor-497 .elementor-element.elementor-element-17b3b6f .elementor-icon-list-icon{padding-inline-end:6px;}.elementor-497 .elementor-element.elementor-element-17b3b6f .elementor-icon-list-item > .elementor-icon-list-text, .elementor-497 .elementor-element.elementor-element-17b3b6f .elementor-icon-list-item > a{font-family:\"Fahkwang\", Sans-serif;font-size:22px;font-weight:400;line-height:3.1em;}.elementor-497 .elementor-element.elementor-element-17b3b6f .elementor-icon-list-text{color:#050505;transition:color 0.3s;}.elementor-497 .elementor-element.elementor-element-08ad32a > .elementor-container{max-width:1001px;}.elementor-497 .elementor-element.elementor-element-08ad32a:not(.elementor-motion-effects-element-type-background), .elementor-497 .elementor-element.elementor-element-08ad32a > .elementor-motion-effects-container > .elementor-motion-effects-layer{background-color:var( --e-global-color-primary );}.elementor-497 .elementor-element.elementor-element-08ad32a{transition:background 0.3s, border 0.3s, border-radius 0.3s, box-shadow 0.3s;padding:0px 0px 3px 0px;}.elementor-497 .elementor-element.elementor-element-08ad32a > .elementor-background-overlay{transition:background 0.3s, border-radius 0.3s, opacity 0.3s;}.elementor-497 .elementor-element.elementor-element-783a335 .elementor-wrapper{--video-aspect-ratio:1.77777;}.elementor-497 .elementor-element.elementor-element-783a335 > .elementor-widget-container{padding:0px 0px 30px 0px;}.elementor-widget-image .widget-image-caption{color:var( --e-global-color-text );font-family:var( --e-global-typography-text-font-family ), Sans-serif;font-size:var( --e-global-typography-text-font-size );font-weight:var( --e-global-typography-text-font-weight );text-transform:var( --e-global-typography-text-text-transform );font-style:var( --e-global-typography-text-font-style );text-decoration:var( --e-global-typography-text-text-decoration );line-height:var( --e-global-typography-text-line-height );}.elementor-497 .elementor-element.elementor-element-1587633 img{width:100%;}.elementor-497 .elementor-element.elementor-element-1587633 > .elementor-widget-container{padding:30px 0px 40px 0px;}.elementor-widget-button .elementor-button{font-family:var( --e-global-typography-accent-font-family ), Sans-serif;font-size:var( --e-global-typography-accent-font-size );font-weight:var( --e-global-typography-accent-font-weight );text-transform:var( --e-global-typography-accent-text-transform );font-style:var( --e-global-typography-accent-font-style );text-decoration:var( --e-global-typography-accent-text-decoration );line-height:var( --e-global-typography-accent-line-height );background-color:var( --e-global-color-accent );}.elementor-497 .elementor-element.elementor-element-e33f951 .elementor-button-content-wrapper{flex-direction:row-reverse;}.elementor-497 .elementor-element.elementor-element-e33f951 .elementor-button .elementor-button-content-wrapper{gap:25px;}.elementor-497 .elementor-element.elementor-element-e33f951 .elementor-button{font-family:\"Sora\", Sans-serif;font-size:36px;font-weight:500;letter-spacing:-0.1px;fill:#000000;color:#000000;background-color:#61CE7000;}.elementor-497 .elementor-element.elementor-element-e33f951 > .elementor-widget-container{padding:30px 0px 30px 0px;}@media(max-width:1366px){.elementor-497 .elementor-element.elementor-element-7350fb3{padding:60px 0px 50px 0px;}.elementor-widget-text-editor{font-size:var( --e-global-typography-text-font-size );line-height:var( --e-global-typography-text-line-height );}.elementor-widget-icon-list .elementor-icon-list-item > .elementor-icon-list-text, .elementor-widget-icon-list .elementor-icon-list-item > a{font-size:var( --e-global-typography-text-font-size );line-height:var( --e-global-typography-text-line-height );}.elementor-widget-image .widget-image-caption{font-size:var( --e-global-typography-text-font-size );line-height:var( --e-global-typography-text-line-height );}.elementor-widget-button .elementor-button{font-size:var( --e-global-typography-accent-font-size );line-height:var( --e-global-typography-accent-line-height );}}@media(max-width:1024px){.elementor-widget-text-editor{font-size:var( --e-global-typography-text-font-size );line-height:var( --e-global-typography-text-line-height );}.elementor-497 .elementor-element.elementor-element-d4e6b85{font-size:42px;line-height:1.2em;letter-spacing:0px;}.elementor-widget-icon-list .elementor-icon-list-item > .elementor-icon-list-text, .elementor-widget-icon-list .elementor-icon-list-item > a{font-size:var( --e-global-typography-text-font-size );line-height:var( --e-global-typography-text-line-height );}.elementor-widget-image .widget-image-caption{font-size:var( --e-global-typography-text-font-size );line-height:var( --e-global-typography-text-line-height );}.elementor-widget-button .elementor-button{font-size:var( --e-global-typography-accent-font-size );line-height:var( --e-global-typography-accent-line-height );}}@media(max-width:767px){.elementor-497 .elementor-element.elementor-element-7350fb3{padding:0px 30px 0px 25px;}.elementor-widget-text-editor{font-size:var( --e-global-typography-text-font-size );line-height:var( --e-global-typography-text-line-height );}.elementor-497 .elementor-element.elementor-element-d4e6b85{font-size:36px;line-height:1.5em;letter-spacing:0px;}.elementor-497 .elementor-element.elementor-element-d4e6b85 > .elementor-widget-container{padding:27px 0px 0px 0px;}.elementor-497 .elementor-element.elementor-element-f5e2078{line-height:1.5em;}.elementor-497 .elementor-element.elementor-element-f5e2078 > .elementor-widget-container{padding:30px 0px 30px 0px;}.elementor-widget-icon-list .elementor-icon-list-item > .elementor-icon-list-text, .elementor-widget-icon-list .elementor-icon-list-item > a{font-size:var( --e-global-typography-text-font-size );line-height:var( --e-global-typography-text-line-height );}.elementor-497 .elementor-element.elementor-element-17b3b6f .elementor-icon-list-item > .elementor-icon-list-text, .elementor-497 .elementor-element.elementor-element-17b3b6f .elementor-icon-list-item > a{line-height:1.5em;}.elementor-497 .elementor-element.elementor-element-17b3b6f > .elementor-widget-container{padding:0px 0px 30px 0px;}.elementor-widget-image .widget-image-caption{font-size:var( --e-global-typography-text-font-size );line-height:var( --e-global-typography-text-line-height );}.elementor-497 .elementor-element.elementor-element-1587633 > .elementor-widget-container{padding:30px 0px 0px 0px;}.elementor-widget-button .elementor-button{font-size:var( --e-global-typography-accent-font-size );line-height:var( --e-global-typography-accent-line-height );}}<\/style>\t\t<div data-elementor-type=\"wp-page\" data-elementor-id=\"497\" class=\"elementor elementor-497\" data-elementor-settings=\"{&quot;ha_cmc_init_switcher&quot;:&quot;no&quot;}\" data-elementor-post-type=\"page\">\n\t\t\t\t\t\t<section class=\"elementor-section elementor-top-section elementor-element elementor-element-7350fb3 elementor-section-content-middle elementor-section-boxed elementor-section-height-default elementor-section-height-default\" data-id=\"7350fb3\" data-element_type=\"section\" data-e-type=\"section\" data-settings=\"{&quot;background_background&quot;:&quot;classic&quot;,&quot;_ha_eqh_enable&quot;:false}\">\n\t\t\t\t\t\t<div class=\"elementor-container elementor-column-gap-no\">\n\t\t\t\t\t<div class=\"elementor-column elementor-col-100 elementor-top-column elementor-element elementor-element-8baa4b0\" data-id=\"8baa4b0\" data-element_type=\"column\" data-e-type=\"column\">\n\t\t\t<div class=\"elementor-widget-wrap elementor-element-populated\">\n\t\t\t\t\t\t<div class=\"elementor-element elementor-element-d4e6b85 elementor-invisible elementor-widget elementor-widget-text-editor\" data-id=\"d4e6b85\" data-element_type=\"widget\" data-e-type=\"widget\" data-settings=\"{&quot;_animation&quot;:&quot;zoomIn&quot;}\" data-widget_type=\"text-editor.default\">\n\t\t\t\t<div class=\"elementor-widget-container\">\n\t\t\t\t\t\t\t\t\t<p>BARE BEAUTY<\/p>\t\t\t\t\t\t\t\t<\/div>\n\t\t\t\t<\/div>\n\t\t\t\t<div class=\"elementor-element elementor-element-f5e2078 elementor-invisible elementor-widget elementor-widget-text-editor\" data-id=\"f5e2078\" data-element_type=\"widget\" data-e-type=\"widget\" data-settings=\"{&quot;_animation&quot;:&quot;slideInUp&quot;}\" data-widget_type=\"text-editor.default\">\n\t\t\t\t<div class=\"elementor-widget-container\">\n\t\t\t\t\t\t\t\t\t<p>Es una cl\u00ednica de cosm\u00e9tica quir\u00fargica de Miami Florida, que ofrece servicios por enfermeras cosm\u00e9ticas certificadas.<\/p>\t\t\t\t\t\t\t\t<\/div>\n\t\t\t\t<\/div>\n\t\t\t\t<div class=\"elementor-element elementor-element-17b3b6f elementor-icon-list--layout-traditional elementor-list-item-link-full_width elementor-widget elementor-widget-icon-list\" data-id=\"17b3b6f\" data-element_type=\"widget\" data-e-type=\"widget\" data-widget_type=\"icon-list.default\">\n\t\t\t\t<div class=\"elementor-widget-container\">\n\t\t\t\t\t\t\t<ul class=\"elementor-icon-list-items\">\n\t\t\t\t\t\t\t<li class=\"elementor-icon-list-item\">\n\t\t\t\t\t\t\t\t\t\t\t<span class=\"elementor-icon-list-icon\">\n\t\t\t\t\t\t\t<i aria-hidden=\"true\" class=\"fas fa-clock\"><\/i>\t\t\t\t\t\t<\/span>\n\t\t\t\t\t\t\t\t\t\t<span class=\"elementor-icon-list-text\">Septiembre 2022<\/span>\n\t\t\t\t\t\t\t\t\t<\/li>\n\t\t\t\t\t\t<\/ul>\n\t\t\t\t\t\t<\/div>\n\t\t\t\t<\/div>\n\t\t\t\t\t<\/div>\n\t\t<\/div>\n\t\t\t\t\t<\/div>\n\t\t<\/section>\n\t\t\t\t<section class=\"elementor-section elementor-top-section elementor-element elementor-element-08ad32a elementor-section-boxed elementor-section-height-default elementor-section-height-default\" data-id=\"08ad32a\" data-element_type=\"section\" data-e-type=\"section\" data-settings=\"{&quot;background_background&quot;:&quot;classic&quot;,&quot;_ha_eqh_enable&quot;:false}\">\n\t\t\t\t\t\t<div class=\"elementor-container elementor-column-gap-default\">\n\t\t\t\t\t<div class=\"elementor-column elementor-col-100 elementor-top-column elementor-element elementor-element-90c25dc\" data-id=\"90c25dc\" data-element_type=\"column\" data-e-type=\"column\">\n\t\t\t<div class=\"elementor-widget-wrap elementor-element-populated\">\n\t\t\t\t\t\t<div class=\"elementor-element elementor-element-783a335 elementor-widget elementor-widget-video\" data-id=\"783a335\" data-element_type=\"widget\" data-e-type=\"widget\" data-settings=\"{&quot;autoplay&quot;:&quot;yes&quot;,&quot;play_on_mobile&quot;:&quot;yes&quot;,&quot;mute&quot;:&quot;yes&quot;,&quot;loop&quot;:&quot;yes&quot;,&quot;video_type&quot;:&quot;vimeo&quot;,&quot;show_image_overlay&quot;:&quot;yes&quot;,&quot;image_overlay&quot;:{&quot;url&quot;:&quot;https:\\\/\\\/matikali.com\\\/wp-content\\\/uploads\\\/2023\\\/03\\\/Bare-beauty-diseno-web-UX-UI.jpg&quot;,&quot;id&quot;:7824,&quot;size&quot;:&quot;&quot;,&quot;alt&quot;:&quot;&quot;,&quot;source&quot;:&quot;library&quot;}}\" data-widget_type=\"video.default\">\n\t\t\t\t<div class=\"elementor-widget-container\">\n\t\t\t\t\t\t\t<div class=\"elementor-wrapper elementor-open-inline\">\n\t\t\t<iframe class=\"elementor-video-iframe lazyload\" allowfullscreen allow=\"clipboard-write\" title=\"Reproductor de video vimeo\" data-src=\"https:\/\/player.vimeo.com\/video\/813719165?color&amp;autopause=0&amp;loop=1&amp;muted=1&amp;title=1&amp;portrait=1&amp;byline=1#t=\" src=\"data:image\/svg+xml;base64,PHN2ZyB3aWR0aD0iMSIgaGVpZ2h0PSIxIiB4bWxucz0iaHR0cDovL3d3dy53My5vcmcvMjAwMC9zdmciPjwvc3ZnPg==\" data-load-mode=\"1\"><\/iframe>\t\t\t\t<div class=\"elementor-custom-embed-image-overlay lazyload\" style=\"background-image:inherit;\" data-bg-image=\"url(https:\/\/matikali.com\/wp-content\/uploads\/2023\/03\/Bare-beauty-diseno-web-UX-UI.jpg)\">\n\t\t\t\t\t\t\t\t\t\t\t\t\t\t\t\t<div class=\"elementor-custom-embed-play\" role=\"button\" aria-label=\"Reproducir video\" tabindex=\"0\">\n\t\t\t\t\t\t\t<i aria-hidden=\"true\" class=\"eicon-play\"><\/i>\t\t\t\t\t\t<\/div>\n\t\t\t\t\t\t\t\t\t<\/div>\n\t\t\t\t\t<\/div>\n\t\t\t\t\t\t<\/div>\n\t\t\t\t<\/div>\n\t\t\t\t<div class=\"elementor-element elementor-element-1587633 elementor-widget elementor-widget-image\" data-id=\"1587633\" data-element_type=\"widget\" data-e-type=\"widget\" data-widget_type=\"image.default\">\n\t\t\t\t<div class=\"elementor-widget-container\">\n\t\t\t\t\t\t\t\t\t\t\t\t\t\t\t<img fetchpriority=\"high\" decoding=\"async\" width=\"420\" height=\"1024\" src=\"https:\/\/matikali.com\/wp-content\/uploads\/2023\/05\/diseno-web-de-ux-ui-para-clinica-cosmetica-en-miami-420x1024.jpg\" class=\"attachment-large size-large wp-image-8459\" alt=\"\" srcset=\"https:\/\/matikali.com\/wp-content\/uploads\/2023\/05\/diseno-web-de-ux-ui-para-clinica-cosmetica-en-miami-420x1024.jpg 420w, https:\/\/matikali.com\/wp-content\/uploads\/2023\/05\/diseno-web-de-ux-ui-para-clinica-cosmetica-en-miami-123x300.jpg 123w, https:\/\/matikali.com\/wp-content\/uploads\/2023\/05\/diseno-web-de-ux-ui-para-clinica-cosmetica-en-miami-768x1875.jpg 768w, https:\/\/matikali.com\/wp-content\/uploads\/2023\/05\/diseno-web-de-ux-ui-para-clinica-cosmetica-en-miami-839x2048.jpg 839w, https:\/\/matikali.com\/wp-content\/uploads\/2023\/05\/diseno-web-de-ux-ui-para-clinica-cosmetica-en-miami.jpg 896w\" sizes=\"(max-width: 420px) 100vw, 420px\" \/>\t\t\t\t\t\t\t\t\t\t\t\t\t\t\t<\/div>\n\t\t\t\t<\/div>\n\t\t\t\t\t<\/div>\n\t\t<\/div>\n\t\t\t\t\t<\/div>\n\t\t<\/section>\n\t\t\t\t<section class=\"elementor-section elementor-top-section elementor-element elementor-element-5d0a03b elementor-section-boxed elementor-section-height-default elementor-section-height-default\" data-id=\"5d0a03b\" data-element_type=\"section\" data-e-type=\"section\" data-settings=\"{&quot;_ha_eqh_enable&quot;:false}\">\n\t\t\t\t\t\t<div class=\"elementor-container elementor-column-gap-default\">\n\t\t\t\t\t<div class=\"elementor-column elementor-col-100 elementor-top-column elementor-element elementor-element-33f640c\" data-id=\"33f640c\" data-element_type=\"column\" data-e-type=\"column\">\n\t\t\t<div class=\"elementor-widget-wrap elementor-element-populated\">\n\t\t\t\t\t\t<div class=\"elementor-element elementor-element-e33f951 elementor-align-center elementor-invisible elementor-widget elementor-widget-button\" data-id=\"e33f951\" data-element_type=\"widget\" data-e-type=\"widget\" data-settings=\"{&quot;_animation&quot;:&quot;slideInRight&quot;}\" data-widget_type=\"button.default\">\n\t\t\t\t<div class=\"elementor-widget-container\">\n\t\t\t\t\t\t\t\t\t<div class=\"elementor-button-wrapper\">\n\t\t\t\t\t<a class=\"elementor-button elementor-button-link elementor-size-sm\" href=\"https:\/\/matikali.com\/es\/portafolio-diseno-web\/\">\n\t\t\t\t\t\t<span class=\"elementor-button-content-wrapper\">\n\t\t\t\t\t\t<span class=\"elementor-button-icon\">\n\t\t\t\t<svg xmlns=\"http:\/\/www.w3.org\/2000\/svg\" id=\"af259cf5-7745-4534-b9fe-b5b181823a33\" data-name=\"Layer 1\" width=\"74\" height=\"74\" viewbox=\"0 0 74 74\"><polygon points=\"0 0 0 4 66.052 4 0.352 69.701 3.18 72.529 70 5.708 70 74 74 74 74 0 0 0\"><\/polygon><\/svg>\t\t\t<\/span>\n\t\t\t\t\t\t\t\t\t<span class=\"elementor-button-text\">IR  A PORTAFOLIO<\/span>\n\t\t\t\t\t<\/span>\n\t\t\t\t\t<\/a>\n\t\t\t\t<\/div>\n\t\t\t\t\t\t\t\t<\/div>\n\t\t\t\t<\/div>\n\t\t\t\t\t<\/div>\n\t\t<\/div>\n\t\t\t\t\t<\/div>\n\t\t<\/section>\n\t\t\t\t<\/div>","protected":false},"excerpt":{"rendered":"<p>BARE BEAUTY Es una cl\u00ednica de cosm\u00e9tica quir\u00fargica de Miami Florida, que ofrece servicios por enfermeras cosm\u00e9ticas certificadas. Septiembre 2022 IR A PORTAFOLIO<\/p>","protected":false},"author":1,"featured_media":0,"parent":0,"menu_order":0,"comment_status":"closed","ping_status":"closed","template":"elementor_header_footer","meta":{"footnotes":""},"class_list":["post-497","page","type-page","status-publish","hentry"],"blocksy_meta":{"styles_descriptor":{"styles":{"desktop":"","tablet":"","mobile":""},"google_fonts":[],"version":6}},"_links":{"self":[{"href":"https:\/\/matikali.com\/es\/wp-json\/wp\/v2\/pages\/497","targetHints":{"allow":["GET"]}}],"collection":[{"href":"https:\/\/matikali.com\/es\/wp-json\/wp\/v2\/pages"}],"about":[{"href":"https:\/\/matikali.com\/es\/wp-json\/wp\/v2\/types\/page"}],"author":[{"embeddable":true,"href":"https:\/\/matikali.com\/es\/wp-json\/wp\/v2\/users\/1"}],"replies":[{"embeddable":true,"href":"https:\/\/matikali.com\/es\/wp-json\/wp\/v2\/comments?post=497"}],"version-history":[{"count":13,"href":"https:\/\/matikali.com\/es\/wp-json\/wp\/v2\/pages\/497\/revisions"}],"predecessor-version":[{"id":8479,"href":"https:\/\/matikali.com\/es\/wp-json\/wp\/v2\/pages\/497\/revisions\/8479"}],"wp:attachment":[{"href":"https:\/\/matikali.com\/es\/wp-json\/wp\/v2\/media?parent=497"}],"curies":[{"name":"wp","href":"https:\/\/api.w.org\/{rel}","templated":true}]}}