{"id":507,"date":"2021-06-29T05:44:37","date_gmt":"2021-06-29T05:44:37","guid":{"rendered":"https:\/\/matikali.com\/?page_id=507"},"modified":"2023-05-28T01:48:11","modified_gmt":"2023-05-28T07:48:11","slug":"sula","status":"publish","type":"page","link":"https:\/\/matikali.com\/es\/sula\/","title":{"rendered":"Sula Entertainment"},"content":{"rendered":"<style>.elementor-507 .elementor-element.elementor-element-7350fb3 > .elementor-container{max-width:1211px;}.elementor-507 .elementor-element.elementor-element-7350fb3 > .elementor-container > .elementor-column > .elementor-widget-wrap{align-content:center;align-items:center;}.elementor-507 .elementor-element.elementor-element-7350fb3:not(.elementor-motion-effects-element-type-background), .elementor-507 .elementor-element.elementor-element-7350fb3 > .elementor-motion-effects-container > .elementor-motion-effects-layer{background-color:var( --e-global-color-text );}.elementor-507 .elementor-element.elementor-element-7350fb3{transition:background 0.3s, border 0.3s, border-radius 0.3s, box-shadow 0.3s;padding:80px 0px 80px 0px;}.elementor-507 .elementor-element.elementor-element-7350fb3 > .elementor-background-overlay{transition:background 0.3s, border-radius 0.3s, opacity 0.3s;}.elementor-507 .elementor-element.elementor-element-8baa4b0 > .elementor-element-populated{padding:0px 50px 0px 030px;}.elementor-widget-image .widget-image-caption{color:var( --e-global-color-text );font-family:var( --e-global-typography-text-font-family ), Sans-serif;font-size:var( --e-global-typography-text-font-size );font-weight:var( --e-global-typography-text-font-weight );text-transform:var( --e-global-typography-text-text-transform );font-style:var( --e-global-typography-text-font-style );text-decoration:var( --e-global-typography-text-text-decoration );line-height:var( --e-global-typography-text-line-height );}.elementor-widget-heading .elementor-heading-title{font-family:var( --e-global-typography-primary-font-family ), Sans-serif;font-size:var( --e-global-typography-primary-font-size );font-weight:var( --e-global-typography-primary-font-weight );text-transform:var( --e-global-typography-primary-text-transform );font-style:var( --e-global-typography-primary-font-style );text-decoration:var( --e-global-typography-primary-text-decoration );line-height:var( --e-global-typography-primary-line-height );letter-spacing:var( --e-global-typography-primary-letter-spacing );color:var( --e-global-color-primary );}.elementor-507 .elementor-element.elementor-element-29e644a{text-align:start;}.elementor-507 .elementor-element.elementor-element-29e644a .elementor-heading-title{font-family:\"Sora\", Sans-serif;font-size:36px;font-weight:500;text-decoration:none;letter-spacing:-0.1px;color:var( --e-global-color-23d13e8 );}.elementor-507 .elementor-element.elementor-element-29e644a > .elementor-widget-container{padding:0px 0px 23px 0px;}.elementor-widget-text-editor{font-family:var( --e-global-typography-text-font-family ), Sans-serif;font-size:var( --e-global-typography-text-font-size );font-weight:var( --e-global-typography-text-font-weight );text-transform:var( --e-global-typography-text-text-transform );font-style:var( --e-global-typography-text-font-style );text-decoration:var( --e-global-typography-text-text-decoration );line-height:var( --e-global-typography-text-line-height );color:var( --e-global-color-text );}.elementor-widget-text-editor.elementor-drop-cap-view-stacked .elementor-drop-cap{background-color:var( --e-global-color-primary );}.elementor-widget-text-editor.elementor-drop-cap-view-framed .elementor-drop-cap, .elementor-widget-text-editor.elementor-drop-cap-view-default .elementor-drop-cap{color:var( --e-global-color-primary );border-color:var( --e-global-color-primary );}.elementor-507 .elementor-element.elementor-element-a783c37{font-family:\"Fahkwang\", Sans-serif;font-size:21px;font-weight:400;line-height:1.7em;color:var( --e-global-color-23d13e8 );}.elementor-widget-icon-list .elementor-icon-list-item:not(:last-child):after{border-color:var( --e-global-color-text );}.elementor-widget-icon-list .elementor-icon-list-icon i{color:var( --e-global-color-primary );}.elementor-widget-icon-list .elementor-icon-list-icon svg{fill:var( --e-global-color-primary );}.elementor-widget-icon-list .elementor-icon-list-item > .elementor-icon-list-text, .elementor-widget-icon-list .elementor-icon-list-item > a{font-family:var( --e-global-typography-text-font-family ), Sans-serif;font-size:var( --e-global-typography-text-font-size );font-weight:var( --e-global-typography-text-font-weight );text-transform:var( --e-global-typography-text-text-transform );font-style:var( --e-global-typography-text-font-style );text-decoration:var( --e-global-typography-text-text-decoration );line-height:var( --e-global-typography-text-line-height );}.elementor-widget-icon-list .elementor-icon-list-text{color:var( --e-global-color-secondary );}.elementor-507 .elementor-element.elementor-element-a5c6592 .elementor-icon-list-icon i{color:#C08647;transition:color 0.3s;}.elementor-507 .elementor-element.elementor-element-a5c6592 .elementor-icon-list-icon svg{fill:#C08647;transition:fill 0.3s;}.elementor-507 .elementor-element.elementor-element-a5c6592{--e-icon-list-icon-size:26px;--icon-vertical-offset:0px;}.elementor-507 .elementor-element.elementor-element-a5c6592 .elementor-icon-list-icon{padding-inline-end:6px;}.elementor-507 .elementor-element.elementor-element-a5c6592 .elementor-icon-list-item > .elementor-icon-list-text, .elementor-507 .elementor-element.elementor-element-a5c6592 .elementor-icon-list-item > a{font-family:\"Fahkwang\", Sans-serif;font-size:22px;font-weight:400;line-height:3.1em;}.elementor-507 .elementor-element.elementor-element-a5c6592 .elementor-icon-list-text{color:var( --e-global-color-accent );transition:color 0.3s;}.elementor-507 .elementor-element.elementor-element-08ad32a > .elementor-container{max-width:1201px;}.elementor-507 .elementor-element.elementor-element-08ad32a{padding:30px 0px 30px 0px;}.elementor-507 .elementor-element.elementor-element-1fde4dd > .elementor-widget-container{padding:0px 0px 40px 0px;}.elementor-507 .elementor-element.elementor-element-783a335 .elementor-wrapper{--video-aspect-ratio:1.77777;}.elementor-widget-button .elementor-button{font-family:var( --e-global-typography-accent-font-family ), Sans-serif;font-size:var( --e-global-typography-accent-font-size );font-weight:var( --e-global-typography-accent-font-weight );text-transform:var( --e-global-typography-accent-text-transform );font-style:var( --e-global-typography-accent-font-style );text-decoration:var( --e-global-typography-accent-text-decoration );line-height:var( --e-global-typography-accent-line-height );background-color:var( --e-global-color-accent );}.elementor-507 .elementor-element.elementor-element-028196f .elementor-button-content-wrapper{flex-direction:row-reverse;}.elementor-507 .elementor-element.elementor-element-028196f .elementor-button .elementor-button-content-wrapper{gap:25px;}.elementor-507 .elementor-element.elementor-element-028196f .elementor-button{font-family:\"Sora\", Sans-serif;font-size:36px;font-weight:500;letter-spacing:-0.1px;fill:#000000;color:#000000;background-color:#61CE7000;}.elementor-507 .elementor-element.elementor-element-028196f > .elementor-widget-container{padding:30px 0px 30px 0px;}@media(max-width:1366px){.elementor-widget-image .widget-image-caption{font-size:var( --e-global-typography-text-font-size );line-height:var( --e-global-typography-text-line-height );}.elementor-widget-heading .elementor-heading-title{font-size:var( --e-global-typography-primary-font-size );line-height:var( --e-global-typography-primary-line-height );letter-spacing:var( --e-global-typography-primary-letter-spacing );}.elementor-widget-text-editor{font-size:var( --e-global-typography-text-font-size );line-height:var( --e-global-typography-text-line-height );}.elementor-widget-icon-list .elementor-icon-list-item > .elementor-icon-list-text, .elementor-widget-icon-list .elementor-icon-list-item > a{font-size:var( --e-global-typography-text-font-size );line-height:var( --e-global-typography-text-line-height );}.elementor-widget-button .elementor-button{font-size:var( --e-global-typography-accent-font-size );line-height:var( --e-global-typography-accent-line-height );}}@media(max-width:1024px){.elementor-widget-image .widget-image-caption{font-size:var( --e-global-typography-text-font-size );line-height:var( --e-global-typography-text-line-height );}.elementor-widget-heading .elementor-heading-title{font-size:var( --e-global-typography-primary-font-size );line-height:var( --e-global-typography-primary-line-height );letter-spacing:var( --e-global-typography-primary-letter-spacing );}.elementor-widget-text-editor{font-size:var( --e-global-typography-text-font-size );line-height:var( --e-global-typography-text-line-height );}.elementor-widget-icon-list .elementor-icon-list-item > .elementor-icon-list-text, .elementor-widget-icon-list .elementor-icon-list-item > a{font-size:var( --e-global-typography-text-font-size );line-height:var( --e-global-typography-text-line-height );}.elementor-widget-button .elementor-button{font-size:var( --e-global-typography-accent-font-size );line-height:var( --e-global-typography-accent-line-height );}}@media(max-width:767px){.elementor-507 .elementor-element.elementor-element-7350fb3{padding:0px 30px 0px 25px;}.elementor-507 .elementor-element.elementor-element-8baa4b0 > .elementor-element-populated{padding:0px 0px 0px 0px;}.elementor-widget-image .widget-image-caption{font-size:var( --e-global-typography-text-font-size );line-height:var( --e-global-typography-text-line-height );}.elementor-widget-heading .elementor-heading-title{font-size:var( --e-global-typography-primary-font-size );line-height:var( --e-global-typography-primary-line-height );letter-spacing:var( --e-global-typography-primary-letter-spacing );}.elementor-507 .elementor-element.elementor-element-29e644a{text-align:start;}.elementor-507 .elementor-element.elementor-element-29e644a .elementor-heading-title{font-size:32px;line-height:1.2em;}.elementor-507 .elementor-element.elementor-element-29e644a > .elementor-widget-container{margin:0px 0px 0px 0px;padding:30px 0px 30px 0px;}.elementor-widget-text-editor{font-size:var( --e-global-typography-text-font-size );line-height:var( --e-global-typography-text-line-height );}.elementor-507 .elementor-element.elementor-element-a783c37{line-height:1.5em;}.elementor-507 .elementor-element.elementor-element-a783c37 > .elementor-widget-container{padding:0px 0px 30px 0px;}.elementor-widget-icon-list .elementor-icon-list-item > .elementor-icon-list-text, .elementor-widget-icon-list .elementor-icon-list-item > a{font-size:var( --e-global-typography-text-font-size );line-height:var( --e-global-typography-text-line-height );}.elementor-507 .elementor-element.elementor-element-a5c6592 .elementor-icon-list-item > .elementor-icon-list-text, .elementor-507 .elementor-element.elementor-element-a5c6592 .elementor-icon-list-item > a{line-height:1.5em;}.elementor-507 .elementor-element.elementor-element-a5c6592 > .elementor-widget-container{padding:0px 0px 50px 0px;}.elementor-507 .elementor-element.elementor-element-08ad32a{padding:0px 0px 0px 0px;}.elementor-507 .elementor-element.elementor-element-1fde4dd > .elementor-widget-container{padding:0px 0px 20px 0px;}.elementor-widget-button .elementor-button{font-size:var( --e-global-typography-accent-font-size );line-height:var( --e-global-typography-accent-line-height );}}<\/style>\t\t<div data-elementor-type=\"wp-page\" data-elementor-id=\"507\" class=\"elementor elementor-507\" data-elementor-settings=\"{&quot;ha_cmc_init_switcher&quot;:&quot;no&quot;}\" data-elementor-post-type=\"page\">\n\t\t\t\t\t\t<section class=\"elementor-section elementor-top-section elementor-element elementor-element-7350fb3 elementor-section-content-middle elementor-section-boxed elementor-section-height-default elementor-section-height-default\" data-id=\"7350fb3\" data-element_type=\"section\" data-e-type=\"section\" data-settings=\"{&quot;background_background&quot;:&quot;classic&quot;,&quot;_ha_eqh_enable&quot;:false}\">\n\t\t\t\t\t\t<div class=\"elementor-container elementor-column-gap-no\">\n\t\t\t\t\t<div class=\"elementor-column elementor-col-50 elementor-top-column elementor-element elementor-element-8baa4b0\" data-id=\"8baa4b0\" data-element_type=\"column\" data-e-type=\"column\">\n\t\t\t<div class=\"elementor-widget-wrap elementor-element-populated\">\n\t\t\t\t\t\t<div class=\"elementor-element elementor-element-b36e053 elementor-widget elementor-widget-image\" data-id=\"b36e053\" data-element_type=\"widget\" data-e-type=\"widget\" data-widget_type=\"image.default\">\n\t\t\t\t<div class=\"elementor-widget-container\">\n\t\t\t\t\t\t\t\t\t\t\t\t\t\t\t<img fetchpriority=\"high\" decoding=\"async\" width=\"1024\" height=\"696\" src=\"https:\/\/matikali.com\/wp-content\/uploads\/2023\/03\/Sula-Entertainment-productora-audiovisual-diseno-web-1024x696.jpg\" class=\"attachment-large size-large wp-image-7821\" alt=\"Branding, Identidad, visual, dise\u00f1o web, UX, UI, Experiencia de usuario, logo, dise\u00f1o de paginas web en mexico, paginas web en latinoamerica, wordpress, shopify, webflow, matikali estudio\" srcset=\"https:\/\/matikali.com\/wp-content\/uploads\/2023\/03\/Sula-Entertainment-productora-audiovisual-diseno-web-1024x696.jpg 1024w, https:\/\/matikali.com\/wp-content\/uploads\/2023\/03\/Sula-Entertainment-productora-audiovisual-diseno-web-1000x680.jpg 1000w, https:\/\/matikali.com\/wp-content\/uploads\/2023\/03\/Sula-Entertainment-productora-audiovisual-diseno-web-300x204.jpg 300w, https:\/\/matikali.com\/wp-content\/uploads\/2023\/03\/Sula-Entertainment-productora-audiovisual-diseno-web-768x522.jpg 768w, https:\/\/matikali.com\/wp-content\/uploads\/2023\/03\/Sula-Entertainment-productora-audiovisual-diseno-web-18x12.jpg 18w, https:\/\/matikali.com\/wp-content\/uploads\/2023\/03\/Sula-Entertainment-productora-audiovisual-diseno-web.jpg 1200w\" sizes=\"(max-width: 1024px) 100vw, 1024px\" \/>\t\t\t\t\t\t\t\t\t\t\t\t\t\t\t<\/div>\n\t\t\t\t<\/div>\n\t\t\t\t\t<\/div>\n\t\t<\/div>\n\t\t\t\t<div class=\"elementor-column elementor-col-50 elementor-top-column elementor-element elementor-element-8c23149\" data-id=\"8c23149\" data-element_type=\"column\" data-e-type=\"column\">\n\t\t\t<div class=\"elementor-widget-wrap elementor-element-populated\">\n\t\t\t\t\t\t<div class=\"elementor-element elementor-element-29e644a elementor-invisible elementor-widget elementor-widget-heading\" data-id=\"29e644a\" data-element_type=\"widget\" data-e-type=\"widget\" data-settings=\"{&quot;_animation&quot;:&quot;slideInRight&quot;}\" data-widget_type=\"heading.default\">\n\t\t\t\t<div class=\"elementor-widget-container\">\n\t\t\t\t\t<h1 class=\"elementor-heading-title elementor-size-default\">SULA entertainment<\/h1>\t\t\t\t<\/div>\n\t\t\t\t<\/div>\n\t\t\t\t<div class=\"elementor-element elementor-element-a783c37 elementor-invisible elementor-widget elementor-widget-text-editor\" data-id=\"a783c37\" data-element_type=\"widget\" data-e-type=\"widget\" data-settings=\"{&quot;_animation&quot;:&quot;slideInUp&quot;}\" data-widget_type=\"text-editor.default\">\n\t\t\t\t<div class=\"elementor-widget-container\">\n\t\t\t\t\t\t\t\t\t<p>Dise\u00f1o y desarrollo web para Sula, productora audiovisual mexicana, dedicada a la producci\u00f3n de Series y Pel\u00edculas para plataformas de streaming.<\/p>\t\t\t\t\t\t\t\t<\/div>\n\t\t\t\t<\/div>\n\t\t\t\t<div class=\"elementor-element elementor-element-a5c6592 elementor-icon-list--layout-traditional elementor-list-item-link-full_width elementor-widget elementor-widget-icon-list\" data-id=\"a5c6592\" data-element_type=\"widget\" data-e-type=\"widget\" data-widget_type=\"icon-list.default\">\n\t\t\t\t<div class=\"elementor-widget-container\">\n\t\t\t\t\t\t\t<ul class=\"elementor-icon-list-items\">\n\t\t\t\t\t\t\t<li class=\"elementor-icon-list-item\">\n\t\t\t\t\t\t\t\t\t\t\t<span class=\"elementor-icon-list-icon\">\n\t\t\t\t\t\t\t<i aria-hidden=\"true\" class=\"fas fa-clock\"><\/i>\t\t\t\t\t\t<\/span>\n\t\t\t\t\t\t\t\t\t\t<span class=\"elementor-icon-list-text\">Diciembre 2022<\/span>\n\t\t\t\t\t\t\t\t\t<\/li>\n\t\t\t\t\t\t<\/ul>\n\t\t\t\t\t\t<\/div>\n\t\t\t\t<\/div>\n\t\t\t\t\t<\/div>\n\t\t<\/div>\n\t\t\t\t\t<\/div>\n\t\t<\/section>\n\t\t\t\t<section class=\"elementor-section elementor-top-section elementor-element elementor-element-08ad32a elementor-section-boxed elementor-section-height-default elementor-section-height-default\" data-id=\"08ad32a\" data-element_type=\"section\" data-e-type=\"section\" data-settings=\"{&quot;_ha_eqh_enable&quot;:false}\">\n\t\t\t\t\t\t<div class=\"elementor-container elementor-column-gap-default\">\n\t\t\t\t\t<div class=\"elementor-column elementor-col-100 elementor-top-column elementor-element elementor-element-90c25dc\" data-id=\"90c25dc\" data-element_type=\"column\" data-e-type=\"column\">\n\t\t\t<div class=\"elementor-widget-wrap elementor-element-populated\">\n\t\t\t\t\t\t<div class=\"elementor-element elementor-element-1fde4dd elementor-widget elementor-widget-image\" data-id=\"1fde4dd\" data-element_type=\"widget\" data-e-type=\"widget\" data-widget_type=\"image.default\">\n\t\t\t\t<div class=\"elementor-widget-container\">\n\t\t\t\t\t\t\t\t\t\t\t\t\t\t\t<img decoding=\"async\" width=\"896\" height=\"560\" data-src=\"https:\/\/matikali.com\/wp-content\/uploads\/2023\/05\/sula-films-cannes-2023-diseno-web-ux-ui-1.jpg\" class=\"attachment-full size-full wp-image-8439 lazyload\" alt=\"\" data-srcset=\"https:\/\/matikali.com\/wp-content\/uploads\/2023\/05\/sula-films-cannes-2023-diseno-web-ux-ui-1.jpg 896w, https:\/\/matikali.com\/wp-content\/uploads\/2023\/05\/sula-films-cannes-2023-diseno-web-ux-ui-1-300x188.jpg 300w, https:\/\/matikali.com\/wp-content\/uploads\/2023\/05\/sula-films-cannes-2023-diseno-web-ux-ui-1-768x480.jpg 768w\" data-sizes=\"(max-width: 896px) 100vw, 896px\" src=\"data:image\/svg+xml;base64,PHN2ZyB3aWR0aD0iMSIgaGVpZ2h0PSIxIiB4bWxucz0iaHR0cDovL3d3dy53My5vcmcvMjAwMC9zdmciPjwvc3ZnPg==\" style=\"--smush-placeholder-width: 896px; --smush-placeholder-aspect-ratio: 896\/560;\" \/>\t\t\t\t\t\t\t\t\t\t\t\t\t\t\t<\/div>\n\t\t\t\t<\/div>\n\t\t\t\t<div class=\"elementor-element elementor-element-783a335 elementor-widget elementor-widget-video\" data-id=\"783a335\" data-element_type=\"widget\" data-e-type=\"widget\" data-settings=\"{&quot;autoplay&quot;:&quot;yes&quot;,&quot;play_on_mobile&quot;:&quot;yes&quot;,&quot;mute&quot;:&quot;yes&quot;,&quot;loop&quot;:&quot;yes&quot;,&quot;video_type&quot;:&quot;vimeo&quot;}\" data-widget_type=\"video.default\">\n\t\t\t\t<div class=\"elementor-widget-container\">\n\t\t\t\t\t\t\t<div class=\"elementor-wrapper elementor-open-inline\">\n\t\t\t<iframe class=\"elementor-video-iframe lazyload\" allowfullscreen allow=\"autoplay\" title=\"vimeo Video Player\" data-src=\"https:\/\/player.vimeo.com\/video\/813727267?autoplay=1&amp;playsinline=1&amp;color&amp;autopause=0&amp;loop=1&amp;muted=1&amp;title=1&amp;portrait=1&amp;byline=1#t=\" data-no-translation-title=\"\" src=\"data:image\/svg+xml;base64,PHN2ZyB3aWR0aD0iMSIgaGVpZ2h0PSIxIiB4bWxucz0iaHR0cDovL3d3dy53My5vcmcvMjAwMC9zdmciPjwvc3ZnPg==\" data-load-mode=\"1\"><\/iframe>\t\t<\/div>\n\t\t\t\t\t\t<\/div>\n\t\t\t\t<\/div>\n\t\t\t\t\t<\/div>\n\t\t<\/div>\n\t\t\t\t\t<\/div>\n\t\t<\/section>\n\t\t\t\t<section class=\"elementor-section elementor-top-section elementor-element elementor-element-d86b0b8 elementor-section-boxed elementor-section-height-default elementor-section-height-default\" data-id=\"d86b0b8\" data-element_type=\"section\" data-e-type=\"section\" data-settings=\"{&quot;_ha_eqh_enable&quot;:false}\">\n\t\t\t\t\t\t<div class=\"elementor-container elementor-column-gap-default\">\n\t\t\t\t\t<div class=\"elementor-column elementor-col-100 elementor-top-column elementor-element elementor-element-a640662\" data-id=\"a640662\" data-element_type=\"column\" data-e-type=\"column\">\n\t\t\t<div class=\"elementor-widget-wrap elementor-element-populated\">\n\t\t\t\t\t\t<div class=\"elementor-element elementor-element-028196f elementor-align-center elementor-invisible elementor-widget elementor-widget-button\" data-id=\"028196f\" data-element_type=\"widget\" data-e-type=\"widget\" data-settings=\"{&quot;_animation&quot;:&quot;slideInRight&quot;}\" data-widget_type=\"button.default\">\n\t\t\t\t<div class=\"elementor-widget-container\">\n\t\t\t\t\t\t\t\t\t<div class=\"elementor-button-wrapper\">\n\t\t\t\t\t<a class=\"elementor-button elementor-button-link elementor-size-sm\" href=\"https:\/\/matikali.com\/es\/portafolio-diseno-web\/\">\n\t\t\t\t\t\t<span class=\"elementor-button-content-wrapper\">\n\t\t\t\t\t\t<span class=\"elementor-button-icon\">\n\t\t\t\t<svg xmlns=\"http:\/\/www.w3.org\/2000\/svg\" id=\"af259cf5-7745-4534-b9fe-b5b181823a33\" data-name=\"Layer 1\" width=\"74\" height=\"74\" viewbox=\"0 0 74 74\"><polygon points=\"0 0 0 4 66.052 4 0.352 69.701 3.18 72.529 70 5.708 70 74 74 74 74 0 0 0\"><\/polygon><\/svg>\t\t\t<\/span>\n\t\t\t\t\t\t\t\t\t<span class=\"elementor-button-text\">IR  A PORTAFOLIO<\/span>\n\t\t\t\t\t<\/span>\n\t\t\t\t\t<\/a>\n\t\t\t\t<\/div>\n\t\t\t\t\t\t\t\t<\/div>\n\t\t\t\t<\/div>\n\t\t\t\t\t<\/div>\n\t\t<\/div>\n\t\t\t\t\t<\/div>\n\t\t<\/section>\n\t\t\t\t<\/div>","protected":false},"excerpt":{"rendered":"<p>SULA entertainment Dise\u00f1o y desarrollo web para Sula, productora audiovisual mexicana, dedicada a la producci\u00f3n de Series y Pel\u00edculas para plataformas de streaming. Diciembre 2022 IR A PORTAFOLIO<\/p>","protected":false},"author":1,"featured_media":0,"parent":0,"menu_order":0,"comment_status":"closed","ping_status":"closed","template":"elementor_header_footer","meta":{"footnotes":""},"class_list":["post-507","page","type-page","status-publish","hentry"],"blocksy_meta":{"styles_descriptor":{"styles":{"desktop":"","tablet":"","mobile":""},"google_fonts":[],"version":6}},"_links":{"self":[{"href":"https:\/\/matikali.com\/es\/wp-json\/wp\/v2\/pages\/507","targetHints":{"allow":["GET"]}}],"collection":[{"href":"https:\/\/matikali.com\/es\/wp-json\/wp\/v2\/pages"}],"about":[{"href":"https:\/\/matikali.com\/es\/wp-json\/wp\/v2\/types\/page"}],"author":[{"embeddable":true,"href":"https:\/\/matikali.com\/es\/wp-json\/wp\/v2\/users\/1"}],"replies":[{"embeddable":true,"href":"https:\/\/matikali.com\/es\/wp-json\/wp\/v2\/comments?post=507"}],"version-history":[{"count":10,"href":"https:\/\/matikali.com\/es\/wp-json\/wp\/v2\/pages\/507\/revisions"}],"predecessor-version":[{"id":8442,"href":"https:\/\/matikali.com\/es\/wp-json\/wp\/v2\/pages\/507\/revisions\/8442"}],"wp:attachment":[{"href":"https:\/\/matikali.com\/es\/wp-json\/wp\/v2\/media?parent=507"}],"curies":[{"name":"wp","href":"https:\/\/api.w.org\/{rel}","templated":true}]}}