{"id":571,"date":"2022-12-22T14:44:57","date_gmt":"2022-12-22T14:44:57","guid":{"rendered":"https:\/\/matikali.com\/?page_id=571"},"modified":"2023-05-28T01:31:42","modified_gmt":"2023-05-28T07:31:42","slug":"klap-diseno-web","status":"publish","type":"page","link":"https:\/\/matikali.com\/es\/klap-diseno-web\/","title":{"rendered":"Klap&#038;Co Dise\u00f1o Web"},"content":{"rendered":"<style>.elementor-571 .elementor-element.elementor-element-1263887 > .elementor-container{max-width:1325px;}.elementor-571 .elementor-element.elementor-element-1263887 > .elementor-container > .elementor-column > .elementor-widget-wrap{align-content:center;align-items:center;}.elementor-571 .elementor-element.elementor-element-1263887:not(.elementor-motion-effects-element-type-background), .elementor-571 .elementor-element.elementor-element-1263887 > .elementor-motion-effects-container > .elementor-motion-effects-layer{background-color:var( --e-global-color-primary );}.elementor-571 .elementor-element.elementor-element-1263887{transition:background 0.3s, border 0.3s, border-radius 0.3s, box-shadow 0.3s;padding:40px 0px 80px 0px;}.elementor-571 .elementor-element.elementor-element-1263887 > .elementor-background-overlay{transition:background 0.3s, border-radius 0.3s, opacity 0.3s;}.elementor-571 .elementor-element.elementor-element-71079e7 > .elementor-element-populated{padding:0px 50px 0px 030px;}.elementor-widget-image .widget-image-caption{color:var( --e-global-color-text );font-family:var( --e-global-typography-text-font-family ), Sans-serif;font-size:var( --e-global-typography-text-font-size );font-weight:var( --e-global-typography-text-font-weight );text-transform:var( --e-global-typography-text-text-transform );font-style:var( --e-global-typography-text-font-style );text-decoration:var( --e-global-typography-text-text-decoration );line-height:var( --e-global-typography-text-line-height );}.elementor-bc-flex-widget .elementor-571 .elementor-element.elementor-element-e9583c3.elementor-column .elementor-widget-wrap{align-items:center;}.elementor-571 .elementor-element.elementor-element-e9583c3.elementor-column.elementor-element[data-element_type=\"column\"] > .elementor-widget-wrap.elementor-element-populated{align-content:center;align-items:center;}.elementor-571 .elementor-element.elementor-element-e9583c3.elementor-column > .elementor-widget-wrap{justify-content:center;}.elementor-widget-text-editor{font-family:var( --e-global-typography-text-font-family ), Sans-serif;font-size:var( --e-global-typography-text-font-size );font-weight:var( --e-global-typography-text-font-weight );text-transform:var( --e-global-typography-text-text-transform );font-style:var( --e-global-typography-text-font-style );text-decoration:var( --e-global-typography-text-text-decoration );line-height:var( --e-global-typography-text-line-height );color:var( --e-global-color-text );}.elementor-widget-text-editor.elementor-drop-cap-view-stacked .elementor-drop-cap{background-color:var( --e-global-color-primary );}.elementor-widget-text-editor.elementor-drop-cap-view-framed .elementor-drop-cap, .elementor-widget-text-editor.elementor-drop-cap-view-default .elementor-drop-cap{color:var( --e-global-color-primary );border-color:var( --e-global-color-primary );}.elementor-571 .elementor-element.elementor-element-48ac244{text-align:start;font-family:\"Sora\", Sans-serif;font-size:36px;font-weight:400;text-transform:uppercase;font-style:normal;text-decoration:none;line-height:1.5em;letter-spacing:-1px;color:#060606;}.elementor-571 .elementor-element.elementor-element-c0205cc{font-family:\"Fahkwang\", Sans-serif;font-size:21px;font-weight:400;line-height:1.7em;color:#000000;}.elementor-widget-icon-list .elementor-icon-list-item:not(:last-child):after{border-color:var( --e-global-color-text );}.elementor-widget-icon-list .elementor-icon-list-icon i{color:var( --e-global-color-primary );}.elementor-widget-icon-list .elementor-icon-list-icon svg{fill:var( --e-global-color-primary );}.elementor-widget-icon-list .elementor-icon-list-item > .elementor-icon-list-text, .elementor-widget-icon-list .elementor-icon-list-item > a{font-family:var( --e-global-typography-text-font-family ), Sans-serif;font-size:var( --e-global-typography-text-font-size );font-weight:var( --e-global-typography-text-font-weight );text-transform:var( --e-global-typography-text-text-transform );font-style:var( --e-global-typography-text-font-style );text-decoration:var( --e-global-typography-text-text-decoration );line-height:var( --e-global-typography-text-line-height );}.elementor-widget-icon-list .elementor-icon-list-text{color:var( --e-global-color-secondary );}.elementor-571 .elementor-element.elementor-element-48c0998 .elementor-icon-list-icon i{color:#C08647;transition:color 0.3s;}.elementor-571 .elementor-element.elementor-element-48c0998 .elementor-icon-list-icon svg{fill:#C08647;transition:fill 0.3s;}.elementor-571 .elementor-element.elementor-element-48c0998{--e-icon-list-icon-size:26px;--icon-vertical-offset:0px;}.elementor-571 .elementor-element.elementor-element-48c0998 .elementor-icon-list-icon{padding-inline-end:6px;}.elementor-571 .elementor-element.elementor-element-48c0998 .elementor-icon-list-item > .elementor-icon-list-text, .elementor-571 .elementor-element.elementor-element-48c0998 .elementor-icon-list-item > a{font-family:\"Syne\", Sans-serif;font-size:22px;font-weight:400;line-height:2.5em;}.elementor-571 .elementor-element.elementor-element-48c0998 .elementor-icon-list-text{color:#050505;transition:color 0.3s;}.elementor-571 .elementor-element.elementor-element-48c0998 > .elementor-widget-container{padding:20px 0px 0px 0px;}.elementor-571 .elementor-element.elementor-element-74b9817{padding:40px 0px 0px 0px;}.elementor-571 .elementor-element.elementor-element-e3c4173 .elementor-wrapper{--video-aspect-ratio:1.77777;}.elementor-widget-button .elementor-button{font-family:var( --e-global-typography-accent-font-family ), Sans-serif;font-size:var( --e-global-typography-accent-font-size );font-weight:var( --e-global-typography-accent-font-weight );text-transform:var( --e-global-typography-accent-text-transform );font-style:var( --e-global-typography-accent-font-style );text-decoration:var( --e-global-typography-accent-text-decoration );line-height:var( --e-global-typography-accent-line-height );background-color:var( --e-global-color-accent );}.elementor-571 .elementor-element.elementor-element-7bf5684 .elementor-button-content-wrapper{flex-direction:row-reverse;}.elementor-571 .elementor-element.elementor-element-7bf5684 .elementor-button .elementor-button-content-wrapper{gap:25px;}.elementor-571 .elementor-element.elementor-element-7bf5684 .elementor-button{font-family:\"Sora\", Sans-serif;font-size:36px;font-weight:500;letter-spacing:-0.1px;fill:#000000;color:#000000;background-color:#61CE7000;}.elementor-571 .elementor-element.elementor-element-7bf5684 > .elementor-widget-container{padding:30px 0px 30px 0px;}@media(max-width:1366px){.elementor-widget-image .widget-image-caption{font-size:var( --e-global-typography-text-font-size );line-height:var( --e-global-typography-text-line-height );}.elementor-571 .elementor-element.elementor-element-e9583c3 > .elementor-element-populated{padding:0px 40px 0px 0px;}.elementor-widget-text-editor{font-size:var( --e-global-typography-text-font-size );line-height:var( --e-global-typography-text-line-height );}.elementor-widget-icon-list .elementor-icon-list-item > .elementor-icon-list-text, .elementor-widget-icon-list .elementor-icon-list-item > a{font-size:var( --e-global-typography-text-font-size );line-height:var( --e-global-typography-text-line-height );}.elementor-widget-button .elementor-button{font-size:var( --e-global-typography-accent-font-size );line-height:var( --e-global-typography-accent-line-height );}}@media(min-width:768px){.elementor-571 .elementor-element.elementor-element-71079e7{width:61.472%;}.elementor-571 .elementor-element.elementor-element-e9583c3{width:38.528%;}}@media(max-width:1024px) and (min-width:768px){.elementor-571 .elementor-element.elementor-element-71079e7{width:100%;}.elementor-571 .elementor-element.elementor-element-e9583c3{width:100%;}}@media(max-width:1024px){.elementor-571 .elementor-element.elementor-element-1263887{padding:0% 5% 5% 5%;}.elementor-widget-image .widget-image-caption{font-size:var( --e-global-typography-text-font-size );line-height:var( --e-global-typography-text-line-height );}.elementor-571 .elementor-element.elementor-element-e9583c3 > .elementor-element-populated{padding:10% 0% 10% 0%;}.elementor-widget-text-editor{font-size:var( --e-global-typography-text-font-size );line-height:var( --e-global-typography-text-line-height );}.elementor-571 .elementor-element.elementor-element-48ac244{font-size:42px;line-height:1.2em;letter-spacing:0px;}.elementor-widget-icon-list .elementor-icon-list-item > .elementor-icon-list-text, .elementor-widget-icon-list .elementor-icon-list-item > a{font-size:var( --e-global-typography-text-font-size );line-height:var( --e-global-typography-text-line-height );}.elementor-widget-button .elementor-button{font-size:var( --e-global-typography-accent-font-size );line-height:var( --e-global-typography-accent-line-height );}}@media(max-width:767px){.elementor-571 .elementor-element.elementor-element-1263887{margin-top:0px;margin-bottom:0px;padding:0px 30px 0px 25px;}.elementor-571 .elementor-element.elementor-element-71079e7 > .elementor-element-populated{padding:0px 0px 0px 0px;}.elementor-widget-image .widget-image-caption{font-size:var( --e-global-typography-text-font-size );line-height:var( --e-global-typography-text-line-height );}.elementor-571 .elementor-element.elementor-element-e9583c3 > .elementor-element-populated{padding:0% 0% 0% 0%;}.elementor-widget-text-editor{font-size:var( --e-global-typography-text-font-size );line-height:var( --e-global-typography-text-line-height );}.elementor-571 .elementor-element.elementor-element-48ac244{font-size:36px;line-height:1.5em;letter-spacing:0px;}.elementor-571 .elementor-element.elementor-element-48ac244 > .elementor-widget-container{padding:27px 0px 0px 0px;}.elementor-571 .elementor-element.elementor-element-c0205cc{line-height:1.5em;}.elementor-571 .elementor-element.elementor-element-c0205cc > .elementor-widget-container{padding:20px 0px 0px 0px;}.elementor-widget-icon-list .elementor-icon-list-item > .elementor-icon-list-text, .elementor-widget-icon-list .elementor-icon-list-item > a{font-size:var( --e-global-typography-text-font-size );line-height:var( --e-global-typography-text-line-height );}.elementor-571 .elementor-element.elementor-element-48c0998 .elementor-icon-list-item > .elementor-icon-list-text, .elementor-571 .elementor-element.elementor-element-48c0998 .elementor-icon-list-item > a{line-height:2.5em;}.elementor-571 .elementor-element.elementor-element-48c0998 > .elementor-widget-container{padding:20px 0px 20px 0px;}.elementor-571 .elementor-element.elementor-element-74b9817{margin-top:0px;margin-bottom:0px;padding:0px 0px 0px 0px;}.elementor-571 .elementor-element.elementor-element-0aadf91 > .elementor-element-populated{margin:0px 0px 0px 0px;--e-column-margin-right:0px;--e-column-margin-left:0px;padding:0px 0px 0px 0px;}.elementor-571 .elementor-element.elementor-element-e3c4173 > .elementor-widget-container{padding:20px 0px 30px 0px;}.elementor-widget-button .elementor-button{font-size:var( --e-global-typography-accent-font-size );line-height:var( --e-global-typography-accent-line-height );}}<\/style>\t\t<div data-elementor-type=\"wp-page\" data-elementor-id=\"571\" class=\"elementor elementor-571\" data-elementor-settings=\"{&quot;ha_cmc_init_switcher&quot;:&quot;no&quot;}\" data-elementor-post-type=\"page\">\n\t\t\t\t\t\t<section class=\"elementor-section elementor-top-section elementor-element elementor-element-1263887 elementor-section-content-middle elementor-reverse-mobile elementor-reverse-tablet ct-section-stretched elementor-section-boxed elementor-section-height-default elementor-section-height-default\" data-id=\"1263887\" data-element_type=\"section\" data-e-type=\"section\" data-settings=\"{&quot;background_background&quot;:&quot;classic&quot;,&quot;_ha_eqh_enable&quot;:false}\">\n\t\t\t\t\t\t<div class=\"elementor-container elementor-column-gap-no\">\n\t\t\t\t\t<div class=\"elementor-column elementor-col-50 elementor-top-column elementor-element elementor-element-71079e7\" data-id=\"71079e7\" data-element_type=\"column\" data-e-type=\"column\">\n\t\t\t<div class=\"elementor-widget-wrap elementor-element-populated\">\n\t\t\t\t\t\t<div class=\"elementor-element elementor-element-812f6bc elementor-widget elementor-widget-image\" data-id=\"812f6bc\" data-element_type=\"widget\" data-e-type=\"widget\" data-widget_type=\"image.default\">\n\t\t\t\t<div class=\"elementor-widget-container\">\n\t\t\t\t\t\t\t\t\t\t\t\t\t\t\t<img fetchpriority=\"high\" decoding=\"async\" width=\"988\" height=\"1024\" src=\"https:\/\/matikali.com\/wp-content\/uploads\/2023\/01\/diseno-web-diseno-ux-y-ui-para-Klap-escuela-de-idiomas-en-linea--988x1024.jpg\" class=\"attachment-large size-large wp-image-7275\" alt=\"\" srcset=\"https:\/\/matikali.com\/wp-content\/uploads\/2023\/01\/diseno-web-diseno-ux-y-ui-para-Klap-escuela-de-idiomas-en-linea--988x1024.jpg 988w, https:\/\/matikali.com\/wp-content\/uploads\/2023\/01\/diseno-web-diseno-ux-y-ui-para-Klap-escuela-de-idiomas-en-linea--1000x1037.jpg 1000w, https:\/\/matikali.com\/wp-content\/uploads\/2023\/01\/diseno-web-diseno-ux-y-ui-para-Klap-escuela-de-idiomas-en-linea--289x300.jpg 289w, https:\/\/matikali.com\/wp-content\/uploads\/2023\/01\/diseno-web-diseno-ux-y-ui-para-Klap-escuela-de-idiomas-en-linea--768x796.jpg 768w, https:\/\/matikali.com\/wp-content\/uploads\/2023\/01\/diseno-web-diseno-ux-y-ui-para-Klap-escuela-de-idiomas-en-linea-.jpg 1200w\" sizes=\"(max-width: 988px) 100vw, 988px\" \/>\t\t\t\t\t\t\t\t\t\t\t\t\t\t\t<\/div>\n\t\t\t\t<\/div>\n\t\t\t\t\t<\/div>\n\t\t<\/div>\n\t\t\t\t<div class=\"elementor-column elementor-col-50 elementor-top-column elementor-element elementor-element-e9583c3\" data-id=\"e9583c3\" data-element_type=\"column\" data-e-type=\"column\">\n\t\t\t<div class=\"elementor-widget-wrap elementor-element-populated\">\n\t\t\t\t\t\t<div class=\"elementor-element elementor-element-48ac244 elementor-invisible elementor-widget elementor-widget-text-editor\" data-id=\"48ac244\" data-element_type=\"widget\" data-e-type=\"widget\" data-settings=\"{&quot;_animation&quot;:&quot;zoomIn&quot;}\" data-widget_type=\"text-editor.default\">\n\t\t\t\t<div class=\"elementor-widget-container\">\n\t\t\t\t\t\t\t\t\t<p>Klap&amp;Co.<\/p>\t\t\t\t\t\t\t\t<\/div>\n\t\t\t\t<\/div>\n\t\t\t\t<div class=\"elementor-element elementor-element-c0205cc elementor-invisible elementor-widget elementor-widget-text-editor\" data-id=\"c0205cc\" data-element_type=\"widget\" data-e-type=\"widget\" data-settings=\"{&quot;_animation&quot;:&quot;slideInUp&quot;}\" data-widget_type=\"text-editor.default\">\n\t\t\t\t<div class=\"elementor-widget-container\">\n\t\t\t\t\t\t\t\t\t<p>Escuela l\u00fadica de Idiomas en l\u00ednea, especialmente de Franc\u00e9s e Ingl\u00e9s, desarrollamos su website para venta de los cursos mediante la web y creamos 2 versiones de la p\u00e1gina; para profesionistas y para ni\u00f1os.<\/p>\t\t\t\t\t\t\t\t<\/div>\n\t\t\t\t<\/div>\n\t\t\t\t<div class=\"elementor-element elementor-element-48c0998 elementor-icon-list--layout-traditional elementor-list-item-link-full_width elementor-widget elementor-widget-icon-list\" data-id=\"48c0998\" data-element_type=\"widget\" data-e-type=\"widget\" data-widget_type=\"icon-list.default\">\n\t\t\t\t<div class=\"elementor-widget-container\">\n\t\t\t\t\t\t\t<ul class=\"elementor-icon-list-items\">\n\t\t\t\t\t\t\t<li class=\"elementor-icon-list-item\">\n\t\t\t\t\t\t\t\t\t\t\t<span class=\"elementor-icon-list-icon\">\n\t\t\t\t\t\t\t<i aria-hidden=\"true\" class=\"fas fa-clock\"><\/i>\t\t\t\t\t\t<\/span>\n\t\t\t\t\t\t\t\t\t\t<span class=\"elementor-icon-list-text\">Noviembre  2022<\/span>\n\t\t\t\t\t\t\t\t\t<\/li>\n\t\t\t\t\t\t<\/ul>\n\t\t\t\t\t\t<\/div>\n\t\t\t\t<\/div>\n\t\t\t\t\t<\/div>\n\t\t<\/div>\n\t\t\t\t\t<\/div>\n\t\t<\/section>\n\t\t\t\t<section class=\"elementor-section elementor-top-section elementor-element elementor-element-74b9817 elementor-section-boxed elementor-section-height-default elementor-section-height-default\" data-id=\"74b9817\" data-element_type=\"section\" data-e-type=\"section\" data-settings=\"{&quot;_ha_eqh_enable&quot;:false}\">\n\t\t\t\t\t\t<div class=\"elementor-container elementor-column-gap-default\">\n\t\t\t\t\t<div class=\"elementor-column elementor-col-100 elementor-top-column elementor-element elementor-element-0aadf91\" data-id=\"0aadf91\" data-element_type=\"column\" data-e-type=\"column\">\n\t\t\t<div class=\"elementor-widget-wrap elementor-element-populated\">\n\t\t\t\t\t\t<div class=\"elementor-element elementor-element-e3c4173 elementor-widget elementor-widget-video\" data-id=\"e3c4173\" data-element_type=\"widget\" data-e-type=\"widget\" data-settings=\"{&quot;mute&quot;:&quot;yes&quot;,&quot;loop&quot;:&quot;yes&quot;,&quot;video_type&quot;:&quot;vimeo&quot;,&quot;image_overlay&quot;:{&quot;url&quot;:&quot;https:\\\/\\\/matikali.com\\\/wp-content\\\/uploads\\\/2022\\\/12\\\/diseno-we-diseno-ux-y-ui-para-escuela-de-idiomas-.jpg&quot;,&quot;id&quot;:7043,&quot;size&quot;:&quot;&quot;,&quot;alt&quot;:&quot;&quot;,&quot;source&quot;:&quot;library&quot;},&quot;show_image_overlay&quot;:&quot;yes&quot;}\" data-widget_type=\"video.default\">\n\t\t\t\t<div class=\"elementor-widget-container\">\n\t\t\t\t\t\t\t<div class=\"elementor-wrapper elementor-open-inline\">\n\t\t\t<iframe class=\"elementor-video-iframe lazyload\" allowfullscreen allow=\"clipboard-write\" title=\"Reproductor de video vimeo\" data-src=\"https:\/\/player.vimeo.com\/video\/787770941?color=000000&amp;autopause=0&amp;loop=1&amp;muted=1&amp;title=0&amp;portrait=0&amp;byline=0#t=\" src=\"data:image\/svg+xml;base64,PHN2ZyB3aWR0aD0iMSIgaGVpZ2h0PSIxIiB4bWxucz0iaHR0cDovL3d3dy53My5vcmcvMjAwMC9zdmciPjwvc3ZnPg==\" data-load-mode=\"1\"><\/iframe>\t\t\t\t<div class=\"elementor-custom-embed-image-overlay lazyload\" style=\"background-image:inherit;\" data-bg-image=\"url(https:\/\/matikali.com\/wp-content\/uploads\/2022\/12\/diseno-we-diseno-ux-y-ui-para-escuela-de-idiomas-.jpg)\">\n\t\t\t\t\t\t\t\t\t\t\t\t\t\t\t\t<div class=\"elementor-custom-embed-play\" role=\"button\" aria-label=\"Reproducir video\" tabindex=\"0\">\n\t\t\t\t\t\t\t<i aria-hidden=\"true\" class=\"eicon-play\"><\/i>\t\t\t\t\t\t<\/div>\n\t\t\t\t\t\t\t\t\t<\/div>\n\t\t\t\t\t<\/div>\n\t\t\t\t\t\t<\/div>\n\t\t\t\t<\/div>\n\t\t\t\t\t<\/div>\n\t\t<\/div>\n\t\t\t\t\t<\/div>\n\t\t<\/section>\n\t\t\t\t<section class=\"elementor-section elementor-top-section elementor-element elementor-element-93cd5dc elementor-section-boxed elementor-section-height-default elementor-section-height-default\" data-id=\"93cd5dc\" data-element_type=\"section\" data-e-type=\"section\" data-settings=\"{&quot;_ha_eqh_enable&quot;:false}\">\n\t\t\t\t\t\t<div class=\"elementor-container elementor-column-gap-default\">\n\t\t\t\t\t<div class=\"elementor-column elementor-col-100 elementor-top-column elementor-element elementor-element-cb56760\" data-id=\"cb56760\" data-element_type=\"column\" data-e-type=\"column\">\n\t\t\t<div class=\"elementor-widget-wrap elementor-element-populated\">\n\t\t\t\t\t\t<div class=\"elementor-element elementor-element-7bf5684 elementor-align-center elementor-invisible elementor-widget elementor-widget-button\" data-id=\"7bf5684\" data-element_type=\"widget\" data-e-type=\"widget\" data-settings=\"{&quot;_animation&quot;:&quot;slideInRight&quot;}\" data-widget_type=\"button.default\">\n\t\t\t\t<div class=\"elementor-widget-container\">\n\t\t\t\t\t\t\t\t\t<div class=\"elementor-button-wrapper\">\n\t\t\t\t\t<a class=\"elementor-button elementor-button-link elementor-size-sm\" href=\"https:\/\/matikali.com\/portafolio-diseno-web\/\">\n\t\t\t\t\t\t<span class=\"elementor-button-content-wrapper\">\n\t\t\t\t\t\t<span class=\"elementor-button-icon\">\n\t\t\t\t<svg xmlns=\"http:\/\/www.w3.org\/2000\/svg\" id=\"af259cf5-7745-4534-b9fe-b5b181823a33\" data-name=\"Layer 1\" width=\"74\" height=\"74\" viewBox=\"0 0 74 74\"><polygon points=\"0 0 0 4 66.052 4 0.352 69.701 3.18 72.529 70 5.708 70 74 74 74 74 0 0 0\"><\/polygon><\/svg>\t\t\t<\/span>\n\t\t\t\t\t\t\t\t\t<span class=\"elementor-button-text\">IR  A PORTAFOLIO<\/span>\n\t\t\t\t\t<\/span>\n\t\t\t\t\t<\/a>\n\t\t\t\t<\/div>\n\t\t\t\t\t\t\t\t<\/div>\n\t\t\t\t<\/div>\n\t\t\t\t\t<\/div>\n\t\t<\/div>\n\t\t\t\t\t<\/div>\n\t\t<\/section>\n\t\t\t\t<\/div>\n\t\t","protected":false},"excerpt":{"rendered":"<p>Klap&amp;Co. Escuela l\u00fadica de Idiomas en l\u00ednea, especialmente de Franc\u00e9s e Ingl\u00e9s, desarrollamos su website para venta de los cursos mediante la web y creamos 2 versiones de la p\u00e1gina; para profesionistas y para ni\u00f1os. Noviembre 2022 IR A PORTAFOLIO<\/p>","protected":false},"author":1,"featured_media":7043,"parent":0,"menu_order":0,"comment_status":"closed","ping_status":"closed","template":"","meta":{"footnotes":""},"class_list":["post-571","page","type-page","status-publish","has-post-thumbnail","hentry"],"blocksy_meta":{"styles_descriptor":{"styles":{"desktop":"","tablet":"","mobile":""},"google_fonts":[],"version":6}},"_links":{"self":[{"href":"https:\/\/matikali.com\/es\/wp-json\/wp\/v2\/pages\/571","targetHints":{"allow":["GET"]}}],"collection":[{"href":"https:\/\/matikali.com\/es\/wp-json\/wp\/v2\/pages"}],"about":[{"href":"https:\/\/matikali.com\/es\/wp-json\/wp\/v2\/types\/page"}],"author":[{"embeddable":true,"href":"https:\/\/matikali.com\/es\/wp-json\/wp\/v2\/users\/1"}],"replies":[{"embeddable":true,"href":"https:\/\/matikali.com\/es\/wp-json\/wp\/v2\/comments?post=571"}],"version-history":[{"count":9,"href":"https:\/\/matikali.com\/es\/wp-json\/wp\/v2\/pages\/571\/revisions"}],"predecessor-version":[{"id":8417,"href":"https:\/\/matikali.com\/es\/wp-json\/wp\/v2\/pages\/571\/revisions\/8417"}],"wp:featuredmedia":[{"embeddable":true,"href":"https:\/\/matikali.com\/es\/wp-json\/wp\/v2\/media\/7043"}],"wp:attachment":[{"href":"https:\/\/matikali.com\/es\/wp-json\/wp\/v2\/media?parent=571"}],"curies":[{"name":"wp","href":"https:\/\/api.w.org\/{rel}","templated":true}]}}