{"id":634,"date":"2021-06-30T19:24:57","date_gmt":"2021-06-30T19:24:57","guid":{"rendered":"https:\/\/matikali.com\/?page_id=634"},"modified":"2023-05-28T01:41:43","modified_gmt":"2023-05-28T07:41:43","slug":"voluntarias-vicentinas","status":"publish","type":"page","link":"https:\/\/matikali.com\/es\/voluntarias-vicentinas\/","title":{"rendered":"Voluntarias Vicentinas"},"content":{"rendered":"<style>.elementor-634 .elementor-element.elementor-element-7350fb3 > .elementor-container > .elementor-column > .elementor-widget-wrap{align-content:center;align-items:center;}.elementor-634 .elementor-element.elementor-element-7350fb3 > .elementor-background-overlay{background-color:var( --e-global-color-primary );opacity:0.5;transition:background 0.3s, border-radius 0.3s, opacity 0.3s;}.elementor-634 .elementor-element.elementor-element-7350fb3{transition:background 0.3s, border 0.3s, border-radius 0.3s, box-shadow 0.3s;padding:03px 0px 30px 0px;}.elementor-634 .elementor-element.elementor-element-8c23149 > .elementor-element-populated{padding:30px 30px 30px 30px;}.elementor-bc-flex-widget .elementor-634 .elementor-element.elementor-element-df452a0.elementor-column .elementor-widget-wrap{align-items:center;}.elementor-634 .elementor-element.elementor-element-df452a0.elementor-column.elementor-element[data-element_type=\"column\"] > .elementor-widget-wrap.elementor-element-populated{align-content:center;align-items:center;}.elementor-widget-text-editor{font-family:var( --e-global-typography-text-font-family ), Sans-serif;font-size:var( --e-global-typography-text-font-size );font-weight:var( --e-global-typography-text-font-weight );text-transform:var( --e-global-typography-text-text-transform );font-style:var( --e-global-typography-text-font-style );text-decoration:var( --e-global-typography-text-text-decoration );line-height:var( --e-global-typography-text-line-height );color:var( --e-global-color-text );}.elementor-widget-text-editor.elementor-drop-cap-view-stacked .elementor-drop-cap{background-color:var( --e-global-color-primary );}.elementor-widget-text-editor.elementor-drop-cap-view-framed .elementor-drop-cap, .elementor-widget-text-editor.elementor-drop-cap-view-default .elementor-drop-cap{color:var( --e-global-color-primary );border-color:var( --e-global-color-primary );}.elementor-634 .elementor-element.elementor-element-fa7e1d5{font-family:\"Sora\", Sans-serif;font-size:36px;font-weight:400;text-transform:none;font-style:normal;text-decoration:none;line-height:1.5em;letter-spacing:-1px;color:#060606;}.elementor-634 .elementor-element.elementor-element-a783c37{font-family:\"Fahkwang\", Sans-serif;font-size:21px;font-weight:400;line-height:1.7em;color:#000000;}.elementor-634 .elementor-element.elementor-element-a783c37 > .elementor-widget-container{padding:30px 70px 30px 0px;}.elementor-widget-image .widget-image-caption{color:var( --e-global-color-text );font-family:var( --e-global-typography-text-font-family ), Sans-serif;font-size:var( --e-global-typography-text-font-size );font-weight:var( --e-global-typography-text-font-weight );text-transform:var( --e-global-typography-text-text-transform );font-style:var( --e-global-typography-text-font-style );text-decoration:var( --e-global-typography-text-text-decoration );line-height:var( --e-global-typography-text-line-height );}.elementor-634 .elementor-element.elementor-element-d279c8b img{width:100%;height:600px;object-fit:cover;object-position:center center;}.elementor-634 .elementor-element.elementor-element-5811b7c > .elementor-container{max-width:1308px;}.elementor-634 .elementor-element.elementor-element-5811b7c{padding:0px 0px 0px 0px;}.elementor-634 .elementor-element.elementor-element-e285120 .elementor-wrapper{--video-aspect-ratio:1.77777;}.elementor-634 .elementor-element.elementor-element-e285120 > .elementor-widget-container{padding:60px 120px 60px 120px;}.elementor-634 .elementor-element.elementor-element-cbe2759 img{width:36%;}.elementor-634 .elementor-element.elementor-element-cbe2759 > .elementor-widget-container{padding:30px 0px 0px 0px;}.elementor-widget-button .elementor-button{font-family:var( --e-global-typography-accent-font-family ), Sans-serif;font-size:var( --e-global-typography-accent-font-size );font-weight:var( --e-global-typography-accent-font-weight );text-transform:var( --e-global-typography-accent-text-transform );font-style:var( --e-global-typography-accent-font-style );text-decoration:var( --e-global-typography-accent-text-decoration );line-height:var( --e-global-typography-accent-line-height );background-color:var( --e-global-color-accent );}.elementor-634 .elementor-element.elementor-element-7ca4dcd .elementor-button-content-wrapper{flex-direction:row-reverse;}.elementor-634 .elementor-element.elementor-element-7ca4dcd .elementor-button .elementor-button-content-wrapper{gap:25px;}.elementor-634 .elementor-element.elementor-element-7ca4dcd .elementor-button{font-family:\"Sora\", Sans-serif;font-size:36px;font-weight:500;letter-spacing:-0.1px;fill:#000000;color:#000000;background-color:#61CE7000;}.elementor-634 .elementor-element.elementor-element-7ca4dcd > .elementor-widget-container{padding:30px 0px 30px 0px;}@media(max-width:1366px){.elementor-widget-text-editor{font-size:var( --e-global-typography-text-font-size );line-height:var( --e-global-typography-text-line-height );}.elementor-widget-image .widget-image-caption{font-size:var( --e-global-typography-text-font-size );line-height:var( --e-global-typography-text-line-height );}.elementor-634 .elementor-element.elementor-element-cbe2759 img{width:678px;}.elementor-634 .elementor-element.elementor-element-cbe2759 > .elementor-widget-container{padding:40px 0px 0px 0px;}.elementor-widget-button .elementor-button{font-size:var( --e-global-typography-accent-font-size );line-height:var( --e-global-typography-accent-line-height );}}@media(max-width:1024px){.elementor-widget-text-editor{font-size:var( --e-global-typography-text-font-size );line-height:var( --e-global-typography-text-line-height );}.elementor-634 .elementor-element.elementor-element-fa7e1d5{font-size:42px;line-height:1.2em;letter-spacing:0px;}.elementor-widget-image .widget-image-caption{font-size:var( --e-global-typography-text-font-size );line-height:var( --e-global-typography-text-line-height );}.elementor-widget-button .elementor-button{font-size:var( --e-global-typography-accent-font-size );line-height:var( --e-global-typography-accent-line-height );}}@media(max-width:767px){.elementor-634 .elementor-element.elementor-element-7350fb3{padding:0px 30px 0px 25px;}.elementor-634 .elementor-element.elementor-element-8c23149{width:100%;}.elementor-634 .elementor-element.elementor-element-8c23149 > .elementor-element-populated{padding:0px 0px 0px 0px;}.elementor-widget-text-editor{font-size:var( --e-global-typography-text-font-size );line-height:var( --e-global-typography-text-line-height );}.elementor-634 .elementor-element.elementor-element-fa7e1d5{font-size:36px;line-height:1.5em;letter-spacing:0px;}.elementor-634 .elementor-element.elementor-element-fa7e1d5 > .elementor-widget-container{padding:27px 0px 0px 0px;}.elementor-634 .elementor-element.elementor-element-a783c37{line-height:1.5em;}.elementor-634 .elementor-element.elementor-element-a783c37 > .elementor-widget-container{padding:30px 0px 30px 0px;}.elementor-widget-image .widget-image-caption{font-size:var( --e-global-typography-text-font-size );line-height:var( --e-global-typography-text-line-height );}.elementor-634 .elementor-element.elementor-element-e285120 > .elementor-widget-container{padding:0px 0px 50px 0px;}.elementor-634 .elementor-element.elementor-element-cbe2759 > .elementor-widget-container{padding:20px 0px 0px 0px;}.elementor-widget-button .elementor-button{font-size:var( --e-global-typography-accent-font-size );line-height:var( --e-global-typography-accent-line-height );}}<\/style>\t\t<div data-elementor-type=\"wp-page\" data-elementor-id=\"634\" class=\"elementor elementor-634\" data-elementor-settings=\"{&quot;ha_cmc_init_switcher&quot;:&quot;no&quot;}\" data-elementor-post-type=\"page\">\n\t\t\t\t\t\t<section class=\"elementor-section elementor-top-section elementor-element elementor-element-7350fb3 elementor-section-content-middle elementor-section-full_width elementor-section-height-default elementor-section-height-default\" data-id=\"7350fb3\" data-element_type=\"section\" data-e-type=\"section\" data-settings=\"{&quot;background_background&quot;:&quot;classic&quot;,&quot;_ha_eqh_enable&quot;:false}\">\n\t\t\t\t\t\t\t<div class=\"elementor-background-overlay\"><\/div>\n\t\t\t\t\t\t\t<div class=\"elementor-container elementor-column-gap-no\">\n\t\t\t\t\t<div class=\"elementor-column elementor-col-100 elementor-top-column elementor-element elementor-element-8c23149\" data-id=\"8c23149\" data-element_type=\"column\" data-e-type=\"column\">\n\t\t\t<div class=\"elementor-widget-wrap elementor-element-populated\">\n\t\t\t\t\t\t<section class=\"elementor-section elementor-inner-section elementor-element elementor-element-081d6c9 elementor-section-boxed elementor-section-height-default elementor-section-height-default\" data-id=\"081d6c9\" data-element_type=\"section\" data-e-type=\"section\" data-settings=\"{&quot;_ha_eqh_enable&quot;:false}\">\n\t\t\t\t\t\t<div class=\"elementor-container elementor-column-gap-default\">\n\t\t\t\t\t<div class=\"elementor-column elementor-col-50 elementor-inner-column elementor-element elementor-element-df452a0\" data-id=\"df452a0\" data-element_type=\"column\" data-e-type=\"column\">\n\t\t\t<div class=\"elementor-widget-wrap elementor-element-populated\">\n\t\t\t\t\t\t<div class=\"elementor-element elementor-element-fa7e1d5 elementor-invisible elementor-widget elementor-widget-text-editor\" data-id=\"fa7e1d5\" data-element_type=\"widget\" data-e-type=\"widget\" data-settings=\"{&quot;_animation&quot;:&quot;zoomIn&quot;}\" data-widget_type=\"text-editor.default\">\n\t\t\t\t<div class=\"elementor-widget-container\">\n\t\t\t\t\t\t\t\t\t<p>Voluntarias vicentinas<\/p>\t\t\t\t\t\t\t\t<\/div>\n\t\t\t\t<\/div>\n\t\t\t\t<div class=\"elementor-element elementor-element-a783c37 elementor-invisible elementor-widget elementor-widget-text-editor\" data-id=\"a783c37\" data-element_type=\"widget\" data-e-type=\"widget\" data-settings=\"{&quot;_animation&quot;:&quot;slideInUp&quot;}\" data-widget_type=\"text-editor.default\">\n\t\t\t\t<div class=\"elementor-widget-container\">\n\t\t\t\t\t\t\t\t\t<p>Dise\u00f1o de sitio web informativo para organizaci\u00f3n sin fines de lucro, dedicada a la promoci\u00f3n del desarrollo integral.<\/p>\t\t\t\t\t\t\t\t<\/div>\n\t\t\t\t<\/div>\n\t\t\t\t\t<\/div>\n\t\t<\/div>\n\t\t\t\t<div class=\"elementor-column elementor-col-50 elementor-inner-column elementor-element elementor-element-a9720af\" data-id=\"a9720af\" data-element_type=\"column\" data-e-type=\"column\">\n\t\t\t<div class=\"elementor-widget-wrap elementor-element-populated\">\n\t\t\t\t\t\t<div class=\"elementor-element elementor-element-d279c8b elementor-widget elementor-widget-image\" data-id=\"d279c8b\" data-element_type=\"widget\" data-e-type=\"widget\" data-widget_type=\"image.default\">\n\t\t\t\t<div class=\"elementor-widget-container\">\n\t\t\t\t\t\t\t\t\t\t\t\t\t\t\t<img fetchpriority=\"high\" decoding=\"async\" width=\"683\" height=\"1024\" src=\"https:\/\/matikali.com\/wp-content\/uploads\/2023\/03\/voluntarias-vicentinas-diseno-web-por-matikali-683x1024.jpg\" class=\"attachment-large size-large wp-image-7817\" alt=\"Branding, Identidad, visual, dise\u00f1o web, UX, UI, Experiencia de usuario, logo, dise\u00f1o de paginas web en mexico, paginas web en latinoamerica, wordpress, shopify, webflow, matikali estudio\" srcset=\"https:\/\/matikali.com\/wp-content\/uploads\/2023\/03\/voluntarias-vicentinas-diseno-web-por-matikali-683x1024.jpg 683w, https:\/\/matikali.com\/wp-content\/uploads\/2023\/03\/voluntarias-vicentinas-diseno-web-por-matikali-1000x1500.jpg 1000w, https:\/\/matikali.com\/wp-content\/uploads\/2023\/03\/voluntarias-vicentinas-diseno-web-por-matikali-200x300.jpg 200w, https:\/\/matikali.com\/wp-content\/uploads\/2023\/03\/voluntarias-vicentinas-diseno-web-por-matikali-768x1152.jpg 768w, https:\/\/matikali.com\/wp-content\/uploads\/2023\/03\/voluntarias-vicentinas-diseno-web-por-matikali-1024x1536.jpg 1024w, https:\/\/matikali.com\/wp-content\/uploads\/2023\/03\/voluntarias-vicentinas-diseno-web-por-matikali-8x12.jpg 8w, https:\/\/matikali.com\/wp-content\/uploads\/2023\/03\/voluntarias-vicentinas-diseno-web-por-matikali.jpg 1200w\" sizes=\"(max-width: 683px) 100vw, 683px\" \/>\t\t\t\t\t\t\t\t\t\t\t\t\t\t\t<\/div>\n\t\t\t\t<\/div>\n\t\t\t\t\t<\/div>\n\t\t<\/div>\n\t\t\t\t\t<\/div>\n\t\t<\/section>\n\t\t\t\t<section class=\"elementor-section elementor-inner-section elementor-element elementor-element-5811b7c elementor-section-boxed elementor-section-height-default elementor-section-height-default\" data-id=\"5811b7c\" data-element_type=\"section\" data-e-type=\"section\" data-settings=\"{&quot;_ha_eqh_enable&quot;:false}\">\n\t\t\t\t\t\t<div class=\"elementor-container elementor-column-gap-default\">\n\t\t\t\t\t<div class=\"elementor-column elementor-col-100 elementor-inner-column elementor-element elementor-element-d35104d\" data-id=\"d35104d\" data-element_type=\"column\" data-e-type=\"column\">\n\t\t\t<div class=\"elementor-widget-wrap elementor-element-populated\">\n\t\t\t\t\t\t<div class=\"elementor-element elementor-element-e285120 elementor-widget elementor-widget-video\" data-id=\"e285120\" data-element_type=\"widget\" data-e-type=\"widget\" data-settings=\"{&quot;autoplay&quot;:&quot;yes&quot;,&quot;mute&quot;:&quot;yes&quot;,&quot;loop&quot;:&quot;yes&quot;,&quot;video_type&quot;:&quot;vimeo&quot;,&quot;show_image_overlay&quot;:&quot;yes&quot;,&quot;image_overlay&quot;:{&quot;url&quot;:&quot;https:\\\/\\\/matikali.com\\\/wp-content\\\/uploads\\\/2023\\\/03\\\/voluntarias-vicentinas-diseno-web-por-matikali-ux-ui.jpg&quot;,&quot;id&quot;:7816,&quot;size&quot;:&quot;&quot;,&quot;alt&quot;:&quot;&quot;,&quot;source&quot;:&quot;library&quot;}}\" data-widget_type=\"video.default\">\n\t\t\t\t<div class=\"elementor-widget-container\">\n\t\t\t\t\t\t\t<div class=\"elementor-wrapper elementor-open-inline\">\n\t\t\t<iframe class=\"elementor-video-iframe lazyload\" allowfullscreen allow=\"clipboard-write\" title=\"Reproductor de video vimeo\" data-src=\"https:\/\/player.vimeo.com\/video\/813711725?color&amp;autopause=0&amp;loop=1&amp;muted=1&amp;title=1&amp;portrait=1&amp;byline=1#t=\" src=\"data:image\/svg+xml;base64,PHN2ZyB3aWR0aD0iMSIgaGVpZ2h0PSIxIiB4bWxucz0iaHR0cDovL3d3dy53My5vcmcvMjAwMC9zdmciPjwvc3ZnPg==\" data-load-mode=\"1\"><\/iframe>\t\t\t\t<div class=\"elementor-custom-embed-image-overlay lazyload\" style=\"background-image:inherit;\" data-bg-image=\"url(https:\/\/matikali.com\/wp-content\/uploads\/2023\/03\/voluntarias-vicentinas-diseno-web-por-matikali-ux-ui.jpg)\">\n\t\t\t\t\t\t\t\t\t\t\t\t\t\t\t\t<div class=\"elementor-custom-embed-play\" role=\"button\" aria-label=\"Reproducir video\" tabindex=\"0\">\n\t\t\t\t\t\t\t<i aria-hidden=\"true\" class=\"eicon-play\"><\/i>\t\t\t\t\t\t<\/div>\n\t\t\t\t\t\t\t\t\t<\/div>\n\t\t\t\t\t<\/div>\n\t\t\t\t\t\t<\/div>\n\t\t\t\t<\/div>\n\t\t\t\t\t<\/div>\n\t\t<\/div>\n\t\t\t\t\t<\/div>\n\t\t<\/section>\n\t\t\t\t<div class=\"elementor-element elementor-element-cbe2759 elementor-widget elementor-widget-image\" data-id=\"cbe2759\" data-element_type=\"widget\" data-e-type=\"widget\" data-widget_type=\"image.default\">\n\t\t\t\t<div class=\"elementor-widget-container\">\n\t\t\t\t\t\t\t\t\t\t\t\t\t\t\t<img decoding=\"async\" width=\"896\" height=\"2547\" data-src=\"https:\/\/matikali.com\/wp-content\/uploads\/2023\/05\/diseno-web-de-ux-ui-para-asociacion-civil-1.jpg\" class=\"attachment-full size-full wp-image-8428 lazyload\" alt=\"\" data-srcset=\"https:\/\/matikali.com\/wp-content\/uploads\/2023\/05\/diseno-web-de-ux-ui-para-asociacion-civil-1.jpg 896w, https:\/\/matikali.com\/wp-content\/uploads\/2023\/05\/diseno-web-de-ux-ui-para-asociacion-civil-1-106x300.jpg 106w, https:\/\/matikali.com\/wp-content\/uploads\/2023\/05\/diseno-web-de-ux-ui-para-asociacion-civil-1-360x1024.jpg 360w, https:\/\/matikali.com\/wp-content\/uploads\/2023\/05\/diseno-web-de-ux-ui-para-asociacion-civil-1-768x2183.jpg 768w, https:\/\/matikali.com\/wp-content\/uploads\/2023\/05\/diseno-web-de-ux-ui-para-asociacion-civil-1-540x1536.jpg 540w, https:\/\/matikali.com\/wp-content\/uploads\/2023\/05\/diseno-web-de-ux-ui-para-asociacion-civil-1-720x2048.jpg 720w\" data-sizes=\"(max-width: 896px) 100vw, 896px\" src=\"data:image\/svg+xml;base64,PHN2ZyB3aWR0aD0iMSIgaGVpZ2h0PSIxIiB4bWxucz0iaHR0cDovL3d3dy53My5vcmcvMjAwMC9zdmciPjwvc3ZnPg==\" style=\"--smush-placeholder-width: 896px; --smush-placeholder-aspect-ratio: 896\/2547;\" \/>\t\t\t\t\t\t\t\t\t\t\t\t\t\t\t<\/div>\n\t\t\t\t<\/div>\n\t\t\t\t\t<\/div>\n\t\t<\/div>\n\t\t\t\t\t<\/div>\n\t\t<\/section>\n\t\t\t\t<section class=\"elementor-section elementor-top-section elementor-element elementor-element-d037f2f elementor-section-boxed elementor-section-height-default elementor-section-height-default\" data-id=\"d037f2f\" data-element_type=\"section\" data-e-type=\"section\" data-settings=\"{&quot;_ha_eqh_enable&quot;:false}\">\n\t\t\t\t\t\t<div class=\"elementor-container elementor-column-gap-default\">\n\t\t\t\t\t<div class=\"elementor-column elementor-col-100 elementor-top-column elementor-element elementor-element-c5cd544\" data-id=\"c5cd544\" data-element_type=\"column\" data-e-type=\"column\">\n\t\t\t<div class=\"elementor-widget-wrap elementor-element-populated\">\n\t\t\t\t\t\t<div class=\"elementor-element elementor-element-7ca4dcd elementor-align-center elementor-invisible elementor-widget elementor-widget-button\" data-id=\"7ca4dcd\" data-element_type=\"widget\" data-e-type=\"widget\" data-settings=\"{&quot;_animation&quot;:&quot;slideInRight&quot;}\" data-widget_type=\"button.default\">\n\t\t\t\t<div class=\"elementor-widget-container\">\n\t\t\t\t\t\t\t\t\t<div class=\"elementor-button-wrapper\">\n\t\t\t\t\t<a class=\"elementor-button elementor-button-link elementor-size-sm\" href=\"https:\/\/matikali.com\/portafolio-diseno-web\/\">\n\t\t\t\t\t\t<span class=\"elementor-button-content-wrapper\">\n\t\t\t\t\t\t<span class=\"elementor-button-icon\">\n\t\t\t\t<svg xmlns=\"http:\/\/www.w3.org\/2000\/svg\" id=\"af259cf5-7745-4534-b9fe-b5b181823a33\" data-name=\"Layer 1\" width=\"74\" height=\"74\" viewBox=\"0 0 74 74\"><polygon points=\"0 0 0 4 66.052 4 0.352 69.701 3.18 72.529 70 5.708 70 74 74 74 74 0 0 0\"><\/polygon><\/svg>\t\t\t<\/span>\n\t\t\t\t\t\t\t\t\t<span class=\"elementor-button-text\">IR  A PORTAFOLIO<\/span>\n\t\t\t\t\t<\/span>\n\t\t\t\t\t<\/a>\n\t\t\t\t<\/div>\n\t\t\t\t\t\t\t\t<\/div>\n\t\t\t\t<\/div>\n\t\t\t\t\t<\/div>\n\t\t<\/div>\n\t\t\t\t\t<\/div>\n\t\t<\/section>\n\t\t\t\t<\/div>\n\t\t","protected":false},"excerpt":{"rendered":"<p>Voluntarias vicentinas Dise\u00f1o de sitio web informativo para organizaci\u00f3n sin fines de lucro, dedicada a la promoci\u00f3n del desarrollo integral. IR A PORTAFOLIO<\/p>","protected":false},"author":1,"featured_media":7816,"parent":0,"menu_order":0,"comment_status":"closed","ping_status":"closed","template":"elementor_header_footer","meta":{"footnotes":""},"class_list":["post-634","page","type-page","status-publish","has-post-thumbnail","hentry"],"blocksy_meta":{"styles_descriptor":{"styles":{"desktop":"","tablet":"","mobile":""},"google_fonts":[],"version":6}},"_links":{"self":[{"href":"https:\/\/matikali.com\/es\/wp-json\/wp\/v2\/pages\/634","targetHints":{"allow":["GET"]}}],"collection":[{"href":"https:\/\/matikali.com\/es\/wp-json\/wp\/v2\/pages"}],"about":[{"href":"https:\/\/matikali.com\/es\/wp-json\/wp\/v2\/types\/page"}],"author":[{"embeddable":true,"href":"https:\/\/matikali.com\/es\/wp-json\/wp\/v2\/users\/1"}],"replies":[{"embeddable":true,"href":"https:\/\/matikali.com\/es\/wp-json\/wp\/v2\/comments?post=634"}],"version-history":[{"count":10,"href":"https:\/\/matikali.com\/es\/wp-json\/wp\/v2\/pages\/634\/revisions"}],"predecessor-version":[{"id":8434,"href":"https:\/\/matikali.com\/es\/wp-json\/wp\/v2\/pages\/634\/revisions\/8434"}],"wp:featuredmedia":[{"embeddable":true,"href":"https:\/\/matikali.com\/es\/wp-json\/wp\/v2\/media\/7816"}],"wp:attachment":[{"href":"https:\/\/matikali.com\/es\/wp-json\/wp\/v2\/media?parent=634"}],"curies":[{"name":"wp","href":"https:\/\/api.w.org\/{rel}","templated":true}]}}