{"id":694,"date":"2021-06-30T20:35:07","date_gmt":"2021-06-30T20:35:07","guid":{"rendered":"https:\/\/matikali.com\/?page_id=694"},"modified":"2023-05-27T22:48:20","modified_gmt":"2023-05-28T04:48:20","slug":"encuentro","status":"publish","type":"page","link":"https:\/\/matikali.com\/es\/encuentro\/","title":{"rendered":"Encuentro"},"content":{"rendered":"<style>.elementor-694 .elementor-element.elementor-element-7350fb3 > .elementor-container{max-width:1211px;}.elementor-694 .elementor-element.elementor-element-7350fb3 > .elementor-container > .elementor-column > .elementor-widget-wrap{align-content:center;align-items:center;}.elementor-694 .elementor-element.elementor-element-7350fb3{transition:background 0.3s, border 0.3s, border-radius 0.3s, box-shadow 0.3s;padding:50px 0px 50px 0px;}.elementor-694 .elementor-element.elementor-element-7350fb3 > .elementor-background-overlay{transition:background 0.3s, border-radius 0.3s, opacity 0.3s;}.elementor-694 .elementor-element.elementor-element-8baa4b0 > .elementor-element-populated{padding:0px 0px 0px 0px;}.elementor-widget-image .widget-image-caption{color:var( --e-global-color-text );font-family:var( --e-global-typography-text-font-family ), Sans-serif;font-size:var( --e-global-typography-text-font-size );font-weight:var( --e-global-typography-text-font-weight );text-transform:var( --e-global-typography-text-text-transform );font-style:var( --e-global-typography-text-font-style );text-decoration:var( --e-global-typography-text-text-decoration );line-height:var( --e-global-typography-text-line-height );}.elementor-694 .elementor-element.elementor-element-8c23149 > .elementor-element-populated{padding:30px 30px 30px 30px;}.elementor-widget-text-editor{font-family:var( --e-global-typography-text-font-family ), Sans-serif;font-size:var( --e-global-typography-text-font-size );font-weight:var( --e-global-typography-text-font-weight );text-transform:var( --e-global-typography-text-text-transform );font-style:var( --e-global-typography-text-font-style );text-decoration:var( --e-global-typography-text-text-decoration );line-height:var( --e-global-typography-text-line-height );color:var( --e-global-color-text );}.elementor-widget-text-editor.elementor-drop-cap-view-stacked .elementor-drop-cap{background-color:var( --e-global-color-primary );}.elementor-widget-text-editor.elementor-drop-cap-view-framed .elementor-drop-cap, .elementor-widget-text-editor.elementor-drop-cap-view-default .elementor-drop-cap{color:var( --e-global-color-primary );border-color:var( --e-global-color-primary );}.elementor-694 .elementor-element.elementor-element-fa7e1d5{font-family:\"Sora\", Sans-serif;font-size:36px;font-weight:400;text-transform:none;font-style:normal;text-decoration:none;line-height:1.5em;letter-spacing:-1px;color:#060606;}.elementor-694 .elementor-element.elementor-element-a783c37{font-family:\"Fahkwang\", Sans-serif;font-size:21px;font-weight:400;line-height:1.7em;color:#000000;}.elementor-694 .elementor-element.elementor-element-a783c37 > .elementor-widget-container{padding:20px 30px 30px 0px;}.elementor-widget-icon-list .elementor-icon-list-item:not(:last-child):after{border-color:var( --e-global-color-text );}.elementor-widget-icon-list .elementor-icon-list-icon i{color:var( --e-global-color-primary );}.elementor-widget-icon-list .elementor-icon-list-icon svg{fill:var( --e-global-color-primary );}.elementor-widget-icon-list .elementor-icon-list-item > .elementor-icon-list-text, .elementor-widget-icon-list .elementor-icon-list-item > a{font-family:var( --e-global-typography-text-font-family ), Sans-serif;font-size:var( --e-global-typography-text-font-size );font-weight:var( --e-global-typography-text-font-weight );text-transform:var( --e-global-typography-text-text-transform );font-style:var( --e-global-typography-text-font-style );text-decoration:var( --e-global-typography-text-text-decoration );line-height:var( --e-global-typography-text-line-height );}.elementor-widget-icon-list .elementor-icon-list-text{color:var( --e-global-color-secondary );}.elementor-694 .elementor-element.elementor-element-8f1aa96 .elementor-icon-list-icon i{color:#D27F25;transition:color 0.3s;}.elementor-694 .elementor-element.elementor-element-8f1aa96 .elementor-icon-list-icon svg{fill:#D27F25;transition:fill 0.3s;}.elementor-694 .elementor-element.elementor-element-8f1aa96{--e-icon-list-icon-size:26px;--icon-vertical-offset:0px;}.elementor-694 .elementor-element.elementor-element-8f1aa96 .elementor-icon-list-icon{padding-inline-end:6px;}.elementor-694 .elementor-element.elementor-element-8f1aa96 .elementor-icon-list-item > .elementor-icon-list-text, .elementor-694 .elementor-element.elementor-element-8f1aa96 .elementor-icon-list-item > a{font-family:\"Fahkwang\", Sans-serif;font-size:22px;font-weight:400;line-height:3.1em;}.elementor-694 .elementor-element.elementor-element-8f1aa96 .elementor-icon-list-text{color:#000000;transition:color 0.3s;}.elementor-694 .elementor-element.elementor-element-91cdd83 > .elementor-container > .elementor-column > .elementor-widget-wrap{align-content:center;align-items:center;}.elementor-694 .elementor-element.elementor-element-91cdd83{transition:background 0.3s, border 0.3s, border-radius 0.3s, box-shadow 0.3s;padding:0px 0px 0px 0px;}.elementor-694 .elementor-element.elementor-element-91cdd83 > .elementor-background-overlay{transition:background 0.3s, border-radius 0.3s, opacity 0.3s;}.elementor-694 .elementor-element.elementor-element-22196b7 img{width:100%;}.elementor-694 .elementor-element.elementor-element-3706ffd > .elementor-container > .elementor-column > .elementor-widget-wrap{align-content:center;align-items:center;}.elementor-694 .elementor-element.elementor-element-3706ffd, .elementor-694 .elementor-element.elementor-element-3706ffd > .elementor-background-overlay{border-radius:0px 0px 0px 0px;}.elementor-694 .elementor-element.elementor-element-3706ffd{transition:background 0.3s, border 0.3s, border-radius 0.3s, box-shadow 0.3s;}.elementor-694 .elementor-element.elementor-element-3706ffd > .elementor-background-overlay{transition:background 0.3s, border-radius 0.3s, opacity 0.3s;}.elementor-694 .elementor-element.elementor-element-9bf7a70 > .elementor-element-populated{padding:0px 0px 0px 0px;}.elementor-694 .elementor-element.elementor-element-3551453 > .elementor-widget-container{padding:0px 0px 0px 0px;}.elementor-694 .elementor-element.elementor-element-ec64fe7 > .elementor-widget-container{padding:0px 0px 0px 0px;}.elementor-694 .elementor-element.elementor-element-3f84cfe{padding:30px 0px 30px 0px;}.elementor-widget-button .elementor-button{font-family:var( --e-global-typography-accent-font-family ), Sans-serif;font-size:var( --e-global-typography-accent-font-size );font-weight:var( --e-global-typography-accent-font-weight );text-transform:var( --e-global-typography-accent-text-transform );font-style:var( --e-global-typography-accent-font-style );text-decoration:var( --e-global-typography-accent-text-decoration );line-height:var( --e-global-typography-accent-line-height );background-color:var( --e-global-color-accent );}.elementor-694 .elementor-element.elementor-element-61f6e13 .elementor-button{font-family:\"Sora\", Sans-serif;font-size:36px;font-weight:500;letter-spacing:-0.1px;fill:#000000;color:#000000;background-color:#61CE7000;}@media(min-width:768px){.elementor-694 .elementor-element.elementor-element-8baa4b0{width:51.036%;}.elementor-694 .elementor-element.elementor-element-8c23149{width:48.964%;}}@media(max-width:1366px){.elementor-widget-image .widget-image-caption{font-size:var( --e-global-typography-text-font-size );line-height:var( --e-global-typography-text-line-height );}.elementor-widget-text-editor{font-size:var( --e-global-typography-text-font-size );line-height:var( --e-global-typography-text-line-height );}.elementor-widget-icon-list .elementor-icon-list-item > .elementor-icon-list-text, .elementor-widget-icon-list .elementor-icon-list-item > a{font-size:var( --e-global-typography-text-font-size );line-height:var( --e-global-typography-text-line-height );}.elementor-widget-button .elementor-button{font-size:var( --e-global-typography-accent-font-size );line-height:var( --e-global-typography-accent-line-height );}}@media(max-width:1024px){.elementor-widget-image .widget-image-caption{font-size:var( --e-global-typography-text-font-size );line-height:var( --e-global-typography-text-line-height );}.elementor-widget-text-editor{font-size:var( --e-global-typography-text-font-size );line-height:var( --e-global-typography-text-line-height );}.elementor-694 .elementor-element.elementor-element-fa7e1d5{font-size:42px;line-height:1.2em;letter-spacing:0px;}.elementor-widget-icon-list .elementor-icon-list-item > .elementor-icon-list-text, .elementor-widget-icon-list .elementor-icon-list-item > a{font-size:var( --e-global-typography-text-font-size );line-height:var( --e-global-typography-text-line-height );}.elementor-widget-button .elementor-button{font-size:var( --e-global-typography-accent-font-size );line-height:var( --e-global-typography-accent-line-height );}}@media(max-width:767px){.elementor-694 .elementor-element.elementor-element-7350fb3{padding:0px 30px 0px 25px;}.elementor-694 .elementor-element.elementor-element-8baa4b0 > .elementor-element-populated{padding:0px 0px 0px 0px;}.elementor-widget-image .widget-image-caption{font-size:var( --e-global-typography-text-font-size );line-height:var( --e-global-typography-text-line-height );}.elementor-694 .elementor-element.elementor-element-8c23149 > .elementor-element-populated{padding:0px 0px 0px 0px;}.elementor-widget-text-editor{font-size:var( --e-global-typography-text-font-size );line-height:var( --e-global-typography-text-line-height );}.elementor-694 .elementor-element.elementor-element-fa7e1d5{font-size:36px;line-height:1.5em;letter-spacing:0px;}.elementor-694 .elementor-element.elementor-element-fa7e1d5 > .elementor-widget-container{padding:27px 0px 0px 0px;}.elementor-694 .elementor-element.elementor-element-a783c37{line-height:1.5em;}.elementor-694 .elementor-element.elementor-element-a783c37 > .elementor-widget-container{padding:0px 0px 0px 0px;}.elementor-widget-icon-list .elementor-icon-list-item > .elementor-icon-list-text, .elementor-widget-icon-list .elementor-icon-list-item > a{font-size:var( --e-global-typography-text-font-size );line-height:var( --e-global-typography-text-line-height );}.elementor-694 .elementor-element.elementor-element-8f1aa96 .elementor-icon-list-item > .elementor-icon-list-text, .elementor-694 .elementor-element.elementor-element-8f1aa96 .elementor-icon-list-item > a{line-height:2.3em;}.elementor-694 .elementor-element.elementor-element-8f1aa96 > .elementor-widget-container{padding:20px 0px 50px 0px;}.elementor-694 .elementor-element.elementor-element-3f84cfe{padding:0px 0px 10px 0px;}.elementor-widget-button .elementor-button{font-size:var( --e-global-typography-accent-font-size );line-height:var( --e-global-typography-accent-line-height );}}<\/style>\t\t<div data-elementor-type=\"wp-page\" data-elementor-id=\"694\" class=\"elementor elementor-694\" data-elementor-settings=\"{&quot;ha_cmc_init_switcher&quot;:&quot;no&quot;}\" data-elementor-post-type=\"page\">\n\t\t\t\t\t\t<section class=\"elementor-section elementor-top-section elementor-element elementor-element-7350fb3 elementor-section-content-middle elementor-section-boxed elementor-section-height-default elementor-section-height-default\" data-id=\"7350fb3\" data-element_type=\"section\" data-e-type=\"section\" data-settings=\"{&quot;background_background&quot;:&quot;classic&quot;,&quot;_ha_eqh_enable&quot;:false}\">\n\t\t\t\t\t\t<div class=\"elementor-container elementor-column-gap-no\">\n\t\t\t\t\t<div class=\"elementor-column elementor-col-50 elementor-top-column elementor-element elementor-element-8baa4b0\" data-id=\"8baa4b0\" data-element_type=\"column\" data-e-type=\"column\">\n\t\t\t<div class=\"elementor-widget-wrap elementor-element-populated\">\n\t\t\t\t\t\t<div class=\"elementor-element elementor-element-7533999 elementor-widget elementor-widget-image\" data-id=\"7533999\" data-element_type=\"widget\" data-e-type=\"widget\" data-widget_type=\"image.default\">\n\t\t\t\t<div class=\"elementor-widget-container\">\n\t\t\t\t\t\t\t\t\t\t\t\t\t\t\t<img fetchpriority=\"high\" decoding=\"async\" width=\"633\" height=\"633\" src=\"https:\/\/matikali.com\/wp-content\/uploads\/2021\/06\/encuentro-branding-portafolio-matikali-estudio-5.jpeg\" class=\"attachment-large size-large wp-image-30\" alt=\"LOGO para ENCUENTRO por Matikali Estudio Creativo\" srcset=\"https:\/\/matikali.com\/wp-content\/uploads\/2021\/06\/encuentro-branding-portafolio-matikali-estudio-5.jpeg 633w, https:\/\/matikali.com\/wp-content\/uploads\/2021\/06\/encuentro-branding-portafolio-matikali-estudio-5-100x100.jpeg 100w, https:\/\/matikali.com\/wp-content\/uploads\/2021\/06\/encuentro-branding-portafolio-matikali-estudio-5-600x600.jpeg 600w, https:\/\/matikali.com\/wp-content\/uploads\/2021\/06\/encuentro-branding-portafolio-matikali-estudio-5-300x300.jpeg 300w, https:\/\/matikali.com\/wp-content\/uploads\/2021\/06\/encuentro-branding-portafolio-matikali-estudio-5-150x150.jpeg 150w\" sizes=\"(max-width: 633px) 100vw, 633px\" \/>\t\t\t\t\t\t\t\t\t\t\t\t\t\t\t<\/div>\n\t\t\t\t<\/div>\n\t\t\t\t\t<\/div>\n\t\t<\/div>\n\t\t\t\t<div class=\"elementor-column elementor-col-50 elementor-top-column elementor-element elementor-element-8c23149\" data-id=\"8c23149\" data-element_type=\"column\" data-e-type=\"column\">\n\t\t\t<div class=\"elementor-widget-wrap elementor-element-populated\">\n\t\t\t\t\t\t<div class=\"elementor-element elementor-element-fa7e1d5 elementor-invisible elementor-widget elementor-widget-text-editor\" data-id=\"fa7e1d5\" data-element_type=\"widget\" data-e-type=\"widget\" data-settings=\"{&quot;_animation&quot;:&quot;zoomIn&quot;}\" data-widget_type=\"text-editor.default\">\n\t\t\t\t<div class=\"elementor-widget-container\">\n\t\t\t\t\t\t\t\t\t<p>ENCUENTRO<\/p>\t\t\t\t\t\t\t\t<\/div>\n\t\t\t\t<\/div>\n\t\t\t\t<div class=\"elementor-element elementor-element-a783c37 elementor-invisible elementor-widget elementor-widget-text-editor\" data-id=\"a783c37\" data-element_type=\"widget\" data-e-type=\"widget\" data-settings=\"{&quot;_animation&quot;:&quot;slideInUp&quot;}\" data-widget_type=\"text-editor.default\">\n\t\t\t\t<div class=\"elementor-widget-container\">\n\t\t\t\t\t\t\t\t\t<p><span style=\"font-weight: 400;\">Es una marca de vino espumoso, de Ensenada Baja California Sur, M\u00e9xico, para la cual realizamos dise\u00f1o y estrategia de Branding, as\u00ed como el dise\u00f1o de las botellas.<\/span><\/p>\t\t\t\t\t\t\t\t<\/div>\n\t\t\t\t<\/div>\n\t\t\t\t<div class=\"elementor-element elementor-element-8f1aa96 elementor-align-start elementor-mobile-align-start elementor-icon-list--layout-traditional elementor-list-item-link-full_width elementor-widget elementor-widget-icon-list\" data-id=\"8f1aa96\" data-element_type=\"widget\" data-e-type=\"widget\" data-widget_type=\"icon-list.default\">\n\t\t\t\t<div class=\"elementor-widget-container\">\n\t\t\t\t\t\t\t<ul class=\"elementor-icon-list-items\">\n\t\t\t\t\t\t\t<li class=\"elementor-icon-list-item\">\n\t\t\t\t\t\t\t\t\t\t\t<span class=\"elementor-icon-list-icon\">\n\t\t\t\t\t\t\t<i aria-hidden=\"true\" class=\"fas fa-clock\"><\/i>\t\t\t\t\t\t<\/span>\n\t\t\t\t\t\t\t\t\t\t<span class=\"elementor-icon-list-text\">Abril 2021<\/span>\n\t\t\t\t\t\t\t\t\t<\/li>\n\t\t\t\t\t\t<\/ul>\n\t\t\t\t\t\t<\/div>\n\t\t\t\t<\/div>\n\t\t\t\t\t<\/div>\n\t\t<\/div>\n\t\t\t\t\t<\/div>\n\t\t<\/section>\n\t\t\t\t<section class=\"elementor-section elementor-top-section elementor-element elementor-element-91cdd83 elementor-section-full_width elementor-section-content-middle elementor-section-height-default elementor-section-height-default\" data-id=\"91cdd83\" data-element_type=\"section\" data-e-type=\"section\" data-settings=\"{&quot;background_background&quot;:&quot;classic&quot;}\">\n\t\t\t\t\t\t<div class=\"elementor-container elementor-column-gap-no\">\n\t\t\t\t\t<div class=\"elementor-column elementor-col-100 elementor-top-column elementor-element elementor-element-0168015\" data-id=\"0168015\" data-element_type=\"column\" data-e-type=\"column\">\n\t\t\t<div class=\"elementor-widget-wrap elementor-element-populated\">\n\t\t\t\t\t\t<div class=\"elementor-element elementor-element-22196b7 elementor-widget elementor-widget-image\" data-id=\"22196b7\" data-element_type=\"widget\" data-e-type=\"widget\" data-widget_type=\"image.default\">\n\t\t\t\t<div class=\"elementor-widget-container\">\n\t\t\t\t\t\t\t\t\t\t\t\t\t\t\t<img decoding=\"async\" width=\"1600\" height=\"832\" data-src=\"https:\/\/matikali.com\/wp-content\/uploads\/2021\/06\/encuentro-branding.jpeg\" class=\"attachment-full size-full wp-image-32 lazyload\" alt=\"Branding ENCUENTRO por Matikali Estudio Creativo\" data-srcset=\"https:\/\/matikali.com\/wp-content\/uploads\/2021\/06\/encuentro-branding.jpeg 1600w, https:\/\/matikali.com\/wp-content\/uploads\/2021\/06\/encuentro-branding-1000x520.jpeg 1000w, https:\/\/matikali.com\/wp-content\/uploads\/2021\/06\/encuentro-branding-300x156.jpeg 300w, https:\/\/matikali.com\/wp-content\/uploads\/2021\/06\/encuentro-branding-1024x532.jpeg 1024w, https:\/\/matikali.com\/wp-content\/uploads\/2021\/06\/encuentro-branding-768x399.jpeg 768w, https:\/\/matikali.com\/wp-content\/uploads\/2021\/06\/encuentro-branding-1536x799.jpeg 1536w, https:\/\/matikali.com\/wp-content\/uploads\/2021\/06\/encuentro-branding-1568x815.jpeg 1568w\" data-sizes=\"(max-width: 1600px) 100vw, 1600px\" src=\"data:image\/svg+xml;base64,PHN2ZyB3aWR0aD0iMSIgaGVpZ2h0PSIxIiB4bWxucz0iaHR0cDovL3d3dy53My5vcmcvMjAwMC9zdmciPjwvc3ZnPg==\" style=\"--smush-placeholder-width: 1600px; --smush-placeholder-aspect-ratio: 1600\/832;\" \/>\t\t\t\t\t\t\t\t\t\t\t\t\t\t\t<\/div>\n\t\t\t\t<\/div>\n\t\t\t\t\t<\/div>\n\t\t<\/div>\n\t\t\t\t\t<\/div>\n\t\t<\/section>\n\t\t\t\t<section class=\"elementor-section elementor-top-section elementor-element elementor-element-3706ffd elementor-section-content-middle elementor-section-full_width ct-section-stretched elementor-section-height-default elementor-section-height-default\" data-id=\"3706ffd\" data-element_type=\"section\" data-e-type=\"section\" data-settings=\"{&quot;background_background&quot;:&quot;classic&quot;}\">\n\t\t\t\t\t\t<div class=\"elementor-container elementor-column-gap-no\">\n\t\t\t\t\t<div class=\"elementor-column elementor-col-33 elementor-top-column elementor-element elementor-element-9bf7a70\" data-id=\"9bf7a70\" data-element_type=\"column\" data-e-type=\"column\">\n\t\t\t<div class=\"elementor-widget-wrap elementor-element-populated\">\n\t\t\t\t\t\t<div class=\"elementor-element elementor-element-b243cc3 elementor-invisible elementor-widget elementor-widget-image\" data-id=\"b243cc3\" data-element_type=\"widget\" data-e-type=\"widget\" data-settings=\"{&quot;_animation&quot;:&quot;fadeInLeft&quot;}\" data-widget_type=\"image.default\">\n\t\t\t\t<div class=\"elementor-widget-container\">\n\t\t\t\t\t\t\t\t\t\t\t\t\t\t\t<img decoding=\"async\" width=\"600\" height=\"750\" data-src=\"https:\/\/matikali.com\/wp-content\/uploads\/2021\/06\/encuentro-VINOS-01-branding-portafolio-matikali-estudio.jpg\" class=\"attachment-full size-full wp-image-699 lazyload\" alt=\"Branding, dise\u00f1o de pattern para ENCUENTRO por Matikali Estudio\" data-srcset=\"https:\/\/matikali.com\/wp-content\/uploads\/2021\/06\/encuentro-VINOS-01-branding-portafolio-matikali-estudio.jpg 600w, https:\/\/matikali.com\/wp-content\/uploads\/2021\/06\/encuentro-VINOS-01-branding-portafolio-matikali-estudio-240x300.jpg 240w\" data-sizes=\"(max-width: 600px) 100vw, 600px\" src=\"data:image\/svg+xml;base64,PHN2ZyB3aWR0aD0iMSIgaGVpZ2h0PSIxIiB4bWxucz0iaHR0cDovL3d3dy53My5vcmcvMjAwMC9zdmciPjwvc3ZnPg==\" style=\"--smush-placeholder-width: 600px; --smush-placeholder-aspect-ratio: 600\/750;\" \/>\t\t\t\t\t\t\t\t\t\t\t\t\t\t\t<\/div>\n\t\t\t\t<\/div>\n\t\t\t\t\t<\/div>\n\t\t<\/div>\n\t\t\t\t<div class=\"elementor-column elementor-col-33 elementor-top-column elementor-element elementor-element-6b1716d\" data-id=\"6b1716d\" data-element_type=\"column\" data-e-type=\"column\">\n\t\t\t<div class=\"elementor-widget-wrap elementor-element-populated\">\n\t\t\t\t\t\t<div class=\"elementor-element elementor-element-3551453 elementor-invisible elementor-widget elementor-widget-image\" data-id=\"3551453\" data-element_type=\"widget\" data-e-type=\"widget\" data-settings=\"{&quot;_animation&quot;:&quot;fadeInRight&quot;}\" data-widget_type=\"image.default\">\n\t\t\t\t<div class=\"elementor-widget-container\">\n\t\t\t\t\t\t\t\t\t\t\t\t\t\t\t<img decoding=\"async\" width=\"600\" height=\"750\" data-src=\"https:\/\/matikali.com\/wp-content\/uploads\/2021\/06\/encuentro-VINOS-02-branding-portafolio-matikali-estudio.jpeg\" class=\"attachment-full size-full wp-image-34 lazyload\" alt=\"Branding y Dise\u00f1o de Empaque para VINOS ENCUENTRO por Matikali Estudio Creativo\" data-srcset=\"https:\/\/matikali.com\/wp-content\/uploads\/2021\/06\/encuentro-VINOS-02-branding-portafolio-matikali-estudio.jpeg 600w, https:\/\/matikali.com\/wp-content\/uploads\/2021\/06\/encuentro-VINOS-02-branding-portafolio-matikali-estudio-240x300.jpeg 240w\" data-sizes=\"(max-width: 600px) 100vw, 600px\" src=\"data:image\/svg+xml;base64,PHN2ZyB3aWR0aD0iMSIgaGVpZ2h0PSIxIiB4bWxucz0iaHR0cDovL3d3dy53My5vcmcvMjAwMC9zdmciPjwvc3ZnPg==\" style=\"--smush-placeholder-width: 600px; --smush-placeholder-aspect-ratio: 600\/750;\" \/>\t\t\t\t\t\t\t\t\t\t\t\t\t\t\t<\/div>\n\t\t\t\t<\/div>\n\t\t\t\t\t<\/div>\n\t\t<\/div>\n\t\t\t\t<div class=\"elementor-column elementor-col-33 elementor-top-column elementor-element elementor-element-1ce501f elementor-invisible\" data-id=\"1ce501f\" data-element_type=\"column\" data-e-type=\"column\" data-settings=\"{&quot;animation&quot;:&quot;fadeInRight&quot;}\">\n\t\t\t<div class=\"elementor-widget-wrap elementor-element-populated\">\n\t\t\t\t\t\t<div class=\"elementor-element elementor-element-ec64fe7 elementor-invisible elementor-widget elementor-widget-image\" data-id=\"ec64fe7\" data-element_type=\"widget\" data-e-type=\"widget\" data-settings=\"{&quot;_animation&quot;:&quot;fadeInRight&quot;}\" data-widget_type=\"image.default\">\n\t\t\t\t<div class=\"elementor-widget-container\">\n\t\t\t\t\t\t\t\t\t\t\t\t\t\t\t<img decoding=\"async\" width=\"600\" height=\"750\" data-src=\"https:\/\/matikali.com\/wp-content\/uploads\/2021\/06\/encuentro-VINOS-03-branding-portafolio-matikali-estudio.jpeg\" class=\"attachment-full size-full wp-image-35 lazyload\" alt=\"Dise\u00f1o de Empaque para VINOS ENCUENTRO por Matikali Estudio Creativo\" src=\"data:image\/svg+xml;base64,PHN2ZyB3aWR0aD0iMSIgaGVpZ2h0PSIxIiB4bWxucz0iaHR0cDovL3d3dy53My5vcmcvMjAwMC9zdmciPjwvc3ZnPg==\" style=\"--smush-placeholder-width: 600px; --smush-placeholder-aspect-ratio: 600\/750;\" \/>\t\t\t\t\t\t\t\t\t\t\t\t\t\t\t<\/div>\n\t\t\t\t<\/div>\n\t\t\t\t\t<\/div>\n\t\t<\/div>\n\t\t\t\t\t<\/div>\n\t\t<\/section>\n\t\t\t\t<section class=\"elementor-section elementor-top-section elementor-element elementor-element-3f84cfe elementor-section-boxed elementor-section-height-default elementor-section-height-default\" data-id=\"3f84cfe\" data-element_type=\"section\" data-e-type=\"section\" data-settings=\"{&quot;_ha_eqh_enable&quot;:false}\">\n\t\t\t\t\t\t<div class=\"elementor-container elementor-column-gap-default\">\n\t\t\t\t\t<div class=\"elementor-column elementor-col-100 elementor-top-column elementor-element elementor-element-c65d62f\" data-id=\"c65d62f\" data-element_type=\"column\" data-e-type=\"column\">\n\t\t\t<div class=\"elementor-widget-wrap elementor-element-populated\">\n\t\t\t\t\t\t<div class=\"elementor-element elementor-element-61f6e13 elementor-align-center elementor-invisible elementor-widget elementor-widget-button\" data-id=\"61f6e13\" data-element_type=\"widget\" data-e-type=\"widget\" data-settings=\"{&quot;_animation&quot;:&quot;slideInRight&quot;}\" data-widget_type=\"button.default\">\n\t\t\t\t<div class=\"elementor-widget-container\">\n\t\t\t\t\t\t\t\t\t<div class=\"elementor-button-wrapper\">\n\t\t\t\t\t<a class=\"elementor-button elementor-button-link elementor-size-sm\" href=\"https:\/\/matikali.com\/es\/portafolio-branding\/\">\n\t\t\t\t\t\t<span class=\"elementor-button-content-wrapper\">\n\t\t\t\t\t\t\t\t\t<span class=\"elementor-button-text\">Ver m\u00e1s proyectos\u27f6<\/span>\n\t\t\t\t\t<\/span>\n\t\t\t\t\t<\/a>\n\t\t\t\t<\/div>\n\t\t\t\t\t\t\t\t<\/div>\n\t\t\t\t<\/div>\n\t\t\t\t\t<\/div>\n\t\t<\/div>\n\t\t\t\t\t<\/div>\n\t\t<\/section>\n\t\t\t\t<\/div>","protected":false},"excerpt":{"rendered":"<p>ENCUENTRO Es una marca de vino espumoso, de Ensenada Baja California Sur, M\u00e9xico, para la cual realizamos dise\u00f1o y estrategia de Branding, as\u00ed como el dise\u00f1o de las botellas. Abril 2021 Ver m\u00e1s proyectos\u27f6<\/p>","protected":false},"author":1,"featured_media":32,"parent":0,"menu_order":0,"comment_status":"closed","ping_status":"closed","template":"elementor_header_footer","meta":{"footnotes":""},"class_list":["post-694","page","type-page","status-publish","has-post-thumbnail","hentry"],"blocksy_meta":{"styles_descriptor":{"styles":{"desktop":"","tablet":"","mobile":""},"google_fonts":[],"version":6}},"_links":{"self":[{"href":"https:\/\/matikali.com\/es\/wp-json\/wp\/v2\/pages\/694","targetHints":{"allow":["GET"]}}],"collection":[{"href":"https:\/\/matikali.com\/es\/wp-json\/wp\/v2\/pages"}],"about":[{"href":"https:\/\/matikali.com\/es\/wp-json\/wp\/v2\/types\/page"}],"author":[{"embeddable":true,"href":"https:\/\/matikali.com\/es\/wp-json\/wp\/v2\/users\/1"}],"replies":[{"embeddable":true,"href":"https:\/\/matikali.com\/es\/wp-json\/wp\/v2\/comments?post=694"}],"version-history":[{"count":3,"href":"https:\/\/matikali.com\/es\/wp-json\/wp\/v2\/pages\/694\/revisions"}],"predecessor-version":[{"id":8260,"href":"https:\/\/matikali.com\/es\/wp-json\/wp\/v2\/pages\/694\/revisions\/8260"}],"wp:featuredmedia":[{"embeddable":true,"href":"https:\/\/matikali.com\/es\/wp-json\/wp\/v2\/media\/32"}],"wp:attachment":[{"href":"https:\/\/matikali.com\/es\/wp-json\/wp\/v2\/media?parent=694"}],"curies":[{"name":"wp","href":"https:\/\/api.w.org\/{rel}","templated":true}]}}