{"id":7256,"date":"2023-01-11T20:36:23","date_gmt":"2023-01-11T20:36:23","guid":{"rendered":"https:\/\/matikali.com\/?page_id=7256"},"modified":"2023-05-27T23:07:29","modified_gmt":"2023-05-28T05:07:29","slug":"namlicioso","status":"publish","type":"page","link":"https:\/\/matikali.com\/es\/namlicioso\/","title":{"rendered":"\u00d1amlicioso"},"content":{"rendered":"<style>.elementor-7256 .elementor-element.elementor-element-7350fb3 > .elementor-container{max-width:1325px;}.elementor-7256 .elementor-element.elementor-element-7350fb3 > .elementor-container > .elementor-column > .elementor-widget-wrap{align-content:center;align-items:center;}.elementor-7256 .elementor-element.elementor-element-7350fb3:not(.elementor-motion-effects-element-type-background), .elementor-7256 .elementor-element.elementor-element-7350fb3 > .elementor-motion-effects-container > .elementor-motion-effects-layer{background-color:var( --e-global-color-primary );}.elementor-7256 .elementor-element.elementor-element-7350fb3{transition:background 0.3s, border 0.3s, border-radius 0.3s, box-shadow 0.3s;padding:40px 0px 80px 0px;}.elementor-7256 .elementor-element.elementor-element-7350fb3 > .elementor-background-overlay{transition:background 0.3s, border-radius 0.3s, opacity 0.3s;}.elementor-7256 .elementor-element.elementor-element-8baa4b0 > .elementor-element-populated{padding:0px 50px 0px 030px;}.elementor-widget-image .widget-image-caption{color:var( --e-global-color-text );font-family:var( --e-global-typography-text-font-family ), Sans-serif;font-size:var( --e-global-typography-text-font-size );font-weight:var( --e-global-typography-text-font-weight );text-transform:var( --e-global-typography-text-text-transform );font-style:var( --e-global-typography-text-font-style );text-decoration:var( --e-global-typography-text-text-decoration );line-height:var( --e-global-typography-text-line-height );}.elementor-bc-flex-widget .elementor-7256 .elementor-element.elementor-element-8c23149.elementor-column .elementor-widget-wrap{align-items:center;}.elementor-7256 .elementor-element.elementor-element-8c23149.elementor-column.elementor-element[data-element_type=\"column\"] > .elementor-widget-wrap.elementor-element-populated{align-content:center;align-items:center;}.elementor-7256 .elementor-element.elementor-element-8c23149.elementor-column > .elementor-widget-wrap{justify-content:center;}.elementor-widget-text-editor{font-family:var( --e-global-typography-text-font-family ), Sans-serif;font-size:var( --e-global-typography-text-font-size );font-weight:var( --e-global-typography-text-font-weight );text-transform:var( --e-global-typography-text-text-transform );font-style:var( --e-global-typography-text-font-style );text-decoration:var( --e-global-typography-text-text-decoration );line-height:var( --e-global-typography-text-line-height );color:var( --e-global-color-text );}.elementor-widget-text-editor.elementor-drop-cap-view-stacked .elementor-drop-cap{background-color:var( --e-global-color-primary );}.elementor-widget-text-editor.elementor-drop-cap-view-framed .elementor-drop-cap, .elementor-widget-text-editor.elementor-drop-cap-view-default .elementor-drop-cap{color:var( --e-global-color-primary );border-color:var( --e-global-color-primary );}.elementor-7256 .elementor-element.elementor-element-fa7e1d5{text-align:start;font-family:\"Sora\", Sans-serif;font-size:36px;font-weight:400;text-transform:uppercase;font-style:normal;text-decoration:none;line-height:1.5em;letter-spacing:-1px;color:#060606;}.elementor-7256 .elementor-element.elementor-element-a783c37{font-family:\"Fahkwang\", Sans-serif;font-size:21px;font-weight:400;line-height:1.7em;color:#000000;}.elementor-widget-icon-list .elementor-icon-list-item:not(:last-child):after{border-color:var( --e-global-color-text );}.elementor-widget-icon-list .elementor-icon-list-icon i{color:var( --e-global-color-primary );}.elementor-widget-icon-list .elementor-icon-list-icon svg{fill:var( --e-global-color-primary );}.elementor-widget-icon-list .elementor-icon-list-item > .elementor-icon-list-text, .elementor-widget-icon-list .elementor-icon-list-item > a{font-family:var( --e-global-typography-text-font-family ), Sans-serif;font-size:var( --e-global-typography-text-font-size );font-weight:var( --e-global-typography-text-font-weight );text-transform:var( --e-global-typography-text-text-transform );font-style:var( --e-global-typography-text-font-style );text-decoration:var( --e-global-typography-text-text-decoration );line-height:var( --e-global-typography-text-line-height );}.elementor-widget-icon-list .elementor-icon-list-text{color:var( --e-global-color-secondary );}.elementor-7256 .elementor-element.elementor-element-a5c6592 .elementor-icon-list-icon i{color:#C08647;transition:color 0.3s;}.elementor-7256 .elementor-element.elementor-element-a5c6592 .elementor-icon-list-icon svg{fill:#C08647;transition:fill 0.3s;}.elementor-7256 .elementor-element.elementor-element-a5c6592{--e-icon-list-icon-size:26px;--icon-vertical-offset:0px;}.elementor-7256 .elementor-element.elementor-element-a5c6592 .elementor-icon-list-icon{padding-inline-end:6px;}.elementor-7256 .elementor-element.elementor-element-a5c6592 .elementor-icon-list-item > .elementor-icon-list-text, .elementor-7256 .elementor-element.elementor-element-a5c6592 .elementor-icon-list-item > a{font-family:\"Fahkwang\", Sans-serif;font-size:22px;font-weight:400;line-height:2.5em;}.elementor-7256 .elementor-element.elementor-element-a5c6592 .elementor-icon-list-text{color:#050505;transition:color 0.3s;}.elementor-7256 .elementor-element.elementor-element-a5c6592 > .elementor-widget-container{padding:20px 0px 0px 0px;}.elementor-7256 .elementor-element.elementor-element-7999cc1:not(.elementor-motion-effects-element-type-background), .elementor-7256 .elementor-element.elementor-element-7999cc1 > .elementor-motion-effects-container > .elementor-motion-effects-layer{background-color:var( --e-global-color-accent );}.elementor-7256 .elementor-element.elementor-element-7999cc1{transition:background 0.3s, border 0.3s, border-radius 0.3s, box-shadow 0.3s;padding:0px 0px 0px 0px;}.elementor-7256 .elementor-element.elementor-element-7999cc1 > .elementor-background-overlay{transition:background 0.3s, border-radius 0.3s, opacity 0.3s;}.elementor-7256 .elementor-element.elementor-element-bbd92a5 > .elementor-widget-container{padding:30px 0px 30px 0px;}.elementor-7256 .elementor-element.elementor-element-0521531 .elementor-wrapper{--video-aspect-ratio:1.77777;}.elementor-widget-button .elementor-button{font-family:var( --e-global-typography-accent-font-family ), Sans-serif;font-size:var( --e-global-typography-accent-font-size );font-weight:var( --e-global-typography-accent-font-weight );text-transform:var( --e-global-typography-accent-text-transform );font-style:var( --e-global-typography-accent-font-style );text-decoration:var( --e-global-typography-accent-text-decoration );line-height:var( --e-global-typography-accent-line-height );background-color:var( --e-global-color-accent );}.elementor-7256 .elementor-element.elementor-element-c88e099 .elementor-button-content-wrapper{flex-direction:row-reverse;}.elementor-7256 .elementor-element.elementor-element-c88e099 .elementor-button .elementor-button-content-wrapper{gap:25px;}.elementor-7256 .elementor-element.elementor-element-c88e099 .elementor-button{font-family:\"Sora\", Sans-serif;font-size:36px;font-weight:500;letter-spacing:-0.1px;fill:#000000;color:#000000;background-color:#61CE7000;}.elementor-7256 .elementor-element.elementor-element-c88e099 > .elementor-widget-container{padding:30px 0px 30px 0px;}@media(min-width:768px){.elementor-7256 .elementor-element.elementor-element-8baa4b0{width:61.472%;}.elementor-7256 .elementor-element.elementor-element-8c23149{width:38.528%;}}@media(max-width:1366px) and (min-width:768px){.elementor-7256 .elementor-element.elementor-element-8baa4b0{width:50%;}.elementor-7256 .elementor-element.elementor-element-8c23149{width:50%;}}@media(max-width:1024px) and (min-width:768px){.elementor-7256 .elementor-element.elementor-element-8baa4b0{width:100%;}.elementor-7256 .elementor-element.elementor-element-8c23149{width:100%;}}@media(max-width:1366px){.elementor-7256 .elementor-element.elementor-element-7350fb3{padding:40px 0px 40px 0px;}.elementor-widget-image .widget-image-caption{font-size:var( --e-global-typography-text-font-size );line-height:var( --e-global-typography-text-line-height );}.elementor-7256 .elementor-element.elementor-element-8c23149 > .elementor-element-populated{padding:0px 40px 0px 0px;}.elementor-widget-text-editor{font-size:var( --e-global-typography-text-font-size );line-height:var( --e-global-typography-text-line-height );}.elementor-widget-icon-list .elementor-icon-list-item > .elementor-icon-list-text, .elementor-widget-icon-list .elementor-icon-list-item > a{font-size:var( --e-global-typography-text-font-size );line-height:var( --e-global-typography-text-line-height );}.elementor-widget-button .elementor-button{font-size:var( --e-global-typography-accent-font-size );line-height:var( --e-global-typography-accent-line-height );}}@media(max-width:1024px){.elementor-7256 .elementor-element.elementor-element-7350fb3{padding:0% 5% 5% 5%;}.elementor-widget-image .widget-image-caption{font-size:var( --e-global-typography-text-font-size );line-height:var( --e-global-typography-text-line-height );}.elementor-7256 .elementor-element.elementor-element-8c23149 > .elementor-element-populated{padding:10% 0% 5% 0%;}.elementor-widget-text-editor{font-size:var( --e-global-typography-text-font-size );line-height:var( --e-global-typography-text-line-height );}.elementor-7256 .elementor-element.elementor-element-fa7e1d5{font-size:42px;line-height:1.2em;letter-spacing:0px;}.elementor-widget-icon-list .elementor-icon-list-item > .elementor-icon-list-text, .elementor-widget-icon-list .elementor-icon-list-item > a{font-size:var( --e-global-typography-text-font-size );line-height:var( --e-global-typography-text-line-height );}.elementor-widget-button .elementor-button{font-size:var( --e-global-typography-accent-font-size );line-height:var( --e-global-typography-accent-line-height );}}@media(max-width:767px){.elementor-7256 .elementor-element.elementor-element-7350fb3{padding:0px 30px 30px 25px;}.elementor-7256 .elementor-element.elementor-element-8baa4b0 > .elementor-element-populated{padding:0px 0px 0px 0px;}.elementor-widget-image .widget-image-caption{font-size:var( --e-global-typography-text-font-size );line-height:var( --e-global-typography-text-line-height );}.elementor-7256 .elementor-element.elementor-element-8c23149 > .elementor-element-populated{padding:0% 0% 0% 0%;}.elementor-widget-text-editor{font-size:var( --e-global-typography-text-font-size );line-height:var( --e-global-typography-text-line-height );}.elementor-7256 .elementor-element.elementor-element-fa7e1d5{font-size:36px;line-height:1.5em;letter-spacing:0px;}.elementor-7256 .elementor-element.elementor-element-fa7e1d5 > .elementor-widget-container{padding:27px 0px 0px 0px;}.elementor-7256 .elementor-element.elementor-element-a783c37{line-height:1.5em;}.elementor-7256 .elementor-element.elementor-element-a783c37 > .elementor-widget-container{padding:20px 0px 30px 0px;}.elementor-widget-icon-list .elementor-icon-list-item > .elementor-icon-list-text, .elementor-widget-icon-list .elementor-icon-list-item > a{font-size:var( --e-global-typography-text-font-size );line-height:var( --e-global-typography-text-line-height );}.elementor-7256 .elementor-element.elementor-element-a5c6592 .elementor-icon-list-item > .elementor-icon-list-text, .elementor-7256 .elementor-element.elementor-element-a5c6592 .elementor-icon-list-item > a{line-height:2.5em;}.elementor-7256 .elementor-element.elementor-element-a5c6592 > .elementor-widget-container{padding:0px 0px 20px 0px;}.elementor-7256 .elementor-element.elementor-element-7999cc1{padding:0px 0px 0px 0px;}.elementor-7256 .elementor-element.elementor-element-bbd92a5 > .elementor-widget-container{padding:0px 0px 0px 0px;}.elementor-7256 .elementor-element.elementor-element-0521531 > .elementor-widget-container{padding:20px 0px 30px 0px;}.elementor-widget-button .elementor-button{font-size:var( --e-global-typography-accent-font-size );line-height:var( --e-global-typography-accent-line-height );}}<\/style>\t\t<div data-elementor-type=\"wp-page\" data-elementor-id=\"7256\" class=\"elementor elementor-7256\" data-elementor-settings=\"{&quot;ha_cmc_init_switcher&quot;:&quot;no&quot;}\" data-elementor-post-type=\"page\">\n\t\t\t\t\t\t<section class=\"elementor-section elementor-top-section elementor-element elementor-element-7350fb3 elementor-section-content-middle elementor-reverse-mobile elementor-reverse-tablet elementor-section-boxed elementor-section-height-default elementor-section-height-default\" data-id=\"7350fb3\" data-element_type=\"section\" data-e-type=\"section\" data-settings=\"{&quot;background_background&quot;:&quot;classic&quot;,&quot;_ha_eqh_enable&quot;:false}\">\n\t\t\t\t\t\t<div class=\"elementor-container elementor-column-gap-no\">\n\t\t\t\t\t<div class=\"elementor-column elementor-col-50 elementor-top-column elementor-element elementor-element-8baa4b0\" data-id=\"8baa4b0\" data-element_type=\"column\" data-e-type=\"column\">\n\t\t\t<div class=\"elementor-widget-wrap elementor-element-populated\">\n\t\t\t\t\t\t<div class=\"elementor-element elementor-element-187fd0f elementor-widget elementor-widget-image\" data-id=\"187fd0f\" data-element_type=\"widget\" data-e-type=\"widget\" data-widget_type=\"image.default\">\n\t\t\t\t<div class=\"elementor-widget-container\">\n\t\t\t\t\t\t\t\t\t\t\t\t\t\t\t<img fetchpriority=\"high\" decoding=\"async\" width=\"1024\" height=\"939\" src=\"https:\/\/matikali.com\/wp-content\/uploads\/2023\/01\/diseno-web-diseno-ux-y-ui-para-namlicioso-espana--1024x939.jpg\" class=\"attachment-large size-large wp-image-7270\" alt=\"Branding, Identidad, visual, dise\u00f1o web, UX, UI, Experiencia de usuario, logo, dise\u00f1o de paginas web en mexico, paginas web en latinoamerica, wordpress, shopify, webflow, matikali estudio\" srcset=\"https:\/\/matikali.com\/wp-content\/uploads\/2023\/01\/diseno-web-diseno-ux-y-ui-para-namlicioso-espana--1024x939.jpg 1024w, https:\/\/matikali.com\/wp-content\/uploads\/2023\/01\/diseno-web-diseno-ux-y-ui-para-namlicioso-espana--1000x917.jpg 1000w, https:\/\/matikali.com\/wp-content\/uploads\/2023\/01\/diseno-web-diseno-ux-y-ui-para-namlicioso-espana--300x275.jpg 300w, https:\/\/matikali.com\/wp-content\/uploads\/2023\/01\/diseno-web-diseno-ux-y-ui-para-namlicioso-espana--768x704.jpg 768w, https:\/\/matikali.com\/wp-content\/uploads\/2023\/01\/diseno-web-diseno-ux-y-ui-para-namlicioso-espana-.jpg 1200w\" sizes=\"(max-width: 1024px) 100vw, 1024px\" \/>\t\t\t\t\t\t\t\t\t\t\t\t\t\t\t<\/div>\n\t\t\t\t<\/div>\n\t\t\t\t\t<\/div>\n\t\t<\/div>\n\t\t\t\t<div class=\"elementor-column elementor-col-50 elementor-top-column elementor-element elementor-element-8c23149\" data-id=\"8c23149\" data-element_type=\"column\" data-e-type=\"column\">\n\t\t\t<div class=\"elementor-widget-wrap elementor-element-populated\">\n\t\t\t\t\t\t<div class=\"elementor-element elementor-element-fa7e1d5 elementor-invisible elementor-widget elementor-widget-text-editor\" data-id=\"fa7e1d5\" data-element_type=\"widget\" data-e-type=\"widget\" data-settings=\"{&quot;_animation&quot;:&quot;zoomIn&quot;}\" data-widget_type=\"text-editor.default\">\n\t\t\t\t<div class=\"elementor-widget-container\">\n\t\t\t\t\t\t\t\t\t<p>\u00d1amlicioso<\/p>\t\t\t\t\t\t\t\t<\/div>\n\t\t\t\t<\/div>\n\t\t\t\t<div class=\"elementor-element elementor-element-a783c37 elementor-invisible elementor-widget elementor-widget-text-editor\" data-id=\"a783c37\" data-element_type=\"widget\" data-e-type=\"widget\" data-settings=\"{&quot;_animation&quot;:&quot;slideInUp&quot;}\" data-widget_type=\"text-editor.default\">\n\t\t\t\t<div class=\"elementor-widget-container\">\n\t\t\t\t\t\t\t\t\t<p>Marca espa\u00f1ola dedicada a la creaci\u00f3n de contenido foodie para web y social media.<\/p>\t\t\t\t\t\t\t\t<\/div>\n\t\t\t\t<\/div>\n\t\t\t\t<div class=\"elementor-element elementor-element-a5c6592 elementor-icon-list--layout-traditional elementor-list-item-link-full_width elementor-widget elementor-widget-icon-list\" data-id=\"a5c6592\" data-element_type=\"widget\" data-e-type=\"widget\" data-widget_type=\"icon-list.default\">\n\t\t\t\t<div class=\"elementor-widget-container\">\n\t\t\t\t\t\t\t<ul class=\"elementor-icon-list-items\">\n\t\t\t\t\t\t\t<li class=\"elementor-icon-list-item\">\n\t\t\t\t\t\t\t\t\t\t\t<span class=\"elementor-icon-list-icon\">\n\t\t\t\t\t\t\t<i aria-hidden=\"true\" class=\"fas fa-clock\"><\/i>\t\t\t\t\t\t<\/span>\n\t\t\t\t\t\t\t\t\t\t<span class=\"elementor-icon-list-text\">Diciembre 2022<\/span>\n\t\t\t\t\t\t\t\t\t<\/li>\n\t\t\t\t\t\t<\/ul>\n\t\t\t\t\t\t<\/div>\n\t\t\t\t<\/div>\n\t\t\t\t\t<\/div>\n\t\t<\/div>\n\t\t\t\t\t<\/div>\n\t\t<\/section>\n\t\t\t\t<section class=\"elementor-section elementor-top-section elementor-element elementor-element-7999cc1 elementor-section-full_width elementor-section-height-default elementor-section-height-default\" data-id=\"7999cc1\" data-element_type=\"section\" data-e-type=\"section\" data-settings=\"{&quot;background_background&quot;:&quot;classic&quot;,&quot;_ha_eqh_enable&quot;:false}\">\n\t\t\t\t\t\t<div class=\"elementor-container elementor-column-gap-no\">\n\t\t\t\t\t<div class=\"elementor-column elementor-col-100 elementor-top-column elementor-element elementor-element-8943a57\" data-id=\"8943a57\" data-element_type=\"column\" data-e-type=\"column\">\n\t\t\t<div class=\"elementor-widget-wrap elementor-element-populated\">\n\t\t\t\t\t\t<div class=\"elementor-element elementor-element-bbd92a5 elementor-widget elementor-widget-image\" data-id=\"bbd92a5\" data-element_type=\"widget\" data-e-type=\"widget\" data-widget_type=\"image.default\">\n\t\t\t\t<div class=\"elementor-widget-container\">\n\t\t\t\t\t\t\t\t\t\t\t\t\t\t\t<img decoding=\"async\" width=\"526\" height=\"2560\" data-src=\"https:\/\/matikali.com\/wp-content\/uploads\/2023\/05\/diseno-web-ux-ui-para-namlicioso-scaled.jpg\" class=\"attachment-full size-full wp-image-8279 lazyload\" alt=\"\" src=\"data:image\/svg+xml;base64,PHN2ZyB3aWR0aD0iMSIgaGVpZ2h0PSIxIiB4bWxucz0iaHR0cDovL3d3dy53My5vcmcvMjAwMC9zdmciPjwvc3ZnPg==\" style=\"--smush-placeholder-width: 526px; --smush-placeholder-aspect-ratio: 526\/2560;\" \/>\t\t\t\t\t\t\t\t\t\t\t\t\t\t\t<\/div>\n\t\t\t\t<\/div>\n\t\t\t\t<div class=\"elementor-element elementor-element-0521531 elementor-widget elementor-widget-video\" data-id=\"0521531\" data-element_type=\"widget\" data-e-type=\"widget\" data-settings=\"{&quot;mute&quot;:&quot;yes&quot;,&quot;loop&quot;:&quot;yes&quot;,&quot;video_type&quot;:&quot;vimeo&quot;,&quot;image_overlay&quot;:{&quot;url&quot;:&quot;https:\\\/\\\/matikali.com\\\/wp-content\\\/uploads\\\/2023\\\/01\\\/diseno-we-diseno-ux-y-ui-para-namlicioso-espana-.jpg&quot;,&quot;id&quot;:7267,&quot;size&quot;:&quot;&quot;,&quot;alt&quot;:&quot;&quot;,&quot;source&quot;:&quot;library&quot;},&quot;show_image_overlay&quot;:&quot;yes&quot;}\" data-widget_type=\"video.default\">\n\t\t\t\t<div class=\"elementor-widget-container\">\n\t\t\t\t\t\t\t<div class=\"elementor-wrapper elementor-open-inline\">\n\t\t\t<iframe class=\"elementor-video-iframe lazyload\" allowfullscreen allow=\"clipboard-write\" title=\"Reproductor de video vimeo\" data-src=\"https:\/\/player.vimeo.com\/video\/787771530?color=000000&amp;autopause=0&amp;loop=1&amp;muted=1&amp;title=0&amp;portrait=0&amp;byline=0#t=\" src=\"data:image\/svg+xml;base64,PHN2ZyB3aWR0aD0iMSIgaGVpZ2h0PSIxIiB4bWxucz0iaHR0cDovL3d3dy53My5vcmcvMjAwMC9zdmciPjwvc3ZnPg==\" data-load-mode=\"1\"><\/iframe>\t\t\t\t<div class=\"elementor-custom-embed-image-overlay lazyload\" style=\"background-image:inherit;\" data-bg-image=\"url(https:\/\/matikali.com\/wp-content\/uploads\/2023\/01\/diseno-we-diseno-ux-y-ui-para-namlicioso-espana-.jpg)\">\n\t\t\t\t\t\t\t\t\t\t\t\t\t\t\t\t<div class=\"elementor-custom-embed-play\" role=\"button\" aria-label=\"Reproducir video\" tabindex=\"0\">\n\t\t\t\t\t\t\t<i aria-hidden=\"true\" class=\"eicon-play\"><\/i>\t\t\t\t\t\t<\/div>\n\t\t\t\t\t\t\t\t\t<\/div>\n\t\t\t\t\t<\/div>\n\t\t\t\t\t\t<\/div>\n\t\t\t\t<\/div>\n\t\t\t\t<div class=\"elementor-element elementor-element-c88e099 elementor-align-center elementor-invisible elementor-widget elementor-widget-button\" data-id=\"c88e099\" data-element_type=\"widget\" data-e-type=\"widget\" data-settings=\"{&quot;_animation&quot;:&quot;slideInRight&quot;}\" data-widget_type=\"button.default\">\n\t\t\t\t<div class=\"elementor-widget-container\">\n\t\t\t\t\t\t\t\t\t<div class=\"elementor-button-wrapper\">\n\t\t\t\t\t<a class=\"elementor-button elementor-button-link elementor-size-sm\" href=\"https:\/\/matikali.com\/portafolio-diseno-web\/\">\n\t\t\t\t\t\t<span class=\"elementor-button-content-wrapper\">\n\t\t\t\t\t\t<span class=\"elementor-button-icon\">\n\t\t\t\t<svg xmlns=\"http:\/\/www.w3.org\/2000\/svg\" id=\"af259cf5-7745-4534-b9fe-b5b181823a33\" data-name=\"Layer 1\" width=\"74\" height=\"74\" viewBox=\"0 0 74 74\"><polygon points=\"0 0 0 4 66.052 4 0.352 69.701 3.18 72.529 70 5.708 70 74 74 74 74 0 0 0\"><\/polygon><\/svg>\t\t\t<\/span>\n\t\t\t\t\t\t\t\t\t<span class=\"elementor-button-text\">IR  A PORTAFOLIO<\/span>\n\t\t\t\t\t<\/span>\n\t\t\t\t\t<\/a>\n\t\t\t\t<\/div>\n\t\t\t\t\t\t\t\t<\/div>\n\t\t\t\t<\/div>\n\t\t\t\t\t<\/div>\n\t\t<\/div>\n\t\t\t\t\t<\/div>\n\t\t<\/section>\n\t\t\t\t<\/div>\n\t\t","protected":false},"excerpt":{"rendered":"<p>\u00d1amlicioso Marca espa\u00f1ola dedicada a la creaci\u00f3n de contenido foodie para web y social media. Diciembre 2022 IR A PORTAFOLIO<\/p>","protected":false},"author":1,"featured_media":7267,"parent":0,"menu_order":0,"comment_status":"closed","ping_status":"closed","template":"elementor_header_footer","meta":{"footnotes":""},"class_list":["post-7256","page","type-page","status-publish","has-post-thumbnail","hentry"],"blocksy_meta":{"styles_descriptor":{"styles":{"desktop":"","tablet":"","mobile":""},"google_fonts":[],"version":6}},"_links":{"self":[{"href":"https:\/\/matikali.com\/es\/wp-json\/wp\/v2\/pages\/7256","targetHints":{"allow":["GET"]}}],"collection":[{"href":"https:\/\/matikali.com\/es\/wp-json\/wp\/v2\/pages"}],"about":[{"href":"https:\/\/matikali.com\/es\/wp-json\/wp\/v2\/types\/page"}],"author":[{"embeddable":true,"href":"https:\/\/matikali.com\/es\/wp-json\/wp\/v2\/users\/1"}],"replies":[{"embeddable":true,"href":"https:\/\/matikali.com\/es\/wp-json\/wp\/v2\/comments?post=7256"}],"version-history":[{"count":10,"href":"https:\/\/matikali.com\/es\/wp-json\/wp\/v2\/pages\/7256\/revisions"}],"predecessor-version":[{"id":8288,"href":"https:\/\/matikali.com\/es\/wp-json\/wp\/v2\/pages\/7256\/revisions\/8288"}],"wp:featuredmedia":[{"embeddable":true,"href":"https:\/\/matikali.com\/es\/wp-json\/wp\/v2\/media\/7267"}],"wp:attachment":[{"href":"https:\/\/matikali.com\/es\/wp-json\/wp\/v2\/media?parent=7256"}],"curies":[{"name":"wp","href":"https:\/\/api.w.org\/{rel}","templated":true}]}}