{"id":7334,"date":"2023-01-12T05:53:53","date_gmt":"2023-01-12T05:53:53","guid":{"rendered":"https:\/\/matikali.com\/?page_id=7334"},"modified":"2023-01-12T06:04:35","modified_gmt":"2023-01-12T06:04:35","slug":"rc-cosmetica","status":"publish","type":"page","link":"https:\/\/matikali.com\/es\/rc-cosmetica\/","title":{"rendered":"RC Cosm\u00e9tica"},"content":{"rendered":"<style>.elementor-7334 .elementor-element.elementor-element-7350fb3 > .elementor-container{max-width:1211px;}.elementor-7334 .elementor-element.elementor-element-7350fb3 > .elementor-container > .elementor-column > .elementor-widget-wrap{align-content:center;align-items:center;}.elementor-7334 .elementor-element.elementor-element-7350fb3{padding:40px 0px 40px 0px;}.elementor-7334 .elementor-element.elementor-element-8baa4b0 > .elementor-element-populated{padding:0px 50px 0px 030px;}.elementor-widget-image .widget-image-caption{color:var( --e-global-color-text );font-family:var( --e-global-typography-text-font-family ), Sans-serif;font-size:var( --e-global-typography-text-font-size );font-weight:var( --e-global-typography-text-font-weight );text-transform:var( --e-global-typography-text-text-transform );font-style:var( --e-global-typography-text-font-style );text-decoration:var( --e-global-typography-text-text-decoration );line-height:var( --e-global-typography-text-line-height );}.elementor-widget-text-editor{font-family:var( --e-global-typography-text-font-family ), Sans-serif;font-size:var( --e-global-typography-text-font-size );font-weight:var( --e-global-typography-text-font-weight );text-transform:var( --e-global-typography-text-text-transform );font-style:var( --e-global-typography-text-font-style );text-decoration:var( --e-global-typography-text-text-decoration );line-height:var( --e-global-typography-text-line-height );color:var( --e-global-color-text );}.elementor-widget-text-editor.elementor-drop-cap-view-stacked .elementor-drop-cap{background-color:var( --e-global-color-primary );}.elementor-widget-text-editor.elementor-drop-cap-view-framed .elementor-drop-cap, .elementor-widget-text-editor.elementor-drop-cap-view-default .elementor-drop-cap{color:var( --e-global-color-primary );border-color:var( --e-global-color-primary );}.elementor-7334 .elementor-element.elementor-element-96a0793{font-family:\"Sora\", Sans-serif;font-size:36px;font-weight:400;text-transform:none;font-style:normal;text-decoration:none;line-height:1.5em;letter-spacing:-1px;color:#060606;}.elementor-7334 .elementor-element.elementor-element-a783c37{font-family:\"Fahkwang\", Sans-serif;font-size:21px;font-weight:400;line-height:1.7em;color:#000000;}.elementor-widget-icon-list .elementor-icon-list-item:not(:last-child):after{border-color:var( --e-global-color-text );}.elementor-widget-icon-list .elementor-icon-list-icon i{color:var( --e-global-color-primary );}.elementor-widget-icon-list .elementor-icon-list-icon svg{fill:var( --e-global-color-primary );}.elementor-widget-icon-list .elementor-icon-list-item > .elementor-icon-list-text, .elementor-widget-icon-list .elementor-icon-list-item > a{font-family:var( --e-global-typography-text-font-family ), Sans-serif;font-size:var( --e-global-typography-text-font-size );font-weight:var( --e-global-typography-text-font-weight );text-transform:var( --e-global-typography-text-text-transform );font-style:var( --e-global-typography-text-font-style );text-decoration:var( --e-global-typography-text-text-decoration );line-height:var( --e-global-typography-text-line-height );}.elementor-widget-icon-list .elementor-icon-list-text{color:var( --e-global-color-secondary );}.elementor-7334 .elementor-element.elementor-element-a5c6592 .elementor-icon-list-icon i{color:#C08647;transition:color 0.3s;}.elementor-7334 .elementor-element.elementor-element-a5c6592 .elementor-icon-list-icon svg{fill:#C08647;transition:fill 0.3s;}.elementor-7334 .elementor-element.elementor-element-a5c6592{--e-icon-list-icon-size:26px;--icon-vertical-offset:0px;}.elementor-7334 .elementor-element.elementor-element-a5c6592 .elementor-icon-list-icon{padding-inline-end:6px;}.elementor-7334 .elementor-element.elementor-element-a5c6592 .elementor-icon-list-item > .elementor-icon-list-text, .elementor-7334 .elementor-element.elementor-element-a5c6592 .elementor-icon-list-item > a{font-family:\"Fahkwang\", Sans-serif;font-size:22px;font-weight:400;line-height:3.1em;}.elementor-7334 .elementor-element.elementor-element-a5c6592 .elementor-icon-list-text{color:#050505;transition:color 0.3s;}.elementor-7334 .elementor-element.elementor-element-023656b > .elementor-container > .elementor-column > .elementor-widget-wrap{align-content:center;align-items:center;}.elementor-7334 .elementor-element.elementor-element-023656b{padding:0px 0px 0px 0px;}.elementor-bc-flex-widget .elementor-7334 .elementor-element.elementor-element-608054e.elementor-column .elementor-widget-wrap{align-items:center;}.elementor-7334 .elementor-element.elementor-element-608054e.elementor-column.elementor-element[data-element_type=\"column\"] > .elementor-widget-wrap.elementor-element-populated{align-content:center;align-items:center;}.elementor-bc-flex-widget .elementor-7334 .elementor-element.elementor-element-0809bbd.elementor-column .elementor-widget-wrap{align-items:center;}.elementor-7334 .elementor-element.elementor-element-0809bbd.elementor-column.elementor-element[data-element_type=\"column\"] > .elementor-widget-wrap.elementor-element-populated{align-content:center;align-items:center;}.elementor-bc-flex-widget .elementor-7334 .elementor-element.elementor-element-ff7a7be.elementor-column .elementor-widget-wrap{align-items:center;}.elementor-7334 .elementor-element.elementor-element-ff7a7be.elementor-column.elementor-element[data-element_type=\"column\"] > .elementor-widget-wrap.elementor-element-populated{align-content:center;align-items:center;}.elementor-bc-flex-widget .elementor-7334 .elementor-element.elementor-element-b753f45.elementor-column .elementor-widget-wrap{align-items:center;}.elementor-7334 .elementor-element.elementor-element-b753f45.elementor-column.elementor-element[data-element_type=\"column\"] > .elementor-widget-wrap.elementor-element-populated{align-content:center;align-items:center;}.elementor-7334 .elementor-element.elementor-element-9157624{padding:0px 0px 60px 0px;}.elementor-widget-button .elementor-button{font-family:var( --e-global-typography-accent-font-family ), Sans-serif;font-size:var( --e-global-typography-accent-font-size );font-weight:var( --e-global-typography-accent-font-weight );text-transform:var( --e-global-typography-accent-text-transform );font-style:var( --e-global-typography-accent-font-style );text-decoration:var( --e-global-typography-accent-text-decoration );line-height:var( --e-global-typography-accent-line-height );background-color:var( --e-global-color-accent );}.elementor-7334 .elementor-element.elementor-element-fb6ecbb .elementor-button{font-family:\"Sora\", Sans-serif;font-size:36px;font-weight:500;letter-spacing:-0.1px;fill:#000000;color:#000000;background-color:#61CE7000;}@media(max-width:1366px){.elementor-widget-image .widget-image-caption{font-size:var( --e-global-typography-text-font-size );line-height:var( --e-global-typography-text-line-height );}.elementor-widget-text-editor{font-size:var( --e-global-typography-text-font-size );line-height:var( --e-global-typography-text-line-height );}.elementor-widget-icon-list .elementor-icon-list-item > .elementor-icon-list-text, .elementor-widget-icon-list .elementor-icon-list-item > a{font-size:var( --e-global-typography-text-font-size );line-height:var( --e-global-typography-text-line-height );}.elementor-widget-button .elementor-button{font-size:var( --e-global-typography-accent-font-size );line-height:var( --e-global-typography-accent-line-height );}}@media(max-width:1024px){.elementor-7334 .elementor-element.elementor-element-7350fb3{padding:40px 0px 40px 0px;}.elementor-widget-image .widget-image-caption{font-size:var( --e-global-typography-text-font-size );line-height:var( --e-global-typography-text-line-height );}.elementor-7334 .elementor-element.elementor-element-8c23149 > .elementor-element-populated{padding:0px 30px 0px 0px;}.elementor-widget-text-editor{font-size:var( --e-global-typography-text-font-size );line-height:var( --e-global-typography-text-line-height );}.elementor-7334 .elementor-element.elementor-element-96a0793{font-size:42px;line-height:1.2em;letter-spacing:0px;}.elementor-widget-icon-list .elementor-icon-list-item > .elementor-icon-list-text, .elementor-widget-icon-list .elementor-icon-list-item > a{font-size:var( --e-global-typography-text-font-size );line-height:var( --e-global-typography-text-line-height );}.elementor-widget-button .elementor-button{font-size:var( --e-global-typography-accent-font-size );line-height:var( --e-global-typography-accent-line-height );}}@media(max-width:767px){.elementor-7334 .elementor-element.elementor-element-7350fb3{padding:0px 30px 0px 25px;}.elementor-7334 .elementor-element.elementor-element-8baa4b0 > .elementor-element-populated{padding:0px 0px 0px 0px;}.elementor-widget-image .widget-image-caption{font-size:var( --e-global-typography-text-font-size );line-height:var( --e-global-typography-text-line-height );}.elementor-widget-text-editor{font-size:var( --e-global-typography-text-font-size );line-height:var( --e-global-typography-text-line-height );}.elementor-7334 .elementor-element.elementor-element-96a0793{font-size:36px;line-height:1.5em;letter-spacing:0px;}.elementor-7334 .elementor-element.elementor-element-96a0793 > .elementor-widget-container{padding:27px 0px 0px 0px;}.elementor-7334 .elementor-element.elementor-element-a783c37{line-height:1.5em;}.elementor-widget-icon-list .elementor-icon-list-item > .elementor-icon-list-text, .elementor-widget-icon-list .elementor-icon-list-item > a{font-size:var( --e-global-typography-text-font-size );line-height:var( --e-global-typography-text-line-height );}.elementor-7334 .elementor-element.elementor-element-a5c6592 .elementor-icon-list-item > .elementor-icon-list-text, .elementor-7334 .elementor-element.elementor-element-a5c6592 .elementor-icon-list-item > a{line-height:1.5em;}.elementor-7334 .elementor-element.elementor-element-a5c6592 > .elementor-widget-container{padding:30px 0px 30px 0px;}.elementor-7334 .elementor-element.elementor-element-023656b{padding:0px 0px 0px 0px;}.elementor-7334 .elementor-element.elementor-element-9157624{padding:0px 0px 30px 0px;}.elementor-widget-button .elementor-button{font-size:var( --e-global-typography-accent-font-size );line-height:var( --e-global-typography-accent-line-height );}}<\/style>\t\t<div data-elementor-type=\"wp-page\" data-elementor-id=\"7334\" class=\"elementor elementor-7334\" data-elementor-settings=\"{&quot;ha_cmc_init_switcher&quot;:&quot;no&quot;}\" data-elementor-post-type=\"page\">\n\t\t\t\t\t\t<section class=\"elementor-section elementor-top-section elementor-element elementor-element-7350fb3 elementor-section-content-middle elementor-reverse-mobile elementor-section-boxed elementor-section-height-default elementor-section-height-default\" data-id=\"7350fb3\" data-element_type=\"section\" data-e-type=\"section\" data-settings=\"{&quot;_ha_eqh_enable&quot;:false}\">\n\t\t\t\t\t\t<div class=\"elementor-container elementor-column-gap-no\">\n\t\t\t\t\t<div class=\"elementor-column elementor-col-50 elementor-top-column elementor-element elementor-element-8baa4b0\" data-id=\"8baa4b0\" data-element_type=\"column\" data-e-type=\"column\">\n\t\t\t<div class=\"elementor-widget-wrap elementor-element-populated\">\n\t\t\t\t\t\t<div class=\"elementor-element elementor-element-b36e053 elementor-widget elementor-widget-image\" data-id=\"b36e053\" data-element_type=\"widget\" data-e-type=\"widget\" data-widget_type=\"image.default\">\n\t\t\t\t<div class=\"elementor-widget-container\">\n\t\t\t\t\t\t\t\t\t\t\t\t\t\t\t<img fetchpriority=\"high\" decoding=\"async\" width=\"900\" height=\"626\" src=\"https:\/\/matikali.com\/wp-content\/uploads\/2023\/01\/DISENO-DE-EMPAQUE-RC-COSMETICOS-MARCA-MEXICANA-.jpg\" class=\"attachment-large size-large wp-image-7335\" alt=\"\" srcset=\"https:\/\/matikali.com\/wp-content\/uploads\/2023\/01\/DISENO-DE-EMPAQUE-RC-COSMETICOS-MARCA-MEXICANA-.jpg 900w, https:\/\/matikali.com\/wp-content\/uploads\/2023\/01\/DISENO-DE-EMPAQUE-RC-COSMETICOS-MARCA-MEXICANA--300x209.jpg 300w, https:\/\/matikali.com\/wp-content\/uploads\/2023\/01\/DISENO-DE-EMPAQUE-RC-COSMETICOS-MARCA-MEXICANA--768x534.jpg 768w\" sizes=\"(max-width: 900px) 100vw, 900px\" \/>\t\t\t\t\t\t\t\t\t\t\t\t\t\t\t<\/div>\n\t\t\t\t<\/div>\n\t\t\t\t\t<\/div>\n\t\t<\/div>\n\t\t\t\t<div class=\"elementor-column elementor-col-50 elementor-top-column elementor-element elementor-element-8c23149\" data-id=\"8c23149\" data-element_type=\"column\" data-e-type=\"column\">\n\t\t\t<div class=\"elementor-widget-wrap elementor-element-populated\">\n\t\t\t\t\t\t<div class=\"elementor-element elementor-element-96a0793 elementor-invisible elementor-widget elementor-widget-text-editor\" data-id=\"96a0793\" data-element_type=\"widget\" data-e-type=\"widget\" data-settings=\"{&quot;_animation&quot;:&quot;zoomIn&quot;}\" data-widget_type=\"text-editor.default\">\n\t\t\t\t<div class=\"elementor-widget-container\">\n\t\t\t\t\t\t\t\t\t<p>RC COM\u00c9TICA<\/p>\t\t\t\t\t\t\t\t<\/div>\n\t\t\t\t<\/div>\n\t\t\t\t<div class=\"elementor-element elementor-element-a783c37 elementor-invisible elementor-widget elementor-widget-text-editor\" data-id=\"a783c37\" data-element_type=\"widget\" data-e-type=\"widget\" data-settings=\"{&quot;_animation&quot;:&quot;slideInUp&quot;}\" data-widget_type=\"text-editor.default\">\n\t\t\t\t<div class=\"elementor-widget-container\">\n\t\t\t\t\t\t\t\t\t<p>Es una marca mexicana-espa\u00f1ola de bolsos de piel, hechos a mano y con los mejores procesos de calidad.<\/p>\t\t\t\t\t\t\t\t<\/div>\n\t\t\t\t<\/div>\n\t\t\t\t<div class=\"elementor-element elementor-element-a5c6592 elementor-icon-list--layout-traditional elementor-list-item-link-full_width elementor-widget elementor-widget-icon-list\" data-id=\"a5c6592\" data-element_type=\"widget\" data-e-type=\"widget\" data-widget_type=\"icon-list.default\">\n\t\t\t\t<div class=\"elementor-widget-container\">\n\t\t\t\t\t\t\t<ul class=\"elementor-icon-list-items\">\n\t\t\t\t\t\t\t<li class=\"elementor-icon-list-item\">\n\t\t\t\t\t\t\t\t\t\t\t<span class=\"elementor-icon-list-icon\">\n\t\t\t\t\t\t\t<i aria-hidden=\"true\" class=\"fas fa-clock\"><\/i>\t\t\t\t\t\t<\/span>\n\t\t\t\t\t\t\t\t\t\t<span class=\"elementor-icon-list-text\">Septiembre 2022<\/span>\n\t\t\t\t\t\t\t\t\t<\/li>\n\t\t\t\t\t\t<\/ul>\n\t\t\t\t\t\t<\/div>\n\t\t\t\t<\/div>\n\t\t\t\t\t<\/div>\n\t\t<\/div>\n\t\t\t\t\t<\/div>\n\t\t<\/section>\n\t\t\t\t<section class=\"elementor-section elementor-top-section elementor-element elementor-element-023656b elementor-section-content-middle elementor-section-full_width elementor-section-height-default elementor-section-height-default\" data-id=\"023656b\" data-element_type=\"section\" data-e-type=\"section\">\n\t\t\t\t\t\t<div class=\"elementor-container elementor-column-gap-default\">\n\t\t\t\t\t<div class=\"elementor-column elementor-col-100 elementor-top-column elementor-element elementor-element-259f381\" data-id=\"259f381\" data-element_type=\"column\" data-e-type=\"column\">\n\t\t\t<div class=\"elementor-widget-wrap elementor-element-populated\">\n\t\t\t\t\t\t<div class=\"elementor-element elementor-element-6e0abb8 elementor-widget elementor-widget-image\" data-id=\"6e0abb8\" data-element_type=\"widget\" data-e-type=\"widget\" data-widget_type=\"image.default\">\n\t\t\t\t<div class=\"elementor-widget-container\">\n\t\t\t\t\t\t\t\t\t\t\t\t\t\t\t<img decoding=\"async\" width=\"1800\" height=\"885\" data-src=\"https:\/\/matikali.com\/wp-content\/uploads\/2023\/01\/BRANDING-RC-COSMETICOS-MARCA-MEXICANA-01.jpg\" class=\"attachment-full size-full wp-image-7344 lazyload\" alt=\"\" data-srcset=\"https:\/\/matikali.com\/wp-content\/uploads\/2023\/01\/BRANDING-RC-COSMETICOS-MARCA-MEXICANA-01.jpg 1800w, https:\/\/matikali.com\/wp-content\/uploads\/2023\/01\/BRANDING-RC-COSMETICOS-MARCA-MEXICANA-01-1000x492.jpg 1000w, https:\/\/matikali.com\/wp-content\/uploads\/2023\/01\/BRANDING-RC-COSMETICOS-MARCA-MEXICANA-01-300x148.jpg 300w, https:\/\/matikali.com\/wp-content\/uploads\/2023\/01\/BRANDING-RC-COSMETICOS-MARCA-MEXICANA-01-1024x503.jpg 1024w, https:\/\/matikali.com\/wp-content\/uploads\/2023\/01\/BRANDING-RC-COSMETICOS-MARCA-MEXICANA-01-768x378.jpg 768w, https:\/\/matikali.com\/wp-content\/uploads\/2023\/01\/BRANDING-RC-COSMETICOS-MARCA-MEXICANA-01-1536x755.jpg 1536w\" data-sizes=\"(max-width: 1800px) 100vw, 1800px\" src=\"data:image\/svg+xml;base64,PHN2ZyB3aWR0aD0iMSIgaGVpZ2h0PSIxIiB4bWxucz0iaHR0cDovL3d3dy53My5vcmcvMjAwMC9zdmciPjwvc3ZnPg==\" style=\"--smush-placeholder-width: 1800px; --smush-placeholder-aspect-ratio: 1800\/885;\" \/>\t\t\t\t\t\t\t\t\t\t\t\t\t\t\t<\/div>\n\t\t\t\t<\/div>\n\t\t\t\t\t<\/div>\n\t\t<\/div>\n\t\t\t\t\t<\/div>\n\t\t<\/section>\n\t\t\t\t<section class=\"elementor-section elementor-top-section elementor-element elementor-element-3ad11d8 elementor-section-full_width elementor-section-height-default elementor-section-height-default\" data-id=\"3ad11d8\" data-element_type=\"section\" data-e-type=\"section\" data-settings=\"{&quot;_ha_eqh_enable&quot;:false}\">\n\t\t\t\t\t\t<div class=\"elementor-container elementor-column-gap-default\">\n\t\t\t\t\t<div class=\"elementor-column elementor-col-50 elementor-top-column elementor-element elementor-element-608054e\" data-id=\"608054e\" data-element_type=\"column\" data-e-type=\"column\">\n\t\t\t<div class=\"elementor-widget-wrap elementor-element-populated\">\n\t\t\t\t\t\t<div class=\"elementor-element elementor-element-50f24d5 elementor-widget elementor-widget-image\" data-id=\"50f24d5\" data-element_type=\"widget\" data-e-type=\"widget\" data-widget_type=\"image.default\">\n\t\t\t\t<div class=\"elementor-widget-container\">\n\t\t\t\t\t\t\t\t\t\t\t\t\t\t\t<img decoding=\"async\" width=\"900\" height=\"626\" data-src=\"https:\/\/matikali.com\/wp-content\/uploads\/2023\/01\/PATTERN-BRANDING-RC-COSMETICOS.jpg\" class=\"attachment-large size-large wp-image-7341 lazyload\" alt=\"Branding, Identidad, visual, dise\u00f1o web, UX, UI, Experiencia de usuario, logo, dise\u00f1o de paginas web en mexico, paginas web en latinoamerica, wordpress, shopify, webflow, matikali estudio\" data-srcset=\"https:\/\/matikali.com\/wp-content\/uploads\/2023\/01\/PATTERN-BRANDING-RC-COSMETICOS.jpg 900w, https:\/\/matikali.com\/wp-content\/uploads\/2023\/01\/PATTERN-BRANDING-RC-COSMETICOS-300x209.jpg 300w, https:\/\/matikali.com\/wp-content\/uploads\/2023\/01\/PATTERN-BRANDING-RC-COSMETICOS-768x534.jpg 768w\" data-sizes=\"(max-width: 900px) 100vw, 900px\" src=\"data:image\/svg+xml;base64,PHN2ZyB3aWR0aD0iMSIgaGVpZ2h0PSIxIiB4bWxucz0iaHR0cDovL3d3dy53My5vcmcvMjAwMC9zdmciPjwvc3ZnPg==\" style=\"--smush-placeholder-width: 900px; --smush-placeholder-aspect-ratio: 900\/626;\" \/>\t\t\t\t\t\t\t\t\t\t\t\t\t\t\t<\/div>\n\t\t\t\t<\/div>\n\t\t\t\t\t<\/div>\n\t\t<\/div>\n\t\t\t\t<div class=\"elementor-column elementor-col-50 elementor-top-column elementor-element elementor-element-0809bbd\" data-id=\"0809bbd\" data-element_type=\"column\" data-e-type=\"column\">\n\t\t\t<div class=\"elementor-widget-wrap elementor-element-populated\">\n\t\t\t\t\t\t<div class=\"elementor-element elementor-element-6c196e2 elementor-widget elementor-widget-image\" data-id=\"6c196e2\" data-element_type=\"widget\" data-e-type=\"widget\" data-widget_type=\"image.default\">\n\t\t\t\t<div class=\"elementor-widget-container\">\n\t\t\t\t\t\t\t\t\t\t\t\t\t\t\t<img decoding=\"async\" width=\"900\" height=\"626\" data-src=\"https:\/\/matikali.com\/wp-content\/uploads\/2023\/01\/TARJETAS-DE-AGRADECIMIENTO-BRANDING-RC-COSMETICOS-MARCA-MEXICANA-.jpg\" class=\"attachment-large size-large wp-image-7342 lazyload\" alt=\"\" data-srcset=\"https:\/\/matikali.com\/wp-content\/uploads\/2023\/01\/TARJETAS-DE-AGRADECIMIENTO-BRANDING-RC-COSMETICOS-MARCA-MEXICANA-.jpg 900w, https:\/\/matikali.com\/wp-content\/uploads\/2023\/01\/TARJETAS-DE-AGRADECIMIENTO-BRANDING-RC-COSMETICOS-MARCA-MEXICANA--300x209.jpg 300w, https:\/\/matikali.com\/wp-content\/uploads\/2023\/01\/TARJETAS-DE-AGRADECIMIENTO-BRANDING-RC-COSMETICOS-MARCA-MEXICANA--768x534.jpg 768w\" data-sizes=\"(max-width: 900px) 100vw, 900px\" src=\"data:image\/svg+xml;base64,PHN2ZyB3aWR0aD0iMSIgaGVpZ2h0PSIxIiB4bWxucz0iaHR0cDovL3d3dy53My5vcmcvMjAwMC9zdmciPjwvc3ZnPg==\" style=\"--smush-placeholder-width: 900px; --smush-placeholder-aspect-ratio: 900\/626;\" \/>\t\t\t\t\t\t\t\t\t\t\t\t\t\t\t<\/div>\n\t\t\t\t<\/div>\n\t\t\t\t\t<\/div>\n\t\t<\/div>\n\t\t\t\t\t<\/div>\n\t\t<\/section>\n\t\t\t\t<section class=\"elementor-section elementor-top-section elementor-element elementor-element-bd95fe5 elementor-section-full_width elementor-section-height-default elementor-section-height-default\" data-id=\"bd95fe5\" data-element_type=\"section\" data-e-type=\"section\" data-settings=\"{&quot;_ha_eqh_enable&quot;:false}\">\n\t\t\t\t\t\t<div class=\"elementor-container elementor-column-gap-default\">\n\t\t\t\t\t<div class=\"elementor-column elementor-col-50 elementor-top-column elementor-element elementor-element-ff7a7be\" data-id=\"ff7a7be\" data-element_type=\"column\" data-e-type=\"column\">\n\t\t\t<div class=\"elementor-widget-wrap elementor-element-populated\">\n\t\t\t\t\t\t<div class=\"elementor-element elementor-element-6078cc4 elementor-widget elementor-widget-image\" data-id=\"6078cc4\" data-element_type=\"widget\" data-e-type=\"widget\" data-widget_type=\"image.default\">\n\t\t\t\t<div class=\"elementor-widget-container\">\n\t\t\t\t\t\t\t\t\t\t\t\t\t\t\t<img decoding=\"async\" width=\"900\" height=\"626\" data-src=\"https:\/\/matikali.com\/wp-content\/uploads\/2023\/01\/PACKAGING-BRANDING-RC-COSMETICOS-MARCA-MEXICANA-.jpg\" class=\"attachment-large size-large wp-image-7339 lazyload\" alt=\"\" data-srcset=\"https:\/\/matikali.com\/wp-content\/uploads\/2023\/01\/PACKAGING-BRANDING-RC-COSMETICOS-MARCA-MEXICANA-.jpg 900w, https:\/\/matikali.com\/wp-content\/uploads\/2023\/01\/PACKAGING-BRANDING-RC-COSMETICOS-MARCA-MEXICANA--300x209.jpg 300w, https:\/\/matikali.com\/wp-content\/uploads\/2023\/01\/PACKAGING-BRANDING-RC-COSMETICOS-MARCA-MEXICANA--768x534.jpg 768w\" data-sizes=\"(max-width: 900px) 100vw, 900px\" src=\"data:image\/svg+xml;base64,PHN2ZyB3aWR0aD0iMSIgaGVpZ2h0PSIxIiB4bWxucz0iaHR0cDovL3d3dy53My5vcmcvMjAwMC9zdmciPjwvc3ZnPg==\" style=\"--smush-placeholder-width: 900px; --smush-placeholder-aspect-ratio: 900\/626;\" \/>\t\t\t\t\t\t\t\t\t\t\t\t\t\t\t<\/div>\n\t\t\t\t<\/div>\n\t\t\t\t\t<\/div>\n\t\t<\/div>\n\t\t\t\t<div class=\"elementor-column elementor-col-50 elementor-top-column elementor-element elementor-element-b753f45\" data-id=\"b753f45\" data-element_type=\"column\" data-e-type=\"column\">\n\t\t\t<div class=\"elementor-widget-wrap elementor-element-populated\">\n\t\t\t\t\t\t<div class=\"elementor-element elementor-element-9240e28 elementor-widget elementor-widget-image\" data-id=\"9240e28\" data-element_type=\"widget\" data-e-type=\"widget\" data-widget_type=\"image.default\">\n\t\t\t\t<div class=\"elementor-widget-container\">\n\t\t\t\t\t\t\t\t\t\t\t\t\t\t\t<img decoding=\"async\" width=\"900\" height=\"626\" data-src=\"https:\/\/matikali.com\/wp-content\/uploads\/2023\/01\/BRANDING-RC-COSMETICOS-MARCA-MEXICANA-.jpg\" class=\"attachment-large size-large wp-image-7337 lazyload\" alt=\"\" data-srcset=\"https:\/\/matikali.com\/wp-content\/uploads\/2023\/01\/BRANDING-RC-COSMETICOS-MARCA-MEXICANA-.jpg 900w, https:\/\/matikali.com\/wp-content\/uploads\/2023\/01\/BRANDING-RC-COSMETICOS-MARCA-MEXICANA--300x209.jpg 300w, https:\/\/matikali.com\/wp-content\/uploads\/2023\/01\/BRANDING-RC-COSMETICOS-MARCA-MEXICANA--768x534.jpg 768w\" data-sizes=\"(max-width: 900px) 100vw, 900px\" src=\"data:image\/svg+xml;base64,PHN2ZyB3aWR0aD0iMSIgaGVpZ2h0PSIxIiB4bWxucz0iaHR0cDovL3d3dy53My5vcmcvMjAwMC9zdmciPjwvc3ZnPg==\" style=\"--smush-placeholder-width: 900px; --smush-placeholder-aspect-ratio: 900\/626;\" \/>\t\t\t\t\t\t\t\t\t\t\t\t\t\t\t<\/div>\n\t\t\t\t<\/div>\n\t\t\t\t\t<\/div>\n\t\t<\/div>\n\t\t\t\t\t<\/div>\n\t\t<\/section>\n\t\t\t\t<section class=\"elementor-section elementor-top-section elementor-element elementor-element-9157624 elementor-section-boxed elementor-section-height-default elementor-section-height-default\" data-id=\"9157624\" data-element_type=\"section\" data-e-type=\"section\" data-settings=\"{&quot;_ha_eqh_enable&quot;:false}\">\n\t\t\t\t\t\t<div class=\"elementor-container elementor-column-gap-default\">\n\t\t\t\t\t<div class=\"elementor-column elementor-col-100 elementor-top-column elementor-element elementor-element-b26d69a\" data-id=\"b26d69a\" data-element_type=\"column\" data-e-type=\"column\">\n\t\t\t<div class=\"elementor-widget-wrap elementor-element-populated\">\n\t\t\t\t\t\t<div class=\"elementor-element elementor-element-fb6ecbb elementor-align-center elementor-invisible elementor-widget elementor-widget-button\" data-id=\"fb6ecbb\" data-element_type=\"widget\" data-e-type=\"widget\" data-settings=\"{&quot;_animation&quot;:&quot;slideInRight&quot;}\" data-widget_type=\"button.default\">\n\t\t\t\t<div class=\"elementor-widget-container\">\n\t\t\t\t\t\t\t\t\t<div class=\"elementor-button-wrapper\">\n\t\t\t\t\t<a class=\"elementor-button elementor-button-link elementor-size-sm\" href=\"https:\/\/matikali.com\/portafolio-branding\/\">\n\t\t\t\t\t\t<span class=\"elementor-button-content-wrapper\">\n\t\t\t\t\t\t\t\t\t<span class=\"elementor-button-text\">Ver m\u00e1s proyectos \u27f6<\/span>\n\t\t\t\t\t<\/span>\n\t\t\t\t\t<\/a>\n\t\t\t\t<\/div>\n\t\t\t\t\t\t\t\t<\/div>\n\t\t\t\t<\/div>\n\t\t\t\t\t<\/div>\n\t\t<\/div>\n\t\t\t\t\t<\/div>\n\t\t<\/section>\n\t\t\t\t<\/div>\n\t\t","protected":false},"excerpt":{"rendered":"<p>RC COM\u00c9TICA Es una marca mexicana-espa\u00f1ola de bolsos de piel, hechos a mano y con los mejores procesos de calidad. Septiembre 2022 Ver m\u00e1s proyectos \u27f6<\/p>","protected":false},"author":1,"featured_media":7335,"parent":0,"menu_order":0,"comment_status":"closed","ping_status":"closed","template":"elementor_header_footer","meta":{"footnotes":""},"class_list":["post-7334","page","type-page","status-publish","has-post-thumbnail","hentry"],"blocksy_meta":{"styles_descriptor":{"styles":{"desktop":"","tablet":"","mobile":""},"google_fonts":[],"version":6}},"_links":{"self":[{"href":"https:\/\/matikali.com\/es\/wp-json\/wp\/v2\/pages\/7334","targetHints":{"allow":["GET"]}}],"collection":[{"href":"https:\/\/matikali.com\/es\/wp-json\/wp\/v2\/pages"}],"about":[{"href":"https:\/\/matikali.com\/es\/wp-json\/wp\/v2\/types\/page"}],"author":[{"embeddable":true,"href":"https:\/\/matikali.com\/es\/wp-json\/wp\/v2\/users\/1"}],"replies":[{"embeddable":true,"href":"https:\/\/matikali.com\/es\/wp-json\/wp\/v2\/comments?post=7334"}],"version-history":[{"count":0,"href":"https:\/\/matikali.com\/es\/wp-json\/wp\/v2\/pages\/7334\/revisions"}],"wp:featuredmedia":[{"embeddable":true,"href":"https:\/\/matikali.com\/es\/wp-json\/wp\/v2\/media\/7335"}],"wp:attachment":[{"href":"https:\/\/matikali.com\/es\/wp-json\/wp\/v2\/media?parent=7334"}],"curies":[{"name":"wp","href":"https:\/\/api.w.org\/{rel}","templated":true}]}}