{"id":7484,"date":"2023-03-01T00:33:29","date_gmt":"2023-03-01T00:33:29","guid":{"rendered":"https:\/\/matikali.com\/?page_id=7484"},"modified":"2026-03-14T09:19:30","modified_gmt":"2026-03-14T15:19:30","slug":"politica-de-envio-terminos-y-condiciones-de-uso","status":"publish","type":"page","link":"https:\/\/matikali.com\/es\/politica-de-envio-terminos-y-condiciones-de-uso\/","title":{"rendered":"Pol\u00edtica de Env\u00edos, T\u00e9rminos y Condiciones"},"content":{"rendered":"<h1 class=\"wp-block-heading\">Pol\u00edtica de Env\u00edos, T\u00e9rminos y Condiciones<\/h1>\n\n\n\n<p class=\"has-background\" style=\"background-color:#fffdf7\"><strong>POL\u00cdTICAS DE ENV\u00cdO<\/strong><\/p>\n\n\n\n<p class=\"has-background\" style=\"background-color:#fffdf7\">Todos los env\u00edos de MatiKali son digitales, una vez realizada la compra recibir\u00e1s tu producto digital en un lapso no mayor a 24 horas, <strong>regularmente se recibe de manera inmediata pero al ser un proceso automatizado en ocasiones puede ser m\u00e1s tiempo mientras la API de nuestra pasarela de pago acredita al 100% la transacci\u00f3n.<\/strong> Al ser un productos digitales no hay cambios ni devoluciones, si tienes cualquier duda escr\u00edbenos a <a href=\"mailto:info@matikali.com\"><strong>info@matikali.com<\/strong><\/a><\/p>\n\n\n\n<p><strong>CARGOS Y FACTURACI\u00d3N<\/strong><\/p>\n\n\n\n<p>En <a href=\"https:\/\/matikali.com\/es\/\">Matikali.com<\/a> utilizamos un certificado de seguridad SSL que protege tus datos, asi mismo nuestras pasaerlas de pago son seguras puesto que encriptan los datos sensibles, en esta web utilizamos Paypal, Stripe Y ConeKta para procesar las compra ventas.<\/p>\n\n\n\n<p><strong>PAGOS<\/strong><\/p>\n\n\n\n<p>Los costos mostrados en este sitio web est\u00e1n en pesos mexicanos (MXN) Si usted realiza una compra en este sitio web desde otro pa\u00eds, las pasarelas de pago har\u00e1n la conversi\u00f3n de divisas de manera autom\u00e1tica de acuerdo a los propios t\u00e9rminos y condiciones de cada pasarela de pago, el costo se muestra en MXN (pesos mexicanos) y el cobro se ver\u00e1 reflejado en la moneda local de cada usuario o bien la divisa del m\u00e9todo de pago que cada usuario agregue al sitio web cuando se realiza la compra. Al realizar un pago en nuestra web el usuario acepta que es su deseo adquirir el producto digital en cuesti\u00f3n por lo cual una vez realizada la transacci\u00f3n no hay cambios ni devoluciones de ning\u00fan tipo.<\/p>\n\n\n\n<p><strong>DEVOLUCIONES<\/strong><\/p>\n\n\n\n<p>Ya que todos nuestros productos son 100% digitales, no hay cambios ni devoluciones de ning\u00fan tipo.<\/p>\n\n\n\n<p><strong>USO DE COOKIES<\/strong><\/p>\n\n\n\n<p>Nuestra web utiliza cookies para mejorar tu expriencia de navegaci\u00f3n, NO recopilamos datos sensibes a trav\u00e9s de nuestras cookies. La cookies son recopiladas de manera autom\u00e1tica como parte del buen funcionamiento de distintos instrumentos que componen a este sitio web como lo son WordPress, WooCommerce y Elementor.<\/p>\n\n\n\n<p><strong>RIESGO DE USO<\/strong><\/p>\n\n\n\n<p>MatiKali no asumir\u00e1 responsabilidad alguna y no ser\u00e1 responsable por ning\u00fan da\u00f1o o virus que provoque alg\u00fan da\u00f1o a su computadora y\/o dispositivo u otra propiedad como consecuencia del acceso, uso, descarga o navegaci\u00f3n por LOS SERVICIOS.<\/p>\n\n\n\n<p><strong>VIGENCIA DE LOS CURSOS<\/strong><\/p>\n\n\n\n<p>El acceso a nuestros cursos es por tiempo indefinido mientras el curso permanezca activo en nuestra plataforma; esto no debe interpretarse como un acceso de por vida garantizado. MatiKali\u00ae se reserva el derecho de retirar o descontinuar cualquier curso cuando su contenido se vuelva obsoleto o deje de ser relevante, lo cual puede ocurrir en cualquier momento a criterio de MatiKali\u00ae, generalmente despu\u00e9s de 3-5 a\u00f1os de su publicaci\u00f3n.<\/p>\n\n\n\n<p>Cada edici\u00f3n del curso es un producto independiente. La compra de una edici\u00f3n espec\u00edfica (por ejemplo, edici\u00f3n 2021 o edici\u00f3n 2023) otorga acceso \u00fanicamente a esa edici\u00f3n y no incluye acceso a ediciones futuras, actualizaciones anuales ni versiones posteriores del curso. Si el usuario desea acceder a una edici\u00f3n m\u00e1s reciente, deber\u00e1 adquirirla por separado.<\/p>\n\n\n\n<p>Para nuestro curso estrella (UX, UI, SEO y Dise\u00f1o Web), ofrecemos actualizaciones anuales con el fin de mantener el contenido vigente y de calidad. Las ediciones anteriores permanecer\u00e1n disponibles mientras est\u00e9n activas, pero podr\u00e1n ser retiradas en cualquier momento sin previo aviso una vez que sean consideradas desactualizadas.<\/p>\n\n\n\n<p>Al adquirir cualquiera de nuestros cursos, el usuario acepta y comprende estas condiciones de vigencia.<br><\/p>\n\n\n\n<p><strong>LEY APLICABLE<\/strong><\/p>\n\n\n\n<p>Los T\u00c9RMINOS Y CONDICIONES DE USO de este sitio web se regir\u00e1n de conformidad con las leyes de la Ciudad de M\u00e9xico. Al hacer uso de este sitio web, el usuario acepta que cualquier demanda o controversia relacionada al servicio prestado por parte de MatiKali ser\u00e1 necesario presentarse en un tribunal con sede en la Ciudad de M\u00e9xico, por lo anterior al hacer uso de este sitio web el usuario acepta someterse a la exclusiva jurisdicci\u00f3n y competencia territorial de los tribunales de la Ciudad de M\u00e9xico y renunciar a cualquier objeci\u00f3n en cuanto a la jurisdicci\u00f3n, competencia territorial o tribunal inapropiado de tales tribunales.<\/p>\n\n\n\n<p>En la medida permitida por la ley, las disposiciones de estos T\u00c9RMINOS DE SERVICIO reemplazar\u00e1n a las disposiciones del C\u00f3digo de que adopte o aplique al Servicio en cualquier jurisdicci\u00f3n competente. Cualquier arbitraje bajo estos T\u00c9RMINOS Y CONDICIONES DE USO ser\u00e1 entre el usuario en cuesti\u00f3n y MatiKali, en la medida en que lo permita la legislaci\u00f3n aplicable, y salvo lo dispuesto expresamente a continuaci\u00f3n, el usuario en cuesti\u00f3n y MatiKali renuncian expresamente a cualquier derecho a resolver las disputas sobre una base colectiva.<\/p>\n\n\n\n<p>Si un tribunal de jurisdicci\u00f3n competente determinara que una parte de estos T\u00c9RMINOS Y CONDICIONES es inv\u00e1lida o inexigible, el resto de estos T\u00c9RMINOS Y CONDICIONES se interpretar\u00e1 de modo que refleje razonablemente la intenci\u00f3n de las partes.<\/p>","protected":false},"excerpt":{"rendered":"<p>Pol\u00edtica de Env\u00edos, T\u00e9rminos y Condiciones POL\u00cdTICAS DE ENV\u00cdO Todos los env\u00edos de MatiKali son digitales, una vez realizada la compra recibir\u00e1s tu producto digital en un lapso no mayor a 24 horas, regularmente se recibe de manera inmediata pero al ser un proceso automatizado en ocasiones puede ser m\u00e1s tiempo mientras la API de [&hellip;]<\/p>\n","protected":false},"author":1,"featured_media":0,"parent":0,"menu_order":0,"comment_status":"closed","ping_status":"closed","template":"","meta":{"footnotes":""},"class_list":["post-7484","page","type-page","status-publish","hentry"],"blocksy_meta":[],"_links":{"self":[{"href":"https:\/\/matikali.com\/es\/wp-json\/wp\/v2\/pages\/7484","targetHints":{"allow":["GET"]}}],"collection":[{"href":"https:\/\/matikali.com\/es\/wp-json\/wp\/v2\/pages"}],"about":[{"href":"https:\/\/matikali.com\/es\/wp-json\/wp\/v2\/types\/page"}],"author":[{"embeddable":true,"href":"https:\/\/matikali.com\/es\/wp-json\/wp\/v2\/users\/1"}],"replies":[{"embeddable":true,"href":"https:\/\/matikali.com\/es\/wp-json\/wp\/v2\/comments?post=7484"}],"version-history":[{"count":7,"href":"https:\/\/matikali.com\/es\/wp-json\/wp\/v2\/pages\/7484\/revisions"}],"predecessor-version":[{"id":13659,"href":"https:\/\/matikali.com\/es\/wp-json\/wp\/v2\/pages\/7484\/revisions\/13659"}],"wp:attachment":[{"href":"https:\/\/matikali.com\/es\/wp-json\/wp\/v2\/media?parent=7484"}],"curies":[{"name":"wp","href":"https:\/\/api.w.org\/{rel}","templated":true}]}}