{"id":7489,"date":"2023-03-01T00:51:21","date_gmt":"2023-03-01T00:51:21","guid":{"rendered":"https:\/\/matikali.com\/?page_id=7489"},"modified":"2023-03-01T00:51:25","modified_gmt":"2023-03-01T00:51:25","slug":"aviso-de-privacidad","status":"publish","type":"page","link":"https:\/\/matikali.com\/es\/aviso-de-privacidad\/","title":{"rendered":"Aviso de Privacidad"},"content":{"rendered":"<h1 class=\"has-palette-color-6-color has-text-color wp-block-heading\">AVISO DE PRIVACIDAD<\/h1>\n\n\n\n<p>De conformidad a lo establecido en la Ley Federal de Protecci\u00f3n de Datos Personales en Posesi\u00f3n de Particulares, se pone a disposici\u00f3n el siguiente:<\/p>\n\n\n\n<p><strong>AVISO DE PRIVACIDAD<\/strong><\/p>\n\n\n\n<p>MATIKALI<strong>\u00ae<\/strong> ESTUDIO CREATIVO<\/p>\n\n\n\n<p>Tonatzin Ram\u00edrez, en lo sucesivo MatiKali<strong>\u00ae<\/strong>, con domicilio en Manuel Salazar 258, Azcapotzalco, Ciudad de M\u00e9xico, es la responsable del uso, resguardo y protecci\u00f3n de sus datos personales.<\/p>\n\n\n\n<p>Se entienden como datos personales a toda informaci\u00f3n que concierna a una persona, ya sea \u00e9sta f\u00edsica o moral, identificada o identificable.<\/p>\n\n\n\n<p>MatiKali<strong>\u00ae<\/strong> no recaba datos personales sensibles.<\/p>\n\n\n\n<p><strong>Datos Personales Recabados<\/strong><\/p>\n\n\n\n<p>MatiKali<strong>\u00ae<\/strong> ser\u00e1 responsable dentro de los t\u00e9rminos estipulados en la Ley Federal de Protecci\u00f3n de Datos Personales en Posesi\u00f3n de Particulares, as\u00ed como en su Reglamento, por lo que deber\u00e1 proteger la confidencialidad de los datos personales que recaba: Nombre completo, domicilio, edad, &nbsp;Registro Federal de Contribuyentes, correo electr\u00f3nico, tel\u00e9fono de contacto, informaci\u00f3n de formas de pago (tarjetas de d\u00e9bito y\/o cr\u00e9dito) los cuales usted de manera personal proporciona.<\/p>\n\n\n\n<p>Dichos datos se obtienen de manera directa, virtual o cualquier otro medio que la Ley permita; entrega de documentos y\/o solicitudes de forma electr\u00f3nica, tales como correo electr\u00f3nico, mensajer\u00eda instant\u00e1nea, pagina web, redes sociales, entre otros; formularios llenados de manera voluntaria por medios digitales; mediante la transferencia de terceros en los t\u00e9rminos que establece la Ley Federal de Protecci\u00f3n de Datos Personales en Posesi\u00f3n de Particulares, as\u00ed como en su Reglamento.<\/p>\n\n\n\n<p>MatiKali<strong>\u00ae<\/strong> recaba dichos datos de buena fe, de modo que se presume que \u00e9stos son ver\u00eddicos y completos y por ende identifican fehacientemente al cliente, por lo que es responsabilidad de usted que los datos que proporcione a MatiKali<strong>\u00ae<\/strong> cumplan con dichas caracter\u00edsticas y sean actualizados en la medida que as\u00ed sea necesario.<\/p>\n\n\n\n<p><strong>Tratamiento de los Datos<\/strong><\/p>\n\n\n\n<p>El tratamiento de los datos personales por parte de MatiKali<strong>\u00ae<\/strong> se limitar\u00e1 exclusivamente a dar cumplimiento de las finalidades de tratamiento previstas en este Aviso de Privacidad.<\/p>\n\n\n\n<p>Para cualquier asunto concerniente con el tratamiento de sus datos personales, favor de ponerse en contacto con nosotros a trav\u00e9s del correo electr\u00f3nico<\/p>\n\n\n\n<p><a href=\"mailto:info@matikali.com\">info@matikali.com<\/a><\/p>\n\n\n\n<p><strong>Finalidades del Tratamiento de los Datos<\/strong><\/p>\n\n\n\n<p>Los datos personales que recaba MatiKali<strong>\u00ae<\/strong> son necesarios y se utilizan para cumplir con la relaci\u00f3n jur\u00eddica presente o futura. Las finalidades son las siguientes:<\/p>\n\n\n\n<ol class=\"wp-block-list\">\n<li>Fines comerciales<\/li>\n<\/ol>\n\n\n\n<ul class=\"wp-block-list\">\n<li>Proveer el bien contratado, relativo a la compra de productos y\/o servicios de Dise\u00f1o por medio de nuestra p\u00e1gina web.<\/li>\n\n\n\n<li>Dar seguimiento a la relaci\u00f3n comercial, as\u00ed como a posibles problemas que pudiesen presentarse al momento de la compra, env\u00edo o entrega de nuestros productos.<\/li>\n\n\n\n<li>Atender dudas o comentarios relacionados a nuestros productos y\/o servicios<\/li>\n<\/ul>\n\n\n\n<p>De igual forma, sus datos pueden ser utilizados para las finalidades que a continuaci\u00f3n se describen, pudiendo manifestar su oposici\u00f3n al tratamiento de los mismos para dichas finalidades en un plazo no mayor a siete d\u00edas naturales al correo electr\u00f3nico&nbsp;<a href=\"mailto:info@matikali.com\">info@matikali.com<\/a>, sin que lo anterior sea motivo para que MatiKali<strong>\u00ae<\/strong> le niegue la adquisici\u00f3n de nuestros productos:<\/p>\n\n\n\n<ul class=\"wp-block-list\">\n<li>Darle a conocer informaci\u00f3n adicional de nuestros productos a trav\u00e9s de campa\u00f1as publicitarias o v\u00eda correo electr\u00f3nico.<\/li>\n\n\n\n<li>Darle a conocer nuestras promociones, ofertas especiales y eventos a trav\u00e9s de campa\u00f1as publicitarias o v\u00eda correo electr\u00f3nico.<\/li>\n\n\n\n<li>Recepci\u00f3n de marketing directo.<\/li>\n\n\n\n<li>Atender requerimientos legales de autoridades competentes.<\/li>\n<\/ul>\n\n\n\n<ol class=\"wp-block-list\">\n<li>Fines fiscales:<\/li>\n<\/ol>\n\n\n\n<ul class=\"wp-block-list\">\n<li>Llevar a cabo la emisi\u00f3n de comprobantes fiscales a sus clientes, proveedores, distribuidores y afiliados, que correspondan a la relaci\u00f3n comercial con los mismos, esto con el fin de dar cumplimiento a las obligaciones fiscales.<\/li>\n<\/ul>\n\n\n\n<p><strong>Uso, Limitaci\u00f3n y Divulgaci\u00f3n<\/strong><\/p>\n\n\n\n<p>Los datos personales son tratados bajo normas de confidencialidad, siendo que Usted como titular de los mismos tiene derecho a la limitaci\u00f3n de uso y divulgaci\u00f3n, as\u00ed como revocar a su consentimiento.<\/p>\n\n\n\n<p><strong>Derechos ARCO (Acceso, Rectificaci\u00f3n, Cancelaci\u00f3n, Oposici\u00f3n)<\/strong><\/p>\n\n\n\n<p>Usted tiene derecho de acceder a los datos personales que poseemos y de los cuales es titular, as\u00ed como rectificarlos en caso de ser inexactos o incompletos, cancelarlos cuando considere que no se requieren para alguna de las finalidades se\u00f1aladas en el presente aviso de privacidad y oponerse al tratamiento. Podr\u00e1 hacer v\u00e1lido cualquiera de estos derechos por medio de una solicitud por escrito dirigida a Tonatzin Ram\u00edrez, la cual deber\u00e1 contener:<\/p>\n\n\n\n<ul class=\"wp-block-list\">\n<li>Nombre del titular, domicilio y correo electr\u00f3nico para notificarle la correspondiente resoluci\u00f3n.<\/li>\n\n\n\n<li>Descripci\u00f3n clara y precisa de los datos personales respecto de los que se busca ejercer alguno de los derechos mencionados anteriormente.<\/li>\n\n\n\n<li>En caso de rectificaci\u00f3n, deber\u00e1 indicar las modificaciones de deber\u00e1n realizarse y aportar la documentaci\u00f3n necesaria para sustentar su petici\u00f3n.<\/li>\n\n\n\n<li>Deber\u00e1 adjuntar a su escrito de solicitud los documentos suficientes con los cuales acredite su personalidad.<\/li>\n<\/ul>\n\n\n\n<p>MatiKali<strong>\u00ae<\/strong> har\u00e1 del conocimiento del titular por medio del correo electr\u00f3nico proporcionado por \u00e9ste, la resoluci\u00f3n correspondiente en un t\u00e9rmino de quince d\u00edas h\u00e1biles posteriores al d\u00eda siguiente en el cual recabemos la solicitud.<\/p>\n\n\n\n<p>Usted podr\u00e1 presentar ante el Instituto Nacional de Transparencia, Acceso a la Informaci\u00f3n y Protecci\u00f3n de Datos Personales, una solicitud de protecci\u00f3n de datos por la resoluci\u00f3n recibida o por la falta de respuesta por parte de MatiKali<strong>\u00ae<\/strong>. Esta solicitud deber\u00e1 presentarla el titular en un plazo que no exceda los 15 quince d\u00edas h\u00e1biles siguientes a la fecha en la cual se le notifique la resoluci\u00f3n.<\/p>\n\n\n\n<p>En lo relativo a las solicitudes de acceso a datos personales, el solicitante deber\u00e1 acreditar previamente su identidad o personalidad en caso de ser representante legal. MatiKali<strong>\u00ae<\/strong>cumplir\u00e1 con la obligaci\u00f3n de acceso a los datos personales una vez que ponga a disposici\u00f3n del titular los mismos mediante documentos electr\u00f3nicos.<\/p>\n\n\n\n<p>La resoluci\u00f3n de cualquier solicitud para hacer valer alg\u00fan derecho ARCO ser\u00e1 totalmente gratuita, en caso de que el titular requiera se env\u00eden por servicio postal, o solicite la reproducci\u00f3n de copias u otros formatos los gastos que se eroguen correr\u00e1n a cuenta del solicitante.<\/p>\n\n\n\n<p><strong>Transferencia de los Datos<\/strong><\/p>\n\n\n\n<p>MatiKali<strong>\u00ae<\/strong>&nbsp;podr\u00e1 realizar la transferencia de sus datos personales a distribuidores autorizados y\/o terceros proveedores de servicios con quienes tenga relaci\u00f3n jur\u00eddica, as\u00ed como a Terceros Nacionales o Extranjeros, lo anterior para dar cumplimiento con alguna de las finalidades antes enunciadas. Los terceros y receptores de datos personales, tienen las mismas obligaciones y\/o responsabilidades de&nbsp;MatiKali<strong>\u00ae<\/strong>&nbsp;de conformidad a lo establecido en el presente aviso de privacidad.<\/p>\n\n\n\n<p>Lo anterior tiene como finalidad facilitar el cumplimiento del tratamiento de los datos, tales como: atenci\u00f3n al cliente, evaluaciones del proceso de compra, entre otros.<\/p>\n\n\n\n<p>Si usted desea oponerse a que sus datos personales sean transferidos a terceros, deber\u00e1 manifestarlo por escrito al correo&nbsp;<a href=\"mailto:info@matikali.com\">info@matikali.com<\/a> sin que lo anterior sea motivo para que MatiKali<strong>\u00ae<\/strong> le niegue la adquisici\u00f3n de nuestros productos.<\/p>\n\n\n\n<p>Le informamos que en los supuestos que a continuaci\u00f3n se enunciaran, MatiKali<strong>\u00ae<\/strong> podr\u00e1 transferir sus datos personales sin su previo consentimiento, de conformidad con lo establecido en la Ley Federal de Protecci\u00f3n de Datos Personales en Posesi\u00f3n de Particulares y su Reglamento:<\/p>\n\n\n\n<ul class=\"wp-block-list\">\n<li>Cuando la transferencia est\u00e9 prevista en una Ley o Tratado en los que M\u00e9xico sea parte.<\/li>\n\n\n\n<li>Cuando la transferencia sea necesaria para la prevenci\u00f3n o el diagn\u00f3stico m\u00e9dico, la prestaci\u00f3n de asistencia sanitaria, tratamiento m\u00e9dico o la gesti\u00f3n de servicios sanitarios.<\/li>\n\n\n\n<li>Cuando la transferencia sea necesaria por virtud de un contrato celebrado o por celebrar en inter\u00e9s del titular, por el responsable y un tercero.<\/li>\n\n\n\n<li>Cuando la transferencia sea necesaria o legalmente exigida para la salvaguarda de un inter\u00e9s p\u00fablico, o para la procuraci\u00f3n o administraci\u00f3n de justicia.<\/li>\n\n\n\n<li>Cuando la transferencia sea precisa para el mantenimiento o cumplimiento de una relaci\u00f3n jur\u00eddica entre el responsable y el titular.<\/li>\n<\/ul>\n\n\n\n<p><strong>Aceptaci\u00f3n y Revocaci\u00f3n del Consentimiento:<\/strong><\/p>\n\n\n\n<p>Al no manifestar su oposici\u00f3n para el tratamiento y\/o transferencia de sus datos personales conforme a las finalidades establecidas, se entender\u00e1 que ha otorgado t\u00e1citamente su consentimiento para ello. As\u00ed mismo, se le informa que en cualquier momento usted podr\u00e1 revocar el consentimiento otorgado en el presente aviso, para lo cual deber\u00e1 enviar una solicitud por escrito al correo <a href=\"mailto:info@matikali.com\">info@matikali.com<\/a><\/p>\n\n\n\n<p><strong>Cambios al Aviso de Privacidad<\/strong><\/p>\n\n\n\n<p>El presente aviso de privacidad podr\u00e1 ser modificado en cualquier momento por&nbsp;MatiKali<strong>\u00ae<\/strong>, siendo que dichas modificaciones ser\u00e1n puestas a disposici\u00f3n a trav\u00e9s de nuestra p\u00e1gina de internet <a href=\"mailto:info@matikali.com\">info@matikali.com<\/a><\/p>\n\n\n\n<p>Cualquier duda respecto al presente Aviso de Privacidad, favor de hac\u00e9rnosla saber al correo electr\u00f3nico:<\/p>\n\n\n\n<p><a href=\"mailto:info@matikali.com\">info@matikali.com<\/a><\/p>","protected":false},"excerpt":{"rendered":"<p>AVISO DE PRIVACIDAD De conformidad a lo establecido en la Ley Federal de Protecci\u00f3n de Datos Personales en Posesi\u00f3n de Particulares, se pone a disposici\u00f3n el siguiente: AVISO DE PRIVACIDAD MATIKALI\u00ae ESTUDIO CREATIVO Tonatzin Ram\u00edrez, en lo sucesivo MatiKali\u00ae, con domicilio en Manuel Salazar 258, Azcapotzalco, Ciudad de M\u00e9xico, es la responsable del uso, resguardo [&hellip;]<\/p>\n","protected":false},"author":1,"featured_media":0,"parent":0,"menu_order":0,"comment_status":"closed","ping_status":"closed","template":"","meta":{"footnotes":""},"class_list":["post-7489","page","type-page","status-publish","hentry"],"blocksy_meta":[],"_links":{"self":[{"href":"https:\/\/matikali.com\/es\/wp-json\/wp\/v2\/pages\/7489","targetHints":{"allow":["GET"]}}],"collection":[{"href":"https:\/\/matikali.com\/es\/wp-json\/wp\/v2\/pages"}],"about":[{"href":"https:\/\/matikali.com\/es\/wp-json\/wp\/v2\/types\/page"}],"author":[{"embeddable":true,"href":"https:\/\/matikali.com\/es\/wp-json\/wp\/v2\/users\/1"}],"replies":[{"embeddable":true,"href":"https:\/\/matikali.com\/es\/wp-json\/wp\/v2\/comments?post=7489"}],"version-history":[{"count":0,"href":"https:\/\/matikali.com\/es\/wp-json\/wp\/v2\/pages\/7489\/revisions"}],"wp:attachment":[{"href":"https:\/\/matikali.com\/es\/wp-json\/wp\/v2\/media?parent=7489"}],"curies":[{"name":"wp","href":"https:\/\/api.w.org\/{rel}","templated":true}]}}