{"id":11205,"date":"2024-07-25T23:05:37","date_gmt":"2024-07-26T05:05:37","guid":{"rendered":"https:\/\/matikali.com\/?post_type=product&#038;p=11205"},"modified":"2024-07-25T23:08:34","modified_gmt":"2024-07-26T05:08:34","slug":"shopify-diseno-web","status":"publish","type":"product","link":"https:\/\/matikali.com\/es\/product\/shopify-diseno-web\/","title":{"rendered":"Curso Shopify"},"content":{"rendered":"","protected":false},"excerpt":{"rendered":"<p>Un curso de 4 clases para que puedas conocer m\u00e1s sobre como agregar elementos personalizados m\u00e1s din\u00e1micos, mejorando el dise\u00f1o de tu web en Shopify,<\/p>\n<h2>TEMARIO<\/h2>\n<p>Clase 1: \u00bfQu\u00e9 es un CMS?<\/p>\n<p>Clase 2: Introducci\u00f3n a Shopify<\/p>\n<p>Clase 3: Shopify CSS y Liquid personalizado.<\/p>\n<p>Clase 4: Shopify Animaciones en SVG.<\/p>","protected":false},"featured_media":8346,"template":"","meta":{"wds_primary_product_brand":0,"wds_primary_product_cat":0},"product_brand":[],"product_cat":[16],"product_tag":[],"class_list":{"0":"post-11205","1":"product","2":"type-product","3":"status-publish","4":"has-post-thumbnail","6":"product_cat-16","8":"first","9":"instock","10":"virtual","11":"sold-individually","12":"purchasable","13":"product-type-course"},"_links":{"self":[{"href":"https:\/\/matikali.com\/es\/wp-json\/wp\/v2\/product\/11205","targetHints":{"allow":["GET"]}}],"collection":[{"href":"https:\/\/matikali.com\/es\/wp-json\/wp\/v2\/product"}],"about":[{"href":"https:\/\/matikali.com\/es\/wp-json\/wp\/v2\/types\/product"}],"wp:featuredmedia":[{"embeddable":true,"href":"https:\/\/matikali.com\/es\/wp-json\/wp\/v2\/media\/8346"}],"wp:attachment":[{"href":"https:\/\/matikali.com\/es\/wp-json\/wp\/v2\/media?parent=11205"}],"wp:term":[{"taxonomy":"product_brand","embeddable":true,"href":"https:\/\/matikali.com\/es\/wp-json\/wp\/v2\/product_brand?post=11205"},{"taxonomy":"product_cat","embeddable":true,"href":"https:\/\/matikali.com\/es\/wp-json\/wp\/v2\/product_cat?post=11205"},{"taxonomy":"product_tag","embeddable":true,"href":"https:\/\/matikali.com\/es\/wp-json\/wp\/v2\/product_tag?post=11205"}],"curies":[{"name":"wp","href":"https:\/\/api.w.org\/{rel}","templated":true}]}}