{"id":11239,"date":"2024-08-01T02:01:27","date_gmt":"2024-08-01T08:01:27","guid":{"rendered":"https:\/\/matikali.com\/?post_type=product&#038;p=11239"},"modified":"2024-08-05T13:30:22","modified_gmt":"2024-08-05T19:30:22","slug":"matikali-templates-diseno-product-info","status":"publish","type":"product","link":"https:\/\/matikali.com\/es\/product\/matikali-templates-diseno-product-info\/","title":{"rendered":"MatiKali Templates Dise\u00f1o &#8216;PRODUCT INFO&#8217;"},"content":{"rendered":"<p>Este template est\u00e1 pensado para que muestres productos que son bajo pedido y no requieren por el momento funcionalidades de ecommerce.<\/p>\n<p>Hemos creado 4 opciones de \u00a0plantillas de paginas web <em>One Page<\/em> para que elijas el template que m\u00e1s se adapte a lo que est\u00e1s buscando.<\/p>\n<p>Aprox. $170 USD hasta el 30 de agosto 2024<\/p>","protected":false},"excerpt":{"rendered":"<p><a href=\"https:\/\/matikali.com\/es\/preview\/template-product-info\/\"><strong>VER TEMPLATE AQU\u00cd<\/strong><\/a><\/p>\n<p>\u00bfQu\u00e9 incluye?<\/p>\n<p>El template que elijas, una gu\u00eda sobre qu\u00e9 tipo de contenido requerimos para modificar el template por tu informaci\u00f3n, la instalaci\u00f3n del mismo dentro de tu hosting, nos encargaremos de optimizar el contenido que nos proporciones para que el rendimiento (velocidad de carga) no se vea afectado y un tutorial de uso.<\/p>\n<p><strong>Los costos se muestran en pesos mexicanos y su equivalente en d\u00f3lares (Aprox $170 USD)<\/strong>, puedes adquirir los templates desde cualquier pa\u00eds, nuestra pasarela de pago har\u00e1 la conversi\u00f3n de manera autom\u00e1tica a tu moneda. Todas las im\u00e1genes son de STOCK, provenientes de <a href=\"https:\/\/kaboompics.com\/\">Kaboompics<\/a>\u00a0&amp;\u00a0<a href=\"https:\/\/www.pexels.com\/\">Pexels<\/a>, fungen \u00fanicamente como place holder las im\u00e1genes NO se consideran en el costo del template.<\/p>","protected":false},"featured_media":11256,"template":"","meta":{"wds_primary_product_brand":0,"wds_primary_product_cat":0},"product_brand":[],"product_cat":[16,153],"product_tag":[],"class_list":{"0":"post-11239","1":"product","2":"type-product","3":"status-publish","4":"has-post-thumbnail","6":"product_cat-16","7":"product_cat-web-templates","9":"first","10":"instock","11":"sale","12":"virtual","13":"purchasable","14":"product-type-simple"},"_links":{"self":[{"href":"https:\/\/matikali.com\/es\/wp-json\/wp\/v2\/product\/11239","targetHints":{"allow":["GET"]}}],"collection":[{"href":"https:\/\/matikali.com\/es\/wp-json\/wp\/v2\/product"}],"about":[{"href":"https:\/\/matikali.com\/es\/wp-json\/wp\/v2\/types\/product"}],"wp:featuredmedia":[{"embeddable":true,"href":"https:\/\/matikali.com\/es\/wp-json\/wp\/v2\/media\/11256"}],"wp:attachment":[{"href":"https:\/\/matikali.com\/es\/wp-json\/wp\/v2\/media?parent=11239"}],"wp:term":[{"taxonomy":"product_brand","embeddable":true,"href":"https:\/\/matikali.com\/es\/wp-json\/wp\/v2\/product_brand?post=11239"},{"taxonomy":"product_cat","embeddable":true,"href":"https:\/\/matikali.com\/es\/wp-json\/wp\/v2\/product_cat?post=11239"},{"taxonomy":"product_tag","embeddable":true,"href":"https:\/\/matikali.com\/es\/wp-json\/wp\/v2\/product_tag?post=11239"}],"curies":[{"name":"wp","href":"https:\/\/api.w.org\/{rel}","templated":true}]}}