{"id":11387,"date":"2024-08-05T11:02:53","date_gmt":"2024-08-05T17:02:53","guid":{"rendered":"https:\/\/matikali.com\/?post_type=product&#038;p=11387"},"modified":"2024-08-05T13:30:06","modified_gmt":"2024-08-05T19:30:06","slug":"matikali-templates-diseno-versatile","status":"publish","type":"product","link":"https:\/\/matikali.com\/es\/product\/matikali-templates-diseno-versatile\/","title":{"rendered":"MatiKali Templates Dise\u00f1o &#8216;VERSATILE&#8217;"},"content":{"rendered":"<p>Este template est\u00e1 pensado para ser vers\u00e1til y adaptarse a distintas categor\u00edas de negocio que quieran mostrar sus servicios con una est\u00e9tica minimalista y classy.<\/p>\n<p>Hemos creado 4 opciones de \u00a0plantillas de paginas web <em>One Page<\/em> para que elijas el template que m\u00e1s se adapte a lo que est\u00e1s buscando.<\/p>","protected":false},"excerpt":{"rendered":"<p><a href=\"https:\/\/matikali.com\/es\/preview\/versatile\/\"><strong>VER TEMPLATE AQU\u00cd<\/strong><\/a><\/p>\n<p>\u00bfQu\u00e9 incluye?<\/p>\n<p>El template que elijas, una gu\u00eda sobre qu\u00e9 tipo de contenido requerimos para modificar el template por tu informaci\u00f3n, la instalaci\u00f3n del mismo dentro de tu hosting, nos encargaremos de optimizar el contenido que nos proporciones para que el rendimiento (velocidad de carga) no se vea afectado y un tutorial de uso.<\/p>\n<p><strong>Los costos se muestran en pesos mexicanos y su equivalente en d\u00f3lares (Aprox $170 USD)<\/strong>, puedes adquirir los templates desde cualquier pa\u00eds, nuestra pasarela de pago har\u00e1 la conversi\u00f3n de manera autom\u00e1tica a tu moneda. Todas las im\u00e1genes son de STOCK, provenientes de <a href=\"https:\/\/kaboompics.com\/\">Kaboompics<\/a>\u00a0&amp;\u00a0<a href=\"https:\/\/www.pexels.com\/\">Pexels<\/a>, fungen \u00fanicamente como place holder las im\u00e1genes NO se consideran en el costo del template.<\/p>","protected":false},"featured_media":11388,"template":"","meta":{"wds_primary_product_brand":0,"wds_primary_product_cat":0},"product_brand":[],"product_cat":[16,153],"product_tag":[],"class_list":{"0":"post-11387","1":"product","2":"type-product","3":"status-publish","4":"has-post-thumbnail","6":"product_cat-16","7":"product_cat-web-templates","9":"first","10":"instock","11":"sale","12":"virtual","13":"purchasable","14":"product-type-simple"},"_links":{"self":[{"href":"https:\/\/matikali.com\/es\/wp-json\/wp\/v2\/product\/11387","targetHints":{"allow":["GET"]}}],"collection":[{"href":"https:\/\/matikali.com\/es\/wp-json\/wp\/v2\/product"}],"about":[{"href":"https:\/\/matikali.com\/es\/wp-json\/wp\/v2\/types\/product"}],"wp:featuredmedia":[{"embeddable":true,"href":"https:\/\/matikali.com\/es\/wp-json\/wp\/v2\/media\/11388"}],"wp:attachment":[{"href":"https:\/\/matikali.com\/es\/wp-json\/wp\/v2\/media?parent=11387"}],"wp:term":[{"taxonomy":"product_brand","embeddable":true,"href":"https:\/\/matikali.com\/es\/wp-json\/wp\/v2\/product_brand?post=11387"},{"taxonomy":"product_cat","embeddable":true,"href":"https:\/\/matikali.com\/es\/wp-json\/wp\/v2\/product_cat?post=11387"},{"taxonomy":"product_tag","embeddable":true,"href":"https:\/\/matikali.com\/es\/wp-json\/wp\/v2\/product_tag?post=11387"}],"curies":[{"name":"wp","href":"https:\/\/api.w.org\/{rel}","templated":true}]}}