{"id":3753,"date":"2022-03-30T01:12:27","date_gmt":"2022-03-30T01:12:27","guid":{"rendered":"https:\/\/matikali.com\/?post_type=product&#038;p=3753"},"modified":"2024-12-20T11:09:43","modified_gmt":"2024-12-20T17:09:43","slug":"manual-de-identidad-grafica-brandbook","status":"publish","type":"product","link":"https:\/\/matikali.com\/es\/product\/manual-de-identidad-grafica-brandbook\/","title":{"rendered":"Manual de identidad gr\u00e1fica [Brandbook]"},"content":{"rendered":"<p>Somos Tona y Ren\u00e9, una pareja de dise\u00f1adores gr\u00e1ficos especializados en Branding y Dise\u00f1o web (UX &amp; UI), tenemos m\u00e1s de 6 a\u00f1os de experiencia, hemos tenido la oportunidad de colaborar en proyectos de grandes marcas como Coca-Cola, Ades, HSBC, Larousse, UTEL, Universidad An\u00e1huac, Audi Costa Rica, la UNAM y muchos m\u00e1s, por lo que te podemos asegurar que los lineamientos que contemplamos en nuestro template de brandbook est\u00e1n a la altura de las grandes ligas y te van a ayudar much\u00edsimo a profesionalizar tus entregas de Branding.<\/p>\n<p><em><strong>Notas:\u00a0<\/strong><\/em><\/p>\n<p>Las im\u00e1genes utilizadas tienen la finalidad de fungir como &#8220;Place holder&#8221;<\/p>\n<p>MatiKali \u00ae es una marca registrada y queda estrictamente prohibido revender este documento aun cuando se le hicieran &#8220;modificaciones&#8221;<\/p>\n<p>No hay cambios ni devoluciones.<\/p>","protected":false},"excerpt":{"rendered":"<p>Profesionaliza tus entregas de Branding con nuestro template de Manual de Identidad Gr\u00e1fica.<\/p>\n<p>Este template adem\u00e1s de ayudarte a ahorrar un mont\u00f3n de tiempo, te permitir\u00e1 mejorar y profesionalizar tus entregas con clientes, sabemos que has desarrollado un concepto incre\u00edble \u00a1Pres\u00e9ntalo de la mejor manera!<\/p>\n<p>INCLUYE:<\/p>\n<ul>\n<li>Editable de Illustrator en formato AI y PDF<\/li>\n<li>26 P\u00e1ginas con textos pre escritos para que te sea mucho m\u00e1s f\u00e1cil aterriza tus ideas<\/li>\n<li>Gu\u00eda sobre como editarlo y consejos para lograr resultados S\u00daPER PRO<\/li>\n<li>Brandboard template de regalo <span class=\"emoji\">\u2728<\/span><\/li>\n<\/ul>\n<p><strong>Algunos de los lineamientos de marca que consideramos en nuestro template son: <\/strong><\/p>\n<p>Ret\u00edcula compositiva, Usos correctos e incorrectos, variantes del logo, patterns, paleta de color, tipograf\u00edas, keywords de marca y m\u00e1s&#8230;<\/p>\n<p>Al momento de la compra recibir\u00e1s un mail de confirmaci\u00f3n, con las instrucciones para descargar el ZIP y un c\u00f3digo de descuento por si quieres agendar una asesor\u00eda con nosotros.<\/p>\n<p>\u00a1Gracias! \ud83d\udcab <span class=\"emoji\">\ud83d\ude80<\/span><\/p>","protected":false},"featured_media":3754,"template":"","meta":{"wds_primary_product_brand":0,"wds_primary_product_cat":0},"product_brand":[],"product_cat":[51],"product_tag":[],"class_list":{"0":"post-3753","1":"product","2":"type-product","3":"status-publish","4":"has-post-thumbnail","6":"product_cat-recursos-para-creativos","8":"first","9":"instock","10":"downloadable","11":"virtual","12":"purchasable","13":"product-type-simple"},"_links":{"self":[{"href":"https:\/\/matikali.com\/es\/wp-json\/wp\/v2\/product\/3753","targetHints":{"allow":["GET"]}}],"collection":[{"href":"https:\/\/matikali.com\/es\/wp-json\/wp\/v2\/product"}],"about":[{"href":"https:\/\/matikali.com\/es\/wp-json\/wp\/v2\/types\/product"}],"wp:featuredmedia":[{"embeddable":true,"href":"https:\/\/matikali.com\/es\/wp-json\/wp\/v2\/media\/3754"}],"wp:attachment":[{"href":"https:\/\/matikali.com\/es\/wp-json\/wp\/v2\/media?parent=3753"}],"wp:term":[{"taxonomy":"product_brand","embeddable":true,"href":"https:\/\/matikali.com\/es\/wp-json\/wp\/v2\/product_brand?post=3753"},{"taxonomy":"product_cat","embeddable":true,"href":"https:\/\/matikali.com\/es\/wp-json\/wp\/v2\/product_cat?post=3753"},{"taxonomy":"product_tag","embeddable":true,"href":"https:\/\/matikali.com\/es\/wp-json\/wp\/v2\/product_tag?post=3753"}],"curies":[{"name":"wp","href":"https:\/\/api.w.org\/{rel}","templated":true}]}}