{"id":3759,"date":"2022-03-30T01:25:37","date_gmt":"2022-03-30T01:25:37","guid":{"rendered":"https:\/\/matikali.com\/?post_type=product&#038;p=3759"},"modified":"2024-12-20T11:09:53","modified_gmt":"2024-12-20T17:09:53","slug":"brandboard-template","status":"publish","type":"product","link":"https:\/\/matikali.com\/es\/product\/brandboard-template\/","title":{"rendered":"Brandboard template para entrega a cliente"},"content":{"rendered":"<p><em><strong>Notas:\u00a0<\/strong><\/em><\/p>\n<p>Las im\u00e1genes utilizadas tienen la finalidad de fungir como &#8220;Place holder&#8221;<\/p>\n<p>MatiKali \u00ae es una marca registrada y queda estrictamente prohibido revender este documento aun cuando se le hicieran &#8220;modificaciones&#8221;<\/p>\n<p>No hay cambios ni devoluciones.<\/p>","protected":false},"excerpt":{"rendered":"<p>El Brand board es una gu\u00eda del estilo visual de una marca.<\/p>\n<p>Es una herramienta super \u00fatil para reflejar todos los elementos de la identidad visual de una marca (Logo, variaciones de logo, tipograf\u00eda(s), paleta de color, patterns, ilustraciones complementar\u00edas, etc&#8230;)<\/p>","protected":false},"featured_media":3756,"template":"","meta":{"wds_primary_product_brand":0,"wds_primary_product_cat":0},"product_brand":[],"product_cat":[51],"product_tag":[],"class_list":{"0":"post-3759","1":"product","2":"type-product","3":"status-publish","4":"has-post-thumbnail","6":"product_cat-recursos-para-creativos","8":"first","9":"instock","10":"downloadable","11":"virtual","12":"purchasable","13":"product-type-simple"},"_links":{"self":[{"href":"https:\/\/matikali.com\/es\/wp-json\/wp\/v2\/product\/3759","targetHints":{"allow":["GET"]}}],"collection":[{"href":"https:\/\/matikali.com\/es\/wp-json\/wp\/v2\/product"}],"about":[{"href":"https:\/\/matikali.com\/es\/wp-json\/wp\/v2\/types\/product"}],"wp:featuredmedia":[{"embeddable":true,"href":"https:\/\/matikali.com\/es\/wp-json\/wp\/v2\/media\/3756"}],"wp:attachment":[{"href":"https:\/\/matikali.com\/es\/wp-json\/wp\/v2\/media?parent=3759"}],"wp:term":[{"taxonomy":"product_brand","embeddable":true,"href":"https:\/\/matikali.com\/es\/wp-json\/wp\/v2\/product_brand?post=3759"},{"taxonomy":"product_cat","embeddable":true,"href":"https:\/\/matikali.com\/es\/wp-json\/wp\/v2\/product_cat?post=3759"},{"taxonomy":"product_tag","embeddable":true,"href":"https:\/\/matikali.com\/es\/wp-json\/wp\/v2\/product_tag?post=3759"}],"curies":[{"name":"wp","href":"https:\/\/api.w.org\/{rel}","templated":true}]}}