{"id":8662,"date":"2023-09-16T15:53:07","date_gmt":"2023-09-16T21:53:07","guid":{"rendered":"https:\/\/matikali.com\/?post_type=product&#038;p=8662"},"modified":"2023-11-30T22:49:07","modified_gmt":"2023-12-01T04:49:07","slug":"asesorias-matikali-coaching","status":"publish","type":"product","link":"https:\/\/matikali.com\/es\/product\/asesorias-matikali-coaching\/","title":{"rendered":"Asesor\u00edas MatiKali &#8211; coaching"},"content":{"rendered":"","protected":false},"excerpt":{"rendered":"<p>\u00a1Hola! Por favor, selecciona el d\u00eda y la hora en la cual quieres agendar tu asesor\u00eda.<\/p>\n<p>\u2734 Antes de la asesor\u00eda recibir\u00e1s un formulario, te pedimos completes el formulario con al menos 10hrs de anticipaci\u00f3n, tus respuestas nos permitir\u00e1n preparar tu asesor\u00eda de la mejor manera. \u2734<\/p>\n<p>&nbsp;<\/p>\n<p>&nbsp;<\/p>","protected":false},"featured_media":2319,"template":"","meta":{"wds_primary_product_brand":0,"wds_primary_product_cat":0},"product_brand":[],"product_cat":[53],"product_tag":[],"class_list":{"0":"post-8662","1":"product","2":"type-product","3":"status-publish","4":"has-post-thumbnail","6":"product_cat-asesorias","8":"first","9":"instock","10":"virtual","11":"purchasable","12":"product-type-simple"},"_links":{"self":[{"href":"https:\/\/matikali.com\/es\/wp-json\/wp\/v2\/product\/8662","targetHints":{"allow":["GET"]}}],"collection":[{"href":"https:\/\/matikali.com\/es\/wp-json\/wp\/v2\/product"}],"about":[{"href":"https:\/\/matikali.com\/es\/wp-json\/wp\/v2\/types\/product"}],"wp:featuredmedia":[{"embeddable":true,"href":"https:\/\/matikali.com\/es\/wp-json\/wp\/v2\/media\/2319"}],"wp:attachment":[{"href":"https:\/\/matikali.com\/es\/wp-json\/wp\/v2\/media?parent=8662"}],"wp:term":[{"taxonomy":"product_brand","embeddable":true,"href":"https:\/\/matikali.com\/es\/wp-json\/wp\/v2\/product_brand?post=8662"},{"taxonomy":"product_cat","embeddable":true,"href":"https:\/\/matikali.com\/es\/wp-json\/wp\/v2\/product_cat?post=8662"},{"taxonomy":"product_tag","embeddable":true,"href":"https:\/\/matikali.com\/es\/wp-json\/wp\/v2\/product_tag?post=8662"}],"curies":[{"name":"wp","href":"https:\/\/api.w.org\/{rel}","templated":true}]}}